{"id":53124,"date":"2025-01-09T07:37:10","date_gmt":"2025-01-09T07:37:10","guid":{"rendered":"https:\/\/murter.riot.hr\/?post_type=product&#038;p=53124"},"modified":"2025-04-19T06:56:55","modified_gmt":"2025-04-19T05:56:55","slug":"appartamento-slanica-murter-pool-paradise-a41-id-158","status":"publish","type":"product","link":"https:\/\/murter-online.com\/it\/prodotto\/appartamento-slanica-murter-pool-paradise-a41-id-158\/","title":{"rendered":"Appartamento con piscina Slanica Pool Paradise Murter A4+1 ID 158"},"content":{"rendered":"","protected":false},"excerpt":{"rendered":"<p>L&#8217;appartamento con una bellissima vista mare si trova in un&#8217;ottima posizione a soli 70 metri dal mare. L&#8217;appartamento ha una superficie di 50 m2. Dispone di due camere da letto dove possono dormire 4 adulti. Ha un soggiorno. C&#8217;\u00e8 un divano letto supplementare che pu\u00f2 essere utilizzato per dormire. Dispone di un bagno con doccia. L&#8217;area del balcone \/ terrazzo \u00e8 di 5 m2. L&#8217;appartamento si trova al primo piano. L&#8217;appartamento \u00e8 dotato di TV, aria condizionata, forno. Il parcheggio \u00e8 previsto e incluso nel prezzo. L&#8217;appartamento si trova a circa 1200 m dal centro e 70 m dal mare o dalla prima spiaggia di Murter. Animali domestici su richiesta.<\/p>\n","protected":false},"featured_media":38148,"template":"","meta":{"_acf_changed":false},"product_brand":[],"product_cat":[161,160,132,162],"product_tag":[],"class_list":{"0":"post-53124","1":"product","2":"type-product","3":"status-publish","4":"has-post-thumbnail","6":"product_cat-appartamenti-con-piscina","7":"product_cat-appartamenti-con-vista-mare","8":"product_cat-appartamenti","9":"product_cat-appartamenti-per-famiglie","11":"first","12":"instock","13":"sold-individually","14":"shipping-taxable","15":"purchasable","16":"product-type-phive_booking"},"acf":[],"_links":{"self":[{"href":"https:\/\/murter-online.com\/it\/wp-json\/wp\/v2\/product\/53124","targetHints":{"allow":["GET"]}}],"collection":[{"href":"https:\/\/murter-online.com\/it\/wp-json\/wp\/v2\/product"}],"about":[{"href":"https:\/\/murter-online.com\/it\/wp-json\/wp\/v2\/types\/product"}],"wp:featuredmedia":[{"embeddable":true,"href":"https:\/\/murter-online.com\/it\/wp-json\/wp\/v2\/media\/38148"}],"wp:attachment":[{"href":"https:\/\/murter-online.com\/it\/wp-json\/wp\/v2\/media?parent=53124"}],"wp:term":[{"taxonomy":"product_brand","embeddable":true,"href":"https:\/\/murter-online.com\/it\/wp-json\/wp\/v2\/product_brand?post=53124"},{"taxonomy":"product_cat","embeddable":true,"href":"https:\/\/murter-online.com\/it\/wp-json\/wp\/v2\/product_cat?post=53124"},{"taxonomy":"product_tag","embeddable":true,"href":"https:\/\/murter-online.com\/it\/wp-json\/wp\/v2\/product_tag?post=53124"}],"curies":[{"name":"wp","href":"https:\/\/api.w.org\/{rel}","templated":true}]}}