{"id":53133,"date":"2025-01-09T07:57:44","date_gmt":"2025-01-09T07:57:44","guid":{"rendered":"https:\/\/murter.riot.hr\/?post_type=product&#038;p=53133"},"modified":"2025-04-19T07:02:50","modified_gmt":"2025-04-19T06:02:50","slug":"https-www-murter-online-com-uapartment-slanica-sea-view-a42-id-50-it-sd-75699text2-id-50-appartamento-slanica-vista-mare-a42-id-50-max-persone","status":"publish","type":"product","link":"https:\/\/murter-online.com\/it\/prodotto\/https-www-murter-online-com-uapartment-slanica-sea-view-a42-id-50-it-sd-75699text2-id-50-appartamento-slanica-vista-mare-a42-id-50-max-persone\/","title":{"rendered":"Appartmaneto con vista mare spiaggia Slanica Maria Murter A4+2 ID 50"},"content":{"rendered":"","protected":false},"excerpt":{"rendered":"<p>L&#8217;appartamento con una bellissima vista sul mare si trova in una posizione eccellente a soli 200 metri dal mare. L&#8217;appartamento ha una superficie di 60 m2. Dispone di due camere da letto che possono ospitare 4 adulti. Ha un soggiorno, che pu\u00f2 essere utilizzato per dormire &#8211; Ha un letto supplementare per una persona. Ha un bagno con doccia. L&#8217;area del balcone \/ terrazzo \u00e8 di 7 m2. L&#8217;appartamento si trova al secondo piano della casa. L&#8217;appartamento \u00e8 dotato di TV, aria condizionata, forno, connessione internet wifi gratuita. Il parcheggio \u00e8 fornito e incluso nel prezzo.<\/p>\n","protected":false},"featured_media":38320,"template":"","meta":{"_acf_changed":false},"product_brand":[],"product_cat":[160,132,162],"product_tag":[],"class_list":{"0":"post-53133","1":"product","2":"type-product","3":"status-publish","4":"has-post-thumbnail","6":"product_cat-appartamenti-con-vista-mare","7":"product_cat-appartamenti","8":"product_cat-appartamenti-per-famiglie","10":"first","11":"instock","12":"sold-individually","13":"shipping-taxable","14":"purchasable","15":"product-type-phive_booking"},"acf":[],"_links":{"self":[{"href":"https:\/\/murter-online.com\/it\/wp-json\/wp\/v2\/product\/53133","targetHints":{"allow":["GET"]}}],"collection":[{"href":"https:\/\/murter-online.com\/it\/wp-json\/wp\/v2\/product"}],"about":[{"href":"https:\/\/murter-online.com\/it\/wp-json\/wp\/v2\/types\/product"}],"wp:featuredmedia":[{"embeddable":true,"href":"https:\/\/murter-online.com\/it\/wp-json\/wp\/v2\/media\/38320"}],"wp:attachment":[{"href":"https:\/\/murter-online.com\/it\/wp-json\/wp\/v2\/media?parent=53133"}],"wp:term":[{"taxonomy":"product_brand","embeddable":true,"href":"https:\/\/murter-online.com\/it\/wp-json\/wp\/v2\/product_brand?post=53133"},{"taxonomy":"product_cat","embeddable":true,"href":"https:\/\/murter-online.com\/it\/wp-json\/wp\/v2\/product_cat?post=53133"},{"taxonomy":"product_tag","embeddable":true,"href":"https:\/\/murter-online.com\/it\/wp-json\/wp\/v2\/product_tag?post=53133"}],"curies":[{"name":"wp","href":"https:\/\/api.w.org\/{rel}","templated":true}]}}