{"id":53148,"date":"2025-01-09T09:28:35","date_gmt":"2025-01-09T09:28:35","guid":{"rendered":"https:\/\/murter.riot.hr\/?post_type=product&#038;p=53148"},"modified":"2025-04-18T09:41:41","modified_gmt":"2025-04-18T08:41:41","slug":"appartamento-tessitura-murter-a41-id-298","status":"publish","type":"product","link":"https:\/\/murter-online.com\/it\/prodotto\/appartamento-tessitura-murter-a41-id-298\/","title":{"rendered":"Appartamento con vista mare Tessitura Murter A4+1 ID 298"},"content":{"rendered":"","protected":false},"excerpt":{"rendered":"<p>Un bellissimo appartamento con due camere da letto si trova in una posizione tranquilla a Murter. L&#8217;appartamento ha due camere da letto dove possono dormire 4 adulti. L&#8217;appartamento ha un soggiorno con un letto supplementare che pu\u00f2 essere utilizzato per dormire. Nell&#8217;appartamento possono soggiornare complessivamente 5 persone. L&#8217;appartamento ha una cucina completamente attrezzata. La cucina \u00e8 dotata di forno, congelatore, tostapane, macchina per il caff\u00e8, bollitore, microonde, lavastoviglie. C&#8217;\u00e8 una lavatrice nel bagno. Dalla terrazza c&#8217;\u00e8 una bellissima vista sul mare. La spiaggia pi\u00f9 vicina \u00e8 \u010cigra\u0111a, a 7-10 minuti a piedi dall&#8217;appartamento. \u00c8 adatto a bambini e adulti.<\/p>\n","protected":false},"featured_media":38464,"template":"","meta":{"_acf_changed":false},"product_brand":[],"product_cat":[160,132,162],"product_tag":[],"class_list":{"0":"post-53148","1":"product","2":"type-product","3":"status-publish","4":"has-post-thumbnail","6":"product_cat-appartamenti-con-vista-mare","7":"product_cat-appartamenti","8":"product_cat-appartamenti-per-famiglie","10":"first","11":"instock","12":"sold-individually","13":"shipping-taxable","14":"purchasable","15":"product-type-phive_booking"},"acf":[],"_links":{"self":[{"href":"https:\/\/murter-online.com\/it\/wp-json\/wp\/v2\/product\/53148","targetHints":{"allow":["GET"]}}],"collection":[{"href":"https:\/\/murter-online.com\/it\/wp-json\/wp\/v2\/product"}],"about":[{"href":"https:\/\/murter-online.com\/it\/wp-json\/wp\/v2\/types\/product"}],"wp:featuredmedia":[{"embeddable":true,"href":"https:\/\/murter-online.com\/it\/wp-json\/wp\/v2\/media\/38464"}],"wp:attachment":[{"href":"https:\/\/murter-online.com\/it\/wp-json\/wp\/v2\/media?parent=53148"}],"wp:term":[{"taxonomy":"product_brand","embeddable":true,"href":"https:\/\/murter-online.com\/it\/wp-json\/wp\/v2\/product_brand?post=53148"},{"taxonomy":"product_cat","embeddable":true,"href":"https:\/\/murter-online.com\/it\/wp-json\/wp\/v2\/product_cat?post=53148"},{"taxonomy":"product_tag","embeddable":true,"href":"https:\/\/murter-online.com\/it\/wp-json\/wp\/v2\/product_tag?post=53148"}],"curies":[{"name":"wp","href":"https:\/\/api.w.org\/{rel}","templated":true}]}}