{"id":53156,"date":"2025-01-09T09:45:45","date_gmt":"2025-01-09T09:45:45","guid":{"rendered":"https:\/\/murter.riot.hr\/?post_type=product&#038;p=53156"},"modified":"2025-04-18T09:51:34","modified_gmt":"2025-04-18T08:51:34","slug":"appartamento-turisticka-kornati-top-view-a41-id-147","status":"publish","type":"product","link":"https:\/\/murter-online.com\/it\/prodotto\/appartamento-turisticka-kornati-top-view-a41-id-147\/","title":{"rendered":"Appartamento con vista mare Turisti\u010dka Kornati Murter A4+1 ID 147"},"content":{"rendered":"","protected":false},"excerpt":{"rendered":"<p>L&#8217;appartamento con una bellissima vista mare si trova in ottima posizione a soli 70 metri dal mare. L&#8217;appartamento ha una superficie di 60 m2. Dispone di due camere da letto dove possono dormire 4 adulti. Ha un soggiorno che pu\u00f2 essere utilizzato per dormire. Dispone di un bagno con doccia. L&#8217;area del balcone \/ terrazzo \u00e8 di 10 m2. L&#8217;appartamento si trova al secondo piano della casa. L&#8217;appartamento \u00e8 dotato di TV, aria condizionata, WiFi gratuito. Il parcheggio \u00e8 previsto e incluso nel prezzo. Animali domestici su richiesta.<\/p>\n","protected":false},"featured_media":38588,"template":"","meta":{"_acf_changed":false},"product_brand":[],"product_cat":[160,132,162],"product_tag":[],"class_list":{"0":"post-53156","1":"product","2":"type-product","3":"status-publish","4":"has-post-thumbnail","6":"product_cat-appartamenti-con-vista-mare","7":"product_cat-appartamenti","8":"product_cat-appartamenti-per-famiglie","10":"first","11":"instock","12":"sold-individually","13":"shipping-taxable","14":"purchasable","15":"product-type-phive_booking"},"acf":[],"_links":{"self":[{"href":"https:\/\/murter-online.com\/it\/wp-json\/wp\/v2\/product\/53156","targetHints":{"allow":["GET"]}}],"collection":[{"href":"https:\/\/murter-online.com\/it\/wp-json\/wp\/v2\/product"}],"about":[{"href":"https:\/\/murter-online.com\/it\/wp-json\/wp\/v2\/types\/product"}],"wp:featuredmedia":[{"embeddable":true,"href":"https:\/\/murter-online.com\/it\/wp-json\/wp\/v2\/media\/38588"}],"wp:attachment":[{"href":"https:\/\/murter-online.com\/it\/wp-json\/wp\/v2\/media?parent=53156"}],"wp:term":[{"taxonomy":"product_brand","embeddable":true,"href":"https:\/\/murter-online.com\/it\/wp-json\/wp\/v2\/product_brand?post=53156"},{"taxonomy":"product_cat","embeddable":true,"href":"https:\/\/murter-online.com\/it\/wp-json\/wp\/v2\/product_cat?post=53156"},{"taxonomy":"product_tag","embeddable":true,"href":"https:\/\/murter-online.com\/it\/wp-json\/wp\/v2\/product_tag?post=53156"}],"curies":[{"name":"wp","href":"https:\/\/api.w.org\/{rel}","templated":true}]}}