{"id":53165,"date":"2025-01-09T10:06:20","date_gmt":"2025-01-09T10:06:20","guid":{"rendered":"https:\/\/murter.riot.hr\/?post_type=product&#038;p=53165"},"modified":"2025-04-18T09:56:32","modified_gmt":"2025-04-18T08:56:32","slug":"appartamento-turisticka-kornati-view-a41-id-140","status":"publish","type":"product","link":"https:\/\/murter-online.com\/it\/prodotto\/appartamento-turisticka-kornati-view-a41-id-140\/","title":{"rendered":"Appartamento con vista mare Turisti\u010dka Kornati A4+1 ID 140"},"content":{"rendered":"","protected":false},"excerpt":{"rendered":"<div align=\"center\">\n<div class=\"max_width\" align=\"left\">\n<div>\n<div>L&#8217;appartamento con una bellissima vista mare si trova in ottima posizione a soli 70 metri dal mare. L&#8217;appartamento ha una superficie di 60 m2. Dispone di due camere da letto dove possono dormire 4 adulti. Ha un soggiorno. Dispone di un bagno con doccia. L&#8217;area del balcone \/ terrazzo \u00e8 di 10 m2. L&#8217;appartamento si trova al primo piano della casa. L&#8217;appartamento \u00e8 dotato di TV, aria condizionata, WiFi gratuito. Il parcheggio \u00e8 previsto e incluso nel prezzo. Animali domestici su richiesta.<\/div>\n<\/div>\n<\/div>\n<\/div>\n<div align=\"center\">\n<div><\/div>\n<div><\/div>\n<\/div>\n","protected":false},"featured_media":38708,"template":"","meta":{"_acf_changed":false},"product_brand":[],"product_cat":[160,132,162],"product_tag":[],"class_list":{"0":"post-53165","1":"product","2":"type-product","3":"status-publish","4":"has-post-thumbnail","6":"product_cat-appartamenti-con-vista-mare","7":"product_cat-appartamenti","8":"product_cat-appartamenti-per-famiglie","10":"first","11":"instock","12":"sold-individually","13":"shipping-taxable","14":"purchasable","15":"product-type-phive_booking"},"acf":[],"_links":{"self":[{"href":"https:\/\/murter-online.com\/it\/wp-json\/wp\/v2\/product\/53165","targetHints":{"allow":["GET"]}}],"collection":[{"href":"https:\/\/murter-online.com\/it\/wp-json\/wp\/v2\/product"}],"about":[{"href":"https:\/\/murter-online.com\/it\/wp-json\/wp\/v2\/types\/product"}],"wp:featuredmedia":[{"embeddable":true,"href":"https:\/\/murter-online.com\/it\/wp-json\/wp\/v2\/media\/38708"}],"wp:attachment":[{"href":"https:\/\/murter-online.com\/it\/wp-json\/wp\/v2\/media?parent=53165"}],"wp:term":[{"taxonomy":"product_brand","embeddable":true,"href":"https:\/\/murter-online.com\/it\/wp-json\/wp\/v2\/product_brand?post=53165"},{"taxonomy":"product_cat","embeddable":true,"href":"https:\/\/murter-online.com\/it\/wp-json\/wp\/v2\/product_cat?post=53165"},{"taxonomy":"product_tag","embeddable":true,"href":"https:\/\/murter-online.com\/it\/wp-json\/wp\/v2\/product_tag?post=53165"}],"curies":[{"name":"wp","href":"https:\/\/api.w.org\/{rel}","templated":true}]}}