{"id":53170,"date":"2025-01-09T10:28:27","date_gmt":"2025-01-09T10:28:27","guid":{"rendered":"https:\/\/murter.riot.hr\/?post_type=product&#038;p=53170"},"modified":"2025-04-19T06:36:38","modified_gmt":"2025-04-19T05:36:38","slug":"appartamento-turisticka-slanica-beach-a4-id-139","status":"publish","type":"product","link":"https:\/\/murter-online.com\/it\/prodotto\/appartamento-turisticka-slanica-beach-a4-id-139\/","title":{"rendered":"Appartamento con vista mare Turisti\u010dka spiaggia Slanica A4 ID 139"},"content":{"rendered":"","protected":false},"excerpt":{"rendered":"<p>L&#8217;appartamento con una bellissima vista mare si trova in un&#8217;ottima posizione a soli 70 metri dal mare. L&#8217;appartamento ha una superficie di 60 m2. Dispone di due camere da letto dove possono dormire 4 adulti. Ha un soggiorno. Dispone di un bagno con doccia. L&#8217;area del balcone \/ terrazzo \u00e8 di 10 m2. L&#8217;appartamento si trova al primo piano. L&#8217;appartamento \u00e8 dotato di TV, aria condizionata. Il parcheggio \u00e8 previsto e incluso nel prezzo. Animali domestici su richiesta.<\/p>\n","protected":false},"featured_media":38832,"template":"","meta":{"_acf_changed":false},"product_brand":[],"product_cat":[160,132,162],"product_tag":[],"class_list":{"0":"post-53170","1":"product","2":"type-product","3":"status-publish","4":"has-post-thumbnail","6":"product_cat-appartamenti-con-vista-mare","7":"product_cat-appartamenti","8":"product_cat-appartamenti-per-famiglie","10":"first","11":"instock","12":"sold-individually","13":"shipping-taxable","14":"purchasable","15":"product-type-phive_booking"},"acf":[],"_links":{"self":[{"href":"https:\/\/murter-online.com\/it\/wp-json\/wp\/v2\/product\/53170","targetHints":{"allow":["GET"]}}],"collection":[{"href":"https:\/\/murter-online.com\/it\/wp-json\/wp\/v2\/product"}],"about":[{"href":"https:\/\/murter-online.com\/it\/wp-json\/wp\/v2\/types\/product"}],"wp:featuredmedia":[{"embeddable":true,"href":"https:\/\/murter-online.com\/it\/wp-json\/wp\/v2\/media\/38832"}],"wp:attachment":[{"href":"https:\/\/murter-online.com\/it\/wp-json\/wp\/v2\/media?parent=53170"}],"wp:term":[{"taxonomy":"product_brand","embeddable":true,"href":"https:\/\/murter-online.com\/it\/wp-json\/wp\/v2\/product_brand?post=53170"},{"taxonomy":"product_cat","embeddable":true,"href":"https:\/\/murter-online.com\/it\/wp-json\/wp\/v2\/product_cat?post=53170"},{"taxonomy":"product_tag","embeddable":true,"href":"https:\/\/murter-online.com\/it\/wp-json\/wp\/v2\/product_tag?post=53170"}],"curies":[{"name":"wp","href":"https:\/\/api.w.org\/{rel}","templated":true}]}}