{"id":53182,"date":"2025-01-09T11:28:35","date_gmt":"2025-01-09T11:28:35","guid":{"rendered":"https:\/\/murter.riot.hr\/?post_type=product&#038;p=53182"},"modified":"2025-02-02T16:48:04","modified_gmt":"2025-02-02T16:48:04","slug":"appartamento-con-bellissima-vista-sul-mare-murter-podraduc-a3-id-291","status":"publish","type":"product","link":"https:\/\/murter-online.com\/it\/prodotto\/appartamento-con-bellissima-vista-sul-mare-murter-podraduc-a3-id-291\/","title":{"rendered":"Appartamento con bellissima vista sul mare Murter Podradu\u010d A3 ID 291"},"content":{"rendered":"","protected":false},"excerpt":{"rendered":"<p>Appartamento con due camere da letto con bellissima vista sul mare delle isole Kornati! L&#8217;appartamento si trova in un&#8217;ottima posizione a Murter. L&#8217;appartamento \u00e8 a soli 50 metri dal mare. C&#8217;\u00e8 un parcheggio gratuito di fronte all&#8217;appartamento. L&#8217;appartamento \u00e8 dotato di aria condizionata, internet Wi-Fi, lavastoviglie, lavatrice. La cucina \u00e8 completamente equipaggiata.<\/p>\n","protected":false},"featured_media":39008,"template":"","meta":{"_acf_changed":false},"product_brand":[],"product_cat":[160,132,162],"product_tag":[],"class_list":{"0":"post-53182","1":"product","2":"type-product","3":"status-publish","4":"has-post-thumbnail","6":"product_cat-appartamenti-con-vista-mare","7":"product_cat-appartamenti","8":"product_cat-appartamenti-per-famiglie","10":"first","11":"instock","12":"sold-individually","13":"shipping-taxable","14":"purchasable","15":"product-type-phive_booking"},"acf":[],"_links":{"self":[{"href":"https:\/\/murter-online.com\/it\/wp-json\/wp\/v2\/product\/53182","targetHints":{"allow":["GET"]}}],"collection":[{"href":"https:\/\/murter-online.com\/it\/wp-json\/wp\/v2\/product"}],"about":[{"href":"https:\/\/murter-online.com\/it\/wp-json\/wp\/v2\/types\/product"}],"wp:featuredmedia":[{"embeddable":true,"href":"https:\/\/murter-online.com\/it\/wp-json\/wp\/v2\/media\/39008"}],"wp:attachment":[{"href":"https:\/\/murter-online.com\/it\/wp-json\/wp\/v2\/media?parent=53182"}],"wp:term":[{"taxonomy":"product_brand","embeddable":true,"href":"https:\/\/murter-online.com\/it\/wp-json\/wp\/v2\/product_brand?post=53182"},{"taxonomy":"product_cat","embeddable":true,"href":"https:\/\/murter-online.com\/it\/wp-json\/wp\/v2\/product_cat?post=53182"},{"taxonomy":"product_tag","embeddable":true,"href":"https:\/\/murter-online.com\/it\/wp-json\/wp\/v2\/product_tag?post=53182"}],"curies":[{"name":"wp","href":"https:\/\/api.w.org\/{rel}","templated":true}]}}