{"id":53187,"date":"2025-01-09T11:48:31","date_gmt":"2025-01-09T11:48:31","guid":{"rendered":"https:\/\/murter.riot.hr\/?post_type=product&#038;p=53187"},"modified":"2025-04-19T07:21:39","modified_gmt":"2025-04-19T06:21:39","slug":"appartamento-con-posto-barca-murter-a4-1-id-216","status":"publish","type":"product","link":"https:\/\/murter-online.com\/it\/prodotto\/appartamento-con-posto-barca-murter-a4-1-id-216\/","title":{"rendered":"Appartamento con posto per la barca Jersani Podvr\u0161ke Murter A4 + 1 ID 216"},"content":{"rendered":"","protected":false},"excerpt":{"rendered":"<div align=\"center\">\n<div class=\"max_width\" align=\"left\">\n<div>\n<div>Appartamento per max. 5 persone in un&#8217;ottima posizione a Murter. L&#8217;appartamento si trova a 150 metri dal mare ea 350 metri dalla spiaggia di sabbia Podvr\u0161ke. L&#8217;ormeggio della barca \u00e8 incluso nel prezzo dell&#8217;appartamento. L&#8217;appartamento si trova al secondo piano e gode di vista mare. La cucina \u00e8 completamente equipaggiata. Il parcheggio \u00e8 gratuito per gli ospiti degli appartamenti. C&#8217;\u00e8 una griglia all&#8217;aperto che pu\u00f2 essere utilizzata.<\/div>\n<\/div>\n<\/div>\n<\/div>\n<div align=\"center\"><\/div>\n","protected":false},"featured_media":39104,"template":"","meta":{"_acf_changed":false},"product_brand":[],"product_cat":[163,160,132,162],"product_tag":[],"class_list":{"0":"post-53187","1":"product","2":"type-product","3":"status-publish","4":"has-post-thumbnail","6":"product_cat-appartamenti-con-posto-barca","7":"product_cat-appartamenti-con-vista-mare","8":"product_cat-appartamenti","9":"product_cat-appartamenti-per-famiglie","11":"first","12":"instock","13":"sold-individually","14":"shipping-taxable","15":"purchasable","16":"product-type-phive_booking"},"acf":[],"_links":{"self":[{"href":"https:\/\/murter-online.com\/it\/wp-json\/wp\/v2\/product\/53187","targetHints":{"allow":["GET"]}}],"collection":[{"href":"https:\/\/murter-online.com\/it\/wp-json\/wp\/v2\/product"}],"about":[{"href":"https:\/\/murter-online.com\/it\/wp-json\/wp\/v2\/types\/product"}],"wp:featuredmedia":[{"embeddable":true,"href":"https:\/\/murter-online.com\/it\/wp-json\/wp\/v2\/media\/39104"}],"wp:attachment":[{"href":"https:\/\/murter-online.com\/it\/wp-json\/wp\/v2\/media?parent=53187"}],"wp:term":[{"taxonomy":"product_brand","embeddable":true,"href":"https:\/\/murter-online.com\/it\/wp-json\/wp\/v2\/product_brand?post=53187"},{"taxonomy":"product_cat","embeddable":true,"href":"https:\/\/murter-online.com\/it\/wp-json\/wp\/v2\/product_cat?post=53187"},{"taxonomy":"product_tag","embeddable":true,"href":"https:\/\/murter-online.com\/it\/wp-json\/wp\/v2\/product_tag?post=53187"}],"curies":[{"name":"wp","href":"https:\/\/api.w.org\/{rel}","templated":true}]}}