{"id":53197,"date":"2025-01-09T12:44:27","date_gmt":"2025-01-09T12:44:27","guid":{"rendered":"https:\/\/murter.riot.hr\/?post_type=product&#038;p=53197"},"modified":"2025-02-02T17:13:45","modified_gmt":"2025-02-02T17:13:45","slug":"appartamento-con-posto-barca-murter-podvrske-a41-id-218","status":"publish","type":"product","link":"https:\/\/murter-online.com\/it\/prodotto\/appartamento-con-posto-barca-murter-podvrske-a41-id-218\/","title":{"rendered":"Appartamento con posto barca Murter Podvr\u0161ke A4+1 ID 218"},"content":{"rendered":"","protected":false},"excerpt":{"rendered":"<p>Appartamento per max. 5 persone in un&#8217;ottima posizione a Murter. L&#8217;appartamento si trova a 150 metri dal mare ea 350 metri dalla spiaggia di sabbia Podvr\u0161ke. L&#8217;ormeggio della barca \u00e8 incluso nel prezzo dell&#8217;appartamento. L&#8217;appartamento si trova al primo piano e ha una vista sul giardino. La cucina \u00e8 completamente equipaggiata. Il parcheggio \u00e8 gratuito per gli ospiti degli appartamenti. C&#8217;\u00e8 una griglia all&#8217;aperto che pu\u00f2 essere utilizzata.<\/p>\n","protected":false},"featured_media":39360,"template":"","meta":{"_acf_changed":false},"product_brand":[],"product_cat":[163,132,162],"product_tag":[],"class_list":{"0":"post-53197","1":"product","2":"type-product","3":"status-publish","4":"has-post-thumbnail","6":"product_cat-appartamenti-con-posto-barca","7":"product_cat-appartamenti","8":"product_cat-appartamenti-per-famiglie","10":"first","11":"instock","12":"sold-individually","13":"shipping-taxable","14":"purchasable","15":"product-type-phive_booking"},"acf":[],"_links":{"self":[{"href":"https:\/\/murter-online.com\/it\/wp-json\/wp\/v2\/product\/53197","targetHints":{"allow":["GET"]}}],"collection":[{"href":"https:\/\/murter-online.com\/it\/wp-json\/wp\/v2\/product"}],"about":[{"href":"https:\/\/murter-online.com\/it\/wp-json\/wp\/v2\/types\/product"}],"wp:featuredmedia":[{"embeddable":true,"href":"https:\/\/murter-online.com\/it\/wp-json\/wp\/v2\/media\/39360"}],"wp:attachment":[{"href":"https:\/\/murter-online.com\/it\/wp-json\/wp\/v2\/media?parent=53197"}],"wp:term":[{"taxonomy":"product_brand","embeddable":true,"href":"https:\/\/murter-online.com\/it\/wp-json\/wp\/v2\/product_brand?post=53197"},{"taxonomy":"product_cat","embeddable":true,"href":"https:\/\/murter-online.com\/it\/wp-json\/wp\/v2\/product_cat?post=53197"},{"taxonomy":"product_tag","embeddable":true,"href":"https:\/\/murter-online.com\/it\/wp-json\/wp\/v2\/product_tag?post=53197"}],"curies":[{"name":"wp","href":"https:\/\/api.w.org\/{rel}","templated":true}]}}