{"id":53209,"date":"2025-01-09T14:16:25","date_gmt":"2025-01-09T14:16:25","guid":{"rendered":"https:\/\/murter.riot.hr\/?post_type=product&#038;p=53209"},"modified":"2025-02-02T19:08:54","modified_gmt":"2025-02-02T19:08:54","slug":"appartamento-con-piscina-a-murter-a42-id-285","status":"publish","type":"product","link":"https:\/\/murter-online.com\/it\/prodotto\/appartamento-con-piscina-a-murter-a42-id-285\/","title":{"rendered":"Appartamento con piscina a Murter A4+2 ID 285"},"content":{"rendered":"","protected":false},"excerpt":{"rendered":"<p>L&#8217;appartamento per un totale di 6 adulti si trova al piano terra della casa. L&#8217;appartamento ha due camere da letto dove possono dormire 4 adulti, c&#8217;\u00e8 un letto supplementare (divano) nel soggiorno, che pu\u00f2 essere utilizzato per dormire. L&#8217;appartamento ha accesso ad un cortile privato con piscina. C&#8217;\u00e8 una doccia esterna davanti all&#8217;appartamento e la griglia. Il parcheggio per l&#8217;auto si trova di fronte alla casa. L&#8217;appartamento dispone di Wi-Fi e TV LCD da 65&#8243; + PS4. La TV LCD \u00e8 nelle camere da letto. La cucina \u00e8 dotata di macchina da caff\u00e8 Nespresso, tostapane, microonde, bollitore, lavastoviglie. L&#8217;appartamento \u00e8 dotato di lavatrice. Su richiesta sono disponibili un lettino e una mangiatoia. Il costo della pulizia \u00e8 di \u20ac 60 e non \u00e8 incluso nel prezzo. La tassa di soggiorno \u00e8 di \u20ac 1,50 e non \u00e8 inclusa nel prezzo. I ragazzi fino a 12 anni sono esenti dal pagamento della tassa di soggiorno, mentre i ragazzi dai 12 ai 18 anni pagano il 50% del prezzo.<\/p>\n","protected":false},"featured_media":39588,"template":"","meta":{"_acf_changed":false},"product_brand":[],"product_cat":[161],"product_tag":[],"class_list":{"0":"post-53209","1":"product","2":"type-product","3":"status-publish","4":"has-post-thumbnail","6":"product_cat-appartamenti-con-piscina","8":"first","9":"instock","10":"sold-individually","11":"shipping-taxable","12":"purchasable","13":"product-type-phive_booking"},"acf":[],"_links":{"self":[{"href":"https:\/\/murter-online.com\/it\/wp-json\/wp\/v2\/product\/53209","targetHints":{"allow":["GET"]}}],"collection":[{"href":"https:\/\/murter-online.com\/it\/wp-json\/wp\/v2\/product"}],"about":[{"href":"https:\/\/murter-online.com\/it\/wp-json\/wp\/v2\/types\/product"}],"wp:featuredmedia":[{"embeddable":true,"href":"https:\/\/murter-online.com\/it\/wp-json\/wp\/v2\/media\/39588"}],"wp:attachment":[{"href":"https:\/\/murter-online.com\/it\/wp-json\/wp\/v2\/media?parent=53209"}],"wp:term":[{"taxonomy":"product_brand","embeddable":true,"href":"https:\/\/murter-online.com\/it\/wp-json\/wp\/v2\/product_brand?post=53209"},{"taxonomy":"product_cat","embeddable":true,"href":"https:\/\/murter-online.com\/it\/wp-json\/wp\/v2\/product_cat?post=53209"},{"taxonomy":"product_tag","embeddable":true,"href":"https:\/\/murter-online.com\/it\/wp-json\/wp\/v2\/product_tag?post=53209"}],"curies":[{"name":"wp","href":"https:\/\/api.w.org\/{rel}","templated":true}]}}