{"id":53220,"date":"2025-01-09T16:18:33","date_gmt":"2025-01-09T16:18:33","guid":{"rendered":"https:\/\/murter.riot.hr\/?post_type=product&#038;p=53220"},"modified":"2025-04-19T07:54:03","modified_gmt":"2025-04-19T06:54:03","slug":"appartamento-vista-mare-murter-4-1-id-220","status":"publish","type":"product","link":"https:\/\/murter-online.com\/it\/prodotto\/appartamento-vista-mare-murter-4-1-id-220\/","title":{"rendered":"Appartamento Murter con vista mare 4 + 1 ID 220"},"content":{"rendered":"","protected":false},"excerpt":{"rendered":"<p>Appartamento con vista panoramica sul mare a Murter. L&#8217;appartamento ha due camere da letto dove possono dormire 4 adulti, c&#8217;\u00e8 un soggiorno con un divano letto che pu\u00f2 essere usato per dormire. La cucina \u00e8 completamente equipaggiata. Per gli ospiti degli appartamenti \u00e8 previsto un parcheggio gratuito nel cortile. C&#8217;\u00e8 una griglia all&#8217;aperto che pu\u00f2 essere utilizzata. L&#8217;appartamento \u00e8 in un&#8217;ottima posizione. La spiaggia cittadina Luca, la spiaggia sabbiosa Slanica e il centro del paese sono raggiungibili a piedi.Il listino prezzi \u00e8 valido per 4 persone.<\/p>\n","protected":false},"featured_media":39892,"template":"","meta":{"_acf_changed":false},"product_brand":[],"product_cat":[160,132,162],"product_tag":[],"class_list":{"0":"post-53220","1":"product","2":"type-product","3":"status-publish","4":"has-post-thumbnail","6":"product_cat-appartamenti-con-vista-mare","7":"product_cat-appartamenti","8":"product_cat-appartamenti-per-famiglie","10":"first","11":"instock","12":"sold-individually","13":"shipping-taxable","14":"purchasable","15":"product-type-phive_booking"},"acf":[],"_links":{"self":[{"href":"https:\/\/murter-online.com\/it\/wp-json\/wp\/v2\/product\/53220","targetHints":{"allow":["GET"]}}],"collection":[{"href":"https:\/\/murter-online.com\/it\/wp-json\/wp\/v2\/product"}],"about":[{"href":"https:\/\/murter-online.com\/it\/wp-json\/wp\/v2\/types\/product"}],"wp:featuredmedia":[{"embeddable":true,"href":"https:\/\/murter-online.com\/it\/wp-json\/wp\/v2\/media\/39892"}],"wp:attachment":[{"href":"https:\/\/murter-online.com\/it\/wp-json\/wp\/v2\/media?parent=53220"}],"wp:term":[{"taxonomy":"product_brand","embeddable":true,"href":"https:\/\/murter-online.com\/it\/wp-json\/wp\/v2\/product_brand?post=53220"},{"taxonomy":"product_cat","embeddable":true,"href":"https:\/\/murter-online.com\/it\/wp-json\/wp\/v2\/product_cat?post=53220"},{"taxonomy":"product_tag","embeddable":true,"href":"https:\/\/murter-online.com\/it\/wp-json\/wp\/v2\/product_tag?post=53220"}],"curies":[{"name":"wp","href":"https:\/\/api.w.org\/{rel}","templated":true}]}}