{"id":53223,"date":"2025-01-09T16:33:42","date_gmt":"2025-01-09T16:33:42","guid":{"rendered":"https:\/\/murter.riot.hr\/?post_type=product&#038;p=53223"},"modified":"2025-04-19T08:19:52","modified_gmt":"2025-04-19T07:19:52","slug":"appartamento-zutska-luke-beach-a4-id-114","status":"publish","type":"product","link":"https:\/\/murter-online.com\/it\/prodotto\/appartamento-zutska-luke-beach-a4-id-114\/","title":{"rendered":"Appartamento con vista mare \u017dutska Luke Beach A4 ID 114"},"content":{"rendered":"","protected":false},"excerpt":{"rendered":"<p>L&#8217;appartamento con una bellissima vista sul mare si trova in una posizione eccellente solo 250 metri dal mare. L&#8217;appartamento ha una superficie di 50 m2. ha due camere da letto dove possono dormire 4 adulti. Ha un soggiorno. Ha un bagno con doccia. L&#8217;area della terrazza\/balcone \u00e8 8 m2. L&#8217;appartamento si trova al primo piano della casa. L&#8217;appartamento \u00e8 dotato di tv, aria condizionata, forno. Il parcheggio \u00e8 assicurato e incluso nel prezzo. C&#8217;\u00e8 una griglia esterna che pu\u00f2 essere utilizzata. Gli animali domestici sono ammessi ad un costo aggiuntivo.<\/p>\n","protected":false},"featured_media":39996,"template":"","meta":{"_acf_changed":false},"product_brand":[],"product_cat":[160,132,162],"product_tag":[],"class_list":{"0":"post-53223","1":"product","2":"type-product","3":"status-publish","4":"has-post-thumbnail","6":"product_cat-appartamenti-con-vista-mare","7":"product_cat-appartamenti","8":"product_cat-appartamenti-per-famiglie","10":"first","11":"instock","12":"sold-individually","13":"shipping-taxable","14":"purchasable","15":"product-type-phive_booking"},"acf":[],"_links":{"self":[{"href":"https:\/\/murter-online.com\/it\/wp-json\/wp\/v2\/product\/53223","targetHints":{"allow":["GET"]}}],"collection":[{"href":"https:\/\/murter-online.com\/it\/wp-json\/wp\/v2\/product"}],"about":[{"href":"https:\/\/murter-online.com\/it\/wp-json\/wp\/v2\/types\/product"}],"wp:featuredmedia":[{"embeddable":true,"href":"https:\/\/murter-online.com\/it\/wp-json\/wp\/v2\/media\/39996"}],"wp:attachment":[{"href":"https:\/\/murter-online.com\/it\/wp-json\/wp\/v2\/media?parent=53223"}],"wp:term":[{"taxonomy":"product_brand","embeddable":true,"href":"https:\/\/murter-online.com\/it\/wp-json\/wp\/v2\/product_brand?post=53223"},{"taxonomy":"product_cat","embeddable":true,"href":"https:\/\/murter-online.com\/it\/wp-json\/wp\/v2\/product_cat?post=53223"},{"taxonomy":"product_tag","embeddable":true,"href":"https:\/\/murter-online.com\/it\/wp-json\/wp\/v2\/product_tag?post=53223"}],"curies":[{"name":"wp","href":"https:\/\/api.w.org\/{rel}","templated":true}]}}