{"id":53499,"date":"2025-01-08T17:48:01","date_gmt":"2025-01-08T17:48:01","guid":{"rendered":"https:\/\/murter.riot.hr\/?post_type=product&#038;p=53499"},"modified":"2025-03-29T18:26:32","modified_gmt":"2025-03-29T17:26:32","slug":"casa-per-le-vacanze-in-famiglia-a-murter-a42-id-272","status":"publish","type":"product","link":"https:\/\/murter-online.com\/it\/prodotto\/casa-per-le-vacanze-in-famiglia-a-murter-a42-id-272\/","title":{"rendered":"Casa vacanze Murter A4+2 ID 272"},"content":{"rendered":"","protected":false},"excerpt":{"rendered":"<p>Questa graziosa casa vacanza per famiglie con due camere da letto si trova in una posizione tranquilla e silenziosa a Murter. \u00c8 un edificio indipendente con due camere da letto dove possono dormire 4 adulti, c&#8217;\u00e8 un letto extra (divano) nel soggiorno che pu\u00f2 essere utilizzato per dormire. La casa \u00e8 dotata di aria condizionata, internet WiFi, TV, lavatrice. La cucina \u00e8 completamente equipaggiata. La spiaggia di Zdra\u010de a Betina dista 550 metri. La spiaggia \u00e8 adatta ai bambini. Il centro dista 250 metri. La casa ha una bellissima terrazza recintata e un barbecue che pu\u00f2 essere utilizzato gratuitamente. Dispone di un parcheggio coperto incluso nel prezzo dell&#8217;appartamento. Questa casa \u00e8 adatta a famiglie con bambini.<\/p>\n","protected":false},"featured_media":35470,"template":"","meta":{"_acf_changed":false},"product_brand":[],"product_cat":[132,162,166],"product_tag":[],"class_list":{"0":"post-53499","1":"product","2":"type-product","3":"status-publish","4":"has-post-thumbnail","6":"product_cat-appartamenti","7":"product_cat-appartamenti-per-famiglie","8":"product_cat-case-vacanze","10":"first","11":"instock","12":"sold-individually","13":"shipping-taxable","14":"purchasable","15":"product-type-phive_booking"},"acf":[],"_links":{"self":[{"href":"https:\/\/murter-online.com\/it\/wp-json\/wp\/v2\/product\/53499","targetHints":{"allow":["GET"]}}],"collection":[{"href":"https:\/\/murter-online.com\/it\/wp-json\/wp\/v2\/product"}],"about":[{"href":"https:\/\/murter-online.com\/it\/wp-json\/wp\/v2\/types\/product"}],"wp:featuredmedia":[{"embeddable":true,"href":"https:\/\/murter-online.com\/it\/wp-json\/wp\/v2\/media\/35470"}],"wp:attachment":[{"href":"https:\/\/murter-online.com\/it\/wp-json\/wp\/v2\/media?parent=53499"}],"wp:term":[{"taxonomy":"product_brand","embeddable":true,"href":"https:\/\/murter-online.com\/it\/wp-json\/wp\/v2\/product_brand?post=53499"},{"taxonomy":"product_cat","embeddable":true,"href":"https:\/\/murter-online.com\/it\/wp-json\/wp\/v2\/product_cat?post=53499"},{"taxonomy":"product_tag","embeddable":true,"href":"https:\/\/murter-online.com\/it\/wp-json\/wp\/v2\/product_tag?post=53499"}],"curies":[{"name":"wp","href":"https:\/\/api.w.org\/{rel}","templated":true}]}}