{"id":53505,"date":"2025-01-08T17:57:53","date_gmt":"2025-01-08T17:57:53","guid":{"rendered":"https:\/\/murter.riot.hr\/?post_type=product&#038;p=53505"},"modified":"2025-03-29T18:43:34","modified_gmt":"2025-03-29T17:43:34","slug":"casa-vacanza-vicino-alla-spiaggia-slanica-a42","status":"publish","type":"product","link":"https:\/\/murter-online.com\/it\/prodotto\/casa-vacanza-vicino-alla-spiaggia-slanica-a42\/","title":{"rendered":"Casa vacanza Murter vicino alla spiaggia Slanica A4+2"},"content":{"rendered":"","protected":false},"excerpt":{"rendered":"<p>Una bellissima casa per le vacanze in famiglia vicino alla spiaggia di Slanica. La casa si trova in un posto tranquillo. La casa dispone di due camere da letto dove possono dormire 4 adulti. C&#8217;\u00e8 un letto supplementare nel soggiorno dove pu\u00f2 dormire 1 adulto o 2 bambini. Se vuoi andare alla spiaggia di Slanica ci vorranno 4 minuti a piedi, se vuoi andare al centro ci vorranno 7-10 minuti a piedi. La casa \u00e8 completamente attrezzata. La casa \u00e8 dotata di aria condizionata, internet WiFi, bollitore e macchina per il caff\u00e8. La casa dispone di parcheggio e barbecue che pu\u00f2 essere utilizzato gratuitamente.<\/p>\n","protected":false},"featured_media":35671,"template":"","meta":{"_acf_changed":false},"product_brand":[],"product_cat":[132,162,166],"product_tag":[],"class_list":{"0":"post-53505","1":"product","2":"type-product","3":"status-publish","4":"has-post-thumbnail","6":"product_cat-appartamenti","7":"product_cat-appartamenti-per-famiglie","8":"product_cat-case-vacanze","10":"first","11":"instock","12":"sold-individually","13":"shipping-taxable","14":"purchasable","15":"product-type-phive_booking"},"acf":[],"_links":{"self":[{"href":"https:\/\/murter-online.com\/it\/wp-json\/wp\/v2\/product\/53505","targetHints":{"allow":["GET"]}}],"collection":[{"href":"https:\/\/murter-online.com\/it\/wp-json\/wp\/v2\/product"}],"about":[{"href":"https:\/\/murter-online.com\/it\/wp-json\/wp\/v2\/types\/product"}],"wp:featuredmedia":[{"embeddable":true,"href":"https:\/\/murter-online.com\/it\/wp-json\/wp\/v2\/media\/35671"}],"wp:attachment":[{"href":"https:\/\/murter-online.com\/it\/wp-json\/wp\/v2\/media?parent=53505"}],"wp:term":[{"taxonomy":"product_brand","embeddable":true,"href":"https:\/\/murter-online.com\/it\/wp-json\/wp\/v2\/product_brand?post=53505"},{"taxonomy":"product_cat","embeddable":true,"href":"https:\/\/murter-online.com\/it\/wp-json\/wp\/v2\/product_cat?post=53505"},{"taxonomy":"product_tag","embeddable":true,"href":"https:\/\/murter-online.com\/it\/wp-json\/wp\/v2\/product_tag?post=53505"}],"curies":[{"name":"wp","href":"https:\/\/api.w.org\/{rel}","templated":true}]}}