{"id":53519,"date":"2025-01-08T19:16:26","date_gmt":"2025-01-08T19:16:26","guid":{"rendered":"https:\/\/murter.riot.hr\/?post_type=product&#038;p=53519"},"modified":"2025-02-03T12:56:35","modified_gmt":"2025-02-03T12:56:35","slug":"appartamento-di-lusso-a-murter-con-vista-mare-a42-id-287","status":"publish","type":"product","link":"https:\/\/murter-online.com\/it\/prodotto\/appartamento-di-lusso-a-murter-con-vista-mare-a42-id-287\/","title":{"rendered":"Appartamento di lusso a Murter con vista mare A4+2 ID 287"},"content":{"rendered":"","protected":false},"excerpt":{"rendered":"<p>Appartamento su due piani in ottima posizione! L&#8217;appartamento \u00e8 composto da un ampio soggiorno, collegato ad un ampio open space con cucina, sala da pranzo e servizi igienici, al primo piano ci sono due camere con un bagno. L&#8217;appartamento ha l&#8217;uscita su un piccolo cortile con tavolo, sedie e barbecue, che condivide con un altro appartamento. Un totale di 6 adulti possono soggiornare nell&#8217;appartamento. Gli ospiti dell&#8217;appartamento non hanno il diritto di utilizzare la piscina. Il parcheggio per l&#8217;auto si trova di fronte all&#8217;appartamento. L&#8217;appartamento \u00e8 dotato di aria condizionata &#8211; 3 unit\u00e0, Wi-fi, TV LCD 65&#8242; + PS4. La TV LCD \u00e8 nelle camere da letto. La cucina \u00e8 dotata di: macchina da caff\u00e8 Nespresso, tostapane, microonde, bollitore, lavastoviglie. L&#8217;appartamento \u00e8 dotato di lavatrice. Culla e mangiatoia sono disponibili su richiesta. Il costo della pulizia \u00e8 di \u20ac 60 e non \u00e8 incluso nel prezzo. La tassa di soggiorno \u00e8 di \u20ac 1,50 e non \u00e8 inclusa nel prezzo. I ragazzi fino a 12 anni sono esenti dal pagamento della tassa di soggiorno, mentre i ragazzi dai 12 ai 18 anni pagano il 50% del prezzo.<\/p>\n","protected":false},"featured_media":36040,"template":"","meta":{"_acf_changed":false},"product_brand":[],"product_cat":[161],"product_tag":[],"class_list":{"0":"post-53519","1":"product","2":"type-product","3":"status-publish","4":"has-post-thumbnail","6":"product_cat-appartamenti-con-piscina","8":"first","9":"instock","10":"sold-individually","11":"shipping-taxable","12":"purchasable","13":"product-type-phive_booking"},"acf":[],"_links":{"self":[{"href":"https:\/\/murter-online.com\/it\/wp-json\/wp\/v2\/product\/53519","targetHints":{"allow":["GET"]}}],"collection":[{"href":"https:\/\/murter-online.com\/it\/wp-json\/wp\/v2\/product"}],"about":[{"href":"https:\/\/murter-online.com\/it\/wp-json\/wp\/v2\/types\/product"}],"wp:featuredmedia":[{"embeddable":true,"href":"https:\/\/murter-online.com\/it\/wp-json\/wp\/v2\/media\/36040"}],"wp:attachment":[{"href":"https:\/\/murter-online.com\/it\/wp-json\/wp\/v2\/media?parent=53519"}],"wp:term":[{"taxonomy":"product_brand","embeddable":true,"href":"https:\/\/murter-online.com\/it\/wp-json\/wp\/v2\/product_brand?post=53519"},{"taxonomy":"product_cat","embeddable":true,"href":"https:\/\/murter-online.com\/it\/wp-json\/wp\/v2\/product_cat?post=53519"},{"taxonomy":"product_tag","embeddable":true,"href":"https:\/\/murter-online.com\/it\/wp-json\/wp\/v2\/product_tag?post=53519"}],"curies":[{"name":"wp","href":"https:\/\/api.w.org\/{rel}","templated":true}]}}