{"id":53523,"date":"2025-01-08T19:37:58","date_gmt":"2025-01-08T19:37:58","guid":{"rendered":"https:\/\/murter.riot.hr\/?post_type=product&#038;p=53523"},"modified":"2025-03-29T09:48:51","modified_gmt":"2025-03-29T08:48:51","slug":"casa-mobile-sulla-spiaggia-di-slanica-a41-id-264","status":"publish","type":"product","link":"https:\/\/murter-online.com\/it\/prodotto\/casa-mobile-sulla-spiaggia-di-slanica-a41-id-264\/","title":{"rendered":"Casa mobile sulla spiaggia Murter spiaggia Slanica A4+1 ID 264"},"content":{"rendered":"","protected":false},"excerpt":{"rendered":"<p>Questa casa mobile si trova vicino alla spiaggia sabbiosa pi\u00f9 famosa di Murter, Slanica. Questa casa ha due camere da letto dove possono dormire 4 adulti, c&#8217;\u00e8 un letto supplementare, nel soggiorno (divano) che pu\u00f2 essere utilizzato per dormire. La casa \u00e8 dotata di lavastoviglie, lavatrice, internet Wi-Fi, bollitore. La cucina \u00e8 completamente equipaggiata. Il parcheggio auto \u00e8 incluso nel prezzo dell&#8217;appartamento. C&#8217;\u00e8 una griglia all&#8217;aperto che pu\u00f2 essere utilizzata gratuitamente.<\/p>\n","protected":false},"featured_media":36412,"template":"","meta":{"_acf_changed":false},"product_brand":[],"product_cat":[160,162,168],"product_tag":[],"class_list":{"0":"post-53523","1":"product","2":"type-product","3":"status-publish","4":"has-post-thumbnail","6":"product_cat-appartamenti-con-vista-mare","7":"product_cat-appartamenti-per-famiglie","8":"product_cat-case-mobili","10":"first","11":"instock","12":"sold-individually","13":"shipping-taxable","14":"purchasable","15":"product-type-phive_booking"},"acf":[],"_links":{"self":[{"href":"https:\/\/murter-online.com\/it\/wp-json\/wp\/v2\/product\/53523","targetHints":{"allow":["GET"]}}],"collection":[{"href":"https:\/\/murter-online.com\/it\/wp-json\/wp\/v2\/product"}],"about":[{"href":"https:\/\/murter-online.com\/it\/wp-json\/wp\/v2\/types\/product"}],"wp:featuredmedia":[{"embeddable":true,"href":"https:\/\/murter-online.com\/it\/wp-json\/wp\/v2\/media\/36412"}],"wp:attachment":[{"href":"https:\/\/murter-online.com\/it\/wp-json\/wp\/v2\/media?parent=53523"}],"wp:term":[{"taxonomy":"product_brand","embeddable":true,"href":"https:\/\/murter-online.com\/it\/wp-json\/wp\/v2\/product_brand?post=53523"},{"taxonomy":"product_cat","embeddable":true,"href":"https:\/\/murter-online.com\/it\/wp-json\/wp\/v2\/product_cat?post=53523"},{"taxonomy":"product_tag","embeddable":true,"href":"https:\/\/murter-online.com\/it\/wp-json\/wp\/v2\/product_tag?post=53523"}],"curies":[{"name":"wp","href":"https:\/\/api.w.org\/{rel}","templated":true}]}}