{"id":53703,"date":"2025-01-06T14:51:23","date_gmt":"2025-01-06T14:51:23","guid":{"rendered":"https:\/\/murter.riot.hr\/?post_type=product&#038;p=53703"},"modified":"2025-03-28T12:01:59","modified_gmt":"2025-03-28T11:01:59","slug":"casa-del-pescatore-kornati-baia-koromasna-a43","status":"publish","type":"product","link":"https:\/\/murter-online.com\/it\/prodotto\/casa-del-pescatore-kornati-baia-koromasna-a43\/","title":{"rendered":"Casa in pietra Robinson Kornati \u2013 baia Koroma\u0161na A4+3"},"content":{"rendered":"","protected":false},"excerpt":{"rendered":"<p>La casa del pescatore si trova sull&#8217;isola di Kornat &#8211; baia Koroma\u0161na. La casa dispone di due camere da letto con un letto matrimoniale e altri due letti singoli in ogni camera. La casa ha un soggiorno che pu\u00f2 essere utilizzato per dormire. La casa \u00e8 dotata di frigorifero, piano cottura, utensili per cucinare e mangiare. La casa ha un bagno con doccia e servizi igienici. Tipo di illuminazione &#8211; energia solare, l&#8217;elettricit\u00e0 \u00e8 12V. La casa si trova al piano terra. La casa dista 150 metri dal mare. La casa dispone di un proprio ormeggio che pu\u00f2 essere utilizzato gratuitamente. Gli animali domestici sono ammessi con un supplemento. Il parcheggio \u00e8 fornito e gratuito sull&#8217;isola di Murter. C&#8217;\u00e8 una griglia all&#8217;aperto che pu\u00f2 essere utilizzata gratuitamente. L&#8217;acqua \u00e8 della cisterna. Il trasferimento da Murter costa 100 euro.<\/p>\n","protected":false},"featured_media":32063,"template":"","meta":{"_acf_changed":false},"product_brand":[],"product_cat":[167],"product_tag":[],"class_list":{"0":"post-53703","1":"product","2":"type-product","3":"status-publish","4":"has-post-thumbnail","6":"product_cat-case-di-pescatori","8":"first","9":"instock","10":"sold-individually","11":"shipping-taxable","12":"purchasable","13":"product-type-phive_booking"},"acf":[],"_links":{"self":[{"href":"https:\/\/murter-online.com\/it\/wp-json\/wp\/v2\/product\/53703","targetHints":{"allow":["GET"]}}],"collection":[{"href":"https:\/\/murter-online.com\/it\/wp-json\/wp\/v2\/product"}],"about":[{"href":"https:\/\/murter-online.com\/it\/wp-json\/wp\/v2\/types\/product"}],"wp:featuredmedia":[{"embeddable":true,"href":"https:\/\/murter-online.com\/it\/wp-json\/wp\/v2\/media\/32063"}],"wp:attachment":[{"href":"https:\/\/murter-online.com\/it\/wp-json\/wp\/v2\/media?parent=53703"}],"wp:term":[{"taxonomy":"product_brand","embeddable":true,"href":"https:\/\/murter-online.com\/it\/wp-json\/wp\/v2\/product_brand?post=53703"},{"taxonomy":"product_cat","embeddable":true,"href":"https:\/\/murter-online.com\/it\/wp-json\/wp\/v2\/product_cat?post=53703"},{"taxonomy":"product_tag","embeddable":true,"href":"https:\/\/murter-online.com\/it\/wp-json\/wp\/v2\/product_tag?post=53703"}],"curies":[{"name":"wp","href":"https:\/\/api.w.org\/{rel}","templated":true}]}}