{"id":53713,"date":"2025-01-06T15:00:42","date_gmt":"2025-01-06T15:00:42","guid":{"rendered":"https:\/\/murter.riot.hr\/?post_type=product&#038;p=53713"},"modified":"2025-07-21T10:50:34","modified_gmt":"2025-07-21T09:50:34","slug":"casa-del-pescatore-murter-baia-doca-a2-id-99","status":"publish","type":"product","link":"https:\/\/murter-online.com\/it\/prodotto\/casa-del-pescatore-murter-baia-doca-a2-id-99\/","title":{"rendered":"Casa del pescatore Murter &#8211; baia Doca A2 ID 99"},"content":{"rendered":"","protected":false},"excerpt":{"rendered":"<p>Casa del Pescatore con una bellissima vista sul mare si trova in una posizione eccellente solo 40 metri dal mare. Casa del Pescatore ha pannelli solari dai quali ricavare elettricit\u00e0 (si possono usare dispositivi pi\u00f9 piccoli). Il frigorifero e il fornello sono a gas. L&#8217;acqua fa bene alla doccia (dalla rete idrica o dall&#8217;acqua piovana), riscaldata dal sole. L&#8217;acqua ha abbastanza se \u00e8 usata razionalmente. Casa del Pescatore ha una superficie di 25 m2. ha una camera da letto dove possono dormire 2 adulti. Ha un bagno con doccia. L&#8217;area della terrazza\/balcone \u00e8 30 m2. Il parcheggio \u00e8 assicurato e incluso nel prezzo. C&#8217;\u00e8 una griglia esterna che pu\u00f2 essere utilizzata. Casa del Pescatore \u00e8 di circa 2800 m. \u00e8 lontano dal centro della citt\u00e0 ea 40m. dal mare o dalla prima spiaggia a Murter. Gli animali domestici sono ammessi ad un costo aggiuntivo.<\/p>\n","protected":false},"featured_media":32195,"template":"","meta":{"_acf_changed":false},"product_brand":[],"product_cat":[160,167],"product_tag":[],"class_list":{"0":"post-53713","1":"product","2":"type-product","3":"status-publish","4":"has-post-thumbnail","6":"product_cat-appartamenti-con-vista-mare","7":"product_cat-case-di-pescatori","9":"first","10":"instock","11":"sold-individually","12":"shipping-taxable","13":"purchasable","14":"product-type-phive_booking"},"acf":[],"_links":{"self":[{"href":"https:\/\/murter-online.com\/it\/wp-json\/wp\/v2\/product\/53713","targetHints":{"allow":["GET"]}}],"collection":[{"href":"https:\/\/murter-online.com\/it\/wp-json\/wp\/v2\/product"}],"about":[{"href":"https:\/\/murter-online.com\/it\/wp-json\/wp\/v2\/types\/product"}],"wp:featuredmedia":[{"embeddable":true,"href":"https:\/\/murter-online.com\/it\/wp-json\/wp\/v2\/media\/32195"}],"wp:attachment":[{"href":"https:\/\/murter-online.com\/it\/wp-json\/wp\/v2\/media?parent=53713"}],"wp:term":[{"taxonomy":"product_brand","embeddable":true,"href":"https:\/\/murter-online.com\/it\/wp-json\/wp\/v2\/product_brand?post=53713"},{"taxonomy":"product_cat","embeddable":true,"href":"https:\/\/murter-online.com\/it\/wp-json\/wp\/v2\/product_cat?post=53713"},{"taxonomy":"product_tag","embeddable":true,"href":"https:\/\/murter-online.com\/it\/wp-json\/wp\/v2\/product_tag?post=53713"}],"curies":[{"name":"wp","href":"https:\/\/api.w.org\/{rel}","templated":true}]}}