{"id":53719,"date":"2025-01-06T15:05:58","date_gmt":"2025-01-06T15:05:58","guid":{"rendered":"https:\/\/murter.riot.hr\/?post_type=product&#038;p=53719"},"modified":"2025-08-12T09:47:30","modified_gmt":"2025-08-12T08:47:30","slug":"casa-del-pescatore-murter-beach-doca-a2-2-id-96","status":"publish","type":"product","link":"https:\/\/murter-online.com\/it\/prodotto\/casa-del-pescatore-murter-beach-doca-a2-2-id-96\/","title":{"rendered":"Casa del pescatore Murter beach Doca A2 + 2 ID 96"},"content":{"rendered":"","protected":false},"excerpt":{"rendered":"<div align=\"center\">\n<div class=\"max_width\" align=\"left\">\n<div>\n<div>Casa del Pescatore con una bellissima vista sul mare si trova in una posizione eccellente solo 30 metri dal mare. Casa del Pescatore ha pannelli solari dai quali ricavare elettricit\u00e0 (si possono usare dispositivi pi\u00f9 piccoli). Il frigorifero e il fornello sono a gas. L&#8217;acqua fa bene alla doccia (dalla rete idrica o dall&#8217;acqua piovana), riscaldata dal sole. L&#8217;acqua ha abbastanza se \u00e8 usata razionalmente. Casa del Pescatore ha una superficie di 35 m2. ha una camera da letto dove possono dormire 2 adulti. Ha un soggiorno. Ha un letto di ricambio per due persone. Ha un bagno con doccia. L&#8217;area della terrazza\/balcone \u00e8 20 m2. La casa di pesca \u00e8 dotata di forno. Il parcheggio \u00e8 assicurato e incluso nel prezzo. La casa del pescatore ha il suo molo per la barca e la possibilit\u00e0 di noleggiare una barca con una moto ad un prezzo ridotto del -20% per tutti i nostri ospiti. C&#8217;\u00e8 una griglia esterna che pu\u00f2 essere utilizzata. Casa del Pescatore \u00e8 di circa 3000 m. \u00e8 lontano dal centro della citt\u00e0 ea 30m. dal mare o dalla prima spiaggia a Murter. Gli animali sono ammessi. 1500 m from parking (20 min walking) Transfer with the boat (gratis) L&#8217;appartamento si trova 15 minuti a piedi dalla spiaggia \u010cigra\u0111a. Dal centro della citt\u00e0 \u00e8 lontano 25 minuti a piedi.<\/div>\n<\/div>\n<\/div>\n<\/div>\n<div align=\"center\"><\/div>\n","protected":false},"featured_media":32323,"template":"","meta":{"_acf_changed":false},"product_brand":[],"product_cat":[160,167],"product_tag":[],"class_list":{"0":"post-53719","1":"product","2":"type-product","3":"status-publish","4":"has-post-thumbnail","6":"product_cat-appartamenti-con-vista-mare","7":"product_cat-case-di-pescatori","9":"first","10":"instock","11":"sold-individually","12":"shipping-taxable","13":"purchasable","14":"product-type-phive_booking"},"acf":[],"_links":{"self":[{"href":"https:\/\/murter-online.com\/it\/wp-json\/wp\/v2\/product\/53719","targetHints":{"allow":["GET"]}}],"collection":[{"href":"https:\/\/murter-online.com\/it\/wp-json\/wp\/v2\/product"}],"about":[{"href":"https:\/\/murter-online.com\/it\/wp-json\/wp\/v2\/types\/product"}],"wp:featuredmedia":[{"embeddable":true,"href":"https:\/\/murter-online.com\/it\/wp-json\/wp\/v2\/media\/32323"}],"wp:attachment":[{"href":"https:\/\/murter-online.com\/it\/wp-json\/wp\/v2\/media?parent=53719"}],"wp:term":[{"taxonomy":"product_brand","embeddable":true,"href":"https:\/\/murter-online.com\/it\/wp-json\/wp\/v2\/product_brand?post=53719"},{"taxonomy":"product_cat","embeddable":true,"href":"https:\/\/murter-online.com\/it\/wp-json\/wp\/v2\/product_cat?post=53719"},{"taxonomy":"product_tag","embeddable":true,"href":"https:\/\/murter-online.com\/it\/wp-json\/wp\/v2\/product_tag?post=53719"}],"curies":[{"name":"wp","href":"https:\/\/api.w.org\/{rel}","templated":true}]}}