{"id":53723,"date":"2025-01-06T15:13:19","date_gmt":"2025-01-06T15:13:19","guid":{"rendered":"https:\/\/murter.riot.hr\/?post_type=product&#038;p=53723"},"modified":"2025-02-05T10:11:45","modified_gmt":"2025-02-05T10:11:45","slug":"casa-del-pescatore-murter-cigrada-a22-id-201","status":"publish","type":"product","link":"https:\/\/murter-online.com\/it\/prodotto\/casa-del-pescatore-murter-cigrada-a22-id-201\/","title":{"rendered":"Casa del pescatore Murter \u010cigrada A2+2 ID 201"},"content":{"rendered":"","protected":false},"excerpt":{"rendered":"<p>La casa del pescatore con una bellissima vista sul mare \u00e8 situata in una posizione eccellente a soli 150 metri dal mare. La casa del pescatore con una camera da letto \u00e8 dotata di pannelli solari dai quali \u00e8 possibile utilizzare un alimentatore (\u00e8 possibile utilizzare dispositivi pi\u00f9 piccoli). L&#8217;acqua \u00e8 buona e pulita per la doccia (sole caldo &#8211; riscaldata) &#8211; Caduta libera dal serbatoio dell&#8217;acqua, che viene riempito con pompa manuale o elettrica. Frigorifero e fornello funzionano a gas. La doccia dal serbatoio dell&#8217;acqua riscaldata dal sole. C&#8217;\u00e8 abbastanza acqua, ma dovrebbe essere usata razionalmente. La casa del pescatore \u00e8 dotata di tv. La casa del pescatore ha un bagno con doccia. C&#8217;\u00e8 un salotto. La superficie abitabile \u00e8 di 25 m2 e il balcone\/terrazzo \u00e8 grande 20 m2. C&#8217;\u00e8 una galleria della camera da letto dove possono dormire 2 persone sui letti principali e 2 persone su un divano letto nel soggiorno. La casa del pescatore si trova al piano terra. Gli animali domestici sono ammessi, il prezzo per l&#8217;animale \u00e8 di 10 euro\/animale\/giorno. La casa del pescatore ha un proprio parcheggio gratuito per l&#8217;auto a 20 metri dalla casa. I prezzi si intendono per 2 persone, se ci sono pi\u00f9 persone verr\u00e0 addebitato un supplemento di 10 euro\/persona\/giorno.<\/p>\n","protected":false},"featured_media":32483,"template":"","meta":{"_acf_changed":false},"product_brand":[],"product_cat":[160,167],"product_tag":[],"class_list":{"0":"post-53723","1":"product","2":"type-product","3":"status-publish","4":"has-post-thumbnail","6":"product_cat-appartamenti-con-vista-mare","7":"product_cat-case-di-pescatori","9":"first","10":"instock","11":"sold-individually","12":"shipping-taxable","13":"purchasable","14":"product-type-phive_booking"},"acf":[],"_links":{"self":[{"href":"https:\/\/murter-online.com\/it\/wp-json\/wp\/v2\/product\/53723","targetHints":{"allow":["GET"]}}],"collection":[{"href":"https:\/\/murter-online.com\/it\/wp-json\/wp\/v2\/product"}],"about":[{"href":"https:\/\/murter-online.com\/it\/wp-json\/wp\/v2\/types\/product"}],"wp:featuredmedia":[{"embeddable":true,"href":"https:\/\/murter-online.com\/it\/wp-json\/wp\/v2\/media\/32483"}],"wp:attachment":[{"href":"https:\/\/murter-online.com\/it\/wp-json\/wp\/v2\/media?parent=53723"}],"wp:term":[{"taxonomy":"product_brand","embeddable":true,"href":"https:\/\/murter-online.com\/it\/wp-json\/wp\/v2\/product_brand?post=53723"},{"taxonomy":"product_cat","embeddable":true,"href":"https:\/\/murter-online.com\/it\/wp-json\/wp\/v2\/product_cat?post=53723"},{"taxonomy":"product_tag","embeddable":true,"href":"https:\/\/murter-online.com\/it\/wp-json\/wp\/v2\/product_tag?post=53723"}],"curies":[{"name":"wp","href":"https:\/\/api.w.org\/{rel}","templated":true}]}}