{"id":53728,"date":"2025-01-06T15:20:45","date_gmt":"2025-01-06T15:20:45","guid":{"rendered":"https:\/\/murter.riot.hr\/?post_type=product&#038;p=53728"},"modified":"2025-03-28T17:17:03","modified_gmt":"2025-03-28T16:17:03","slug":"la-casa-del-pescatore-murter-cigrada-bay-a2-1-id-61","status":"publish","type":"product","link":"https:\/\/murter-online.com\/it\/prodotto\/la-casa-del-pescatore-murter-cigrada-bay-a2-1-id-61\/","title":{"rendered":"La casa del pescatore Murter sul mare \u010cigra\u0111a bay A2 + 1 ID 61"},"content":{"rendered":"","protected":false},"excerpt":{"rendered":"<div align=\"center\">\n<div class=\"max_width\" align=\"left\">\n<div>\n<div>Casa del Pescatore con una bellissima vista sul mare si trova in una posizione eccellente solo 70 metri dal mare. Casa del Pescatore ha pannelli solari dai quali ricavare elettricit\u00e0 (si possono usare dispositivi pi\u00f9 piccoli). Il frigorifero e il fornello sono a gas. L&#8217;acqua fa bene alla doccia (dalla rete idrica o dall&#8217;acqua piovana), riscaldata dal sole. L&#8217;acqua ha abbastanza se \u00e8 usata razionalmente. Casa del Pescatore ha una superficie di 40 m2. ha una camera da letto dove possono dormire 2 adulti. Ha un soggiorno, che pu\u00f2 essere utilizzato per dormire &#8211; Ha un letto di ricambio per due persone. Ha un bagno con doccia. L&#8217;area della terrazza\/balcone \u00e8 30 m2. La casa di pesca \u00e8 dotata di tv, connessione internet wifi gratuita. Il parcheggio \u00e8 assicurato e incluso nel prezzo. Casa del Pescatore \u00e8 di circa 2500 m. \u00e8 lontano dal centro della citt\u00e0 ea 40m. dal mare o dalla prima spiaggia a Murter. Gli animali domestici sono ammessi ad un costo aggiuntivo.<\/div>\n<\/div>\n<\/div>\n<\/div>\n<div align=\"center\"><\/div>\n","protected":false},"featured_media":32691,"template":"","meta":{"_acf_changed":false},"product_brand":[],"product_cat":[160,167],"product_tag":[],"class_list":{"0":"post-53728","1":"product","2":"type-product","3":"status-publish","4":"has-post-thumbnail","6":"product_cat-appartamenti-con-vista-mare","7":"product_cat-case-di-pescatori","9":"first","10":"instock","11":"sold-individually","12":"shipping-taxable","13":"purchasable","14":"product-type-phive_booking"},"acf":[],"_links":{"self":[{"href":"https:\/\/murter-online.com\/it\/wp-json\/wp\/v2\/product\/53728","targetHints":{"allow":["GET"]}}],"collection":[{"href":"https:\/\/murter-online.com\/it\/wp-json\/wp\/v2\/product"}],"about":[{"href":"https:\/\/murter-online.com\/it\/wp-json\/wp\/v2\/types\/product"}],"wp:featuredmedia":[{"embeddable":true,"href":"https:\/\/murter-online.com\/it\/wp-json\/wp\/v2\/media\/32691"}],"wp:attachment":[{"href":"https:\/\/murter-online.com\/it\/wp-json\/wp\/v2\/media?parent=53728"}],"wp:term":[{"taxonomy":"product_brand","embeddable":true,"href":"https:\/\/murter-online.com\/it\/wp-json\/wp\/v2\/product_brand?post=53728"},{"taxonomy":"product_cat","embeddable":true,"href":"https:\/\/murter-online.com\/it\/wp-json\/wp\/v2\/product_cat?post=53728"},{"taxonomy":"product_tag","embeddable":true,"href":"https:\/\/murter-online.com\/it\/wp-json\/wp\/v2\/product_tag?post=53728"}],"curies":[{"name":"wp","href":"https:\/\/api.w.org\/{rel}","templated":true}]}}