{"id":53734,"date":"2025-01-06T18:46:06","date_gmt":"2025-01-06T18:46:06","guid":{"rendered":"https:\/\/murter.riot.hr\/?post_type=product&#038;p=53734"},"modified":"2025-03-28T17:33:04","modified_gmt":"2025-03-28T16:33:04","slug":"casa-di-pescatori-isola-di-vinik-murter-a2-2","status":"publish","type":"product","link":"https:\/\/murter-online.com\/it\/prodotto\/casa-di-pescatori-isola-di-vinik-murter-a2-2\/","title":{"rendered":"Casa dei pescatori Murter isola Vinik A2 + 2"},"content":{"rendered":"","protected":false},"excerpt":{"rendered":"<p>La casa del pescatore con una camera da letto \u00e8 dotata di pannelli solari da cui \u00e8 possibile utilizzare un alimentatore &#8211; \u00e8 possibile utilizzare dispositivi pi\u00f9 piccoli. L&#8217;acqua del serbatoio \u00e8 buona e pulita per la doccia (riscaldata dal sole). Refrigaretor e fornello funzionano a gas. C&#8217;\u00e8 abbastanza acqua, ma dovrebbe essere usata razionalmente. Il parcheggio gratuito si trova davanti alla casa del proprietario a Murter. La casa del pescatore \u00e8 dotata di tv, connessione internet Wi-Fi GRATUITA. La casa del pescatore ha un bagno con doccia. C&#8217;\u00e8 un soggiorno che pu\u00f2 essere utilizzato per dormire. La zona giorno \u00e8 di 30 m2. e il balcone \/ terrazzo \u00e8 di 15 m2. Nella casa del pescatore possono dormire 2 persone sui letti principali e 2 persone su un divano letto nel soggiorno. La casa del pescatore si trova al piano terra. Animali ammessi. La casa del pescatore dispone di un proprio parcheggio gratuito. C&#8217;\u00e8 un barbecue all&#8217;aperto.<\/p>\n","protected":false},"featured_media":33639,"template":"","meta":{"_acf_changed":false},"product_brand":[],"product_cat":[160,167],"product_tag":[],"class_list":{"0":"post-53734","1":"product","2":"type-product","3":"status-publish","4":"has-post-thumbnail","6":"product_cat-appartamenti-con-vista-mare","7":"product_cat-case-di-pescatori","9":"first","10":"instock","11":"sold-individually","12":"shipping-taxable","13":"purchasable","14":"product-type-phive_booking"},"acf":[],"_links":{"self":[{"href":"https:\/\/murter-online.com\/it\/wp-json\/wp\/v2\/product\/53734","targetHints":{"allow":["GET"]}}],"collection":[{"href":"https:\/\/murter-online.com\/it\/wp-json\/wp\/v2\/product"}],"about":[{"href":"https:\/\/murter-online.com\/it\/wp-json\/wp\/v2\/types\/product"}],"wp:featuredmedia":[{"embeddable":true,"href":"https:\/\/murter-online.com\/it\/wp-json\/wp\/v2\/media\/33639"}],"wp:attachment":[{"href":"https:\/\/murter-online.com\/it\/wp-json\/wp\/v2\/media?parent=53734"}],"wp:term":[{"taxonomy":"product_brand","embeddable":true,"href":"https:\/\/murter-online.com\/it\/wp-json\/wp\/v2\/product_brand?post=53734"},{"taxonomy":"product_cat","embeddable":true,"href":"https:\/\/murter-online.com\/it\/wp-json\/wp\/v2\/product_cat?post=53734"},{"taxonomy":"product_tag","embeddable":true,"href":"https:\/\/murter-online.com\/it\/wp-json\/wp\/v2\/product_tag?post=53734"}],"curies":[{"name":"wp","href":"https:\/\/api.w.org\/{rel}","templated":true}]}}