{"id":53739,"date":"2025-01-06T18:52:34","date_gmt":"2025-01-06T18:52:34","guid":{"rendered":"https:\/\/murter.riot.hr\/?post_type=product&#038;p=53739"},"modified":"2025-03-28T19:22:43","modified_gmt":"2025-03-28T18:22:43","slug":"casa-del-pescatore-murter-a21-isola-di-zminjak","status":"publish","type":"product","link":"https:\/\/murter-online.com\/it\/prodotto\/casa-del-pescatore-murter-a21-isola-di-zminjak\/","title":{"rendered":"Casa del pescatore sul mare Murter A2+1 &#8211; isola di Zminjak"},"content":{"rendered":"","protected":false},"excerpt":{"rendered":"<p>La casa del pescatore si trova sull&#8217;isolotto di Zminjak, vicino all&#8217;isola di Murter. Una barca \u00e8 inclusa nel prezzo della casa e pu\u00f2 essere utilizzata gratuitamente. La casa ha una camera da letto con letto matrimoniale. La casa ha un soggiorno che pu\u00f2 essere utilizzato per dormire. La casa \u00e8 dotata di frigorifero, piano cottura, utensili per cucinare e mangiare e radioricevitore. La casa ha un bagno con doccia e servizi igienici. Tipo di illuminazione &#8211; energia solare, l&#8217;elettricit\u00e0 \u00e8 12V. La casa si trova al piano terra, la dimensione del terrazzo \u00e8 di 15 mq. La casa ha una vista sul mare. Gli animali domestici sono ammessi con un supplemento. Il parcheggio \u00e8 fornito e gratuito sull&#8217;isola di Murter. C&#8217;\u00e8 una griglia all&#8217;aperto che pu\u00f2 essere utilizzata gratuitamente. L&#8217;acqua viene dalla cisterna.<\/p>\n","protected":false},"featured_media":33819,"template":"","meta":{"_acf_changed":false},"product_brand":[],"product_cat":[160,167],"product_tag":[],"class_list":{"0":"post-53739","1":"product","2":"type-product","3":"status-publish","4":"has-post-thumbnail","6":"product_cat-appartamenti-con-vista-mare","7":"product_cat-case-di-pescatori","9":"first","10":"instock","11":"sold-individually","12":"shipping-taxable","13":"purchasable","14":"product-type-phive_booking"},"acf":[],"_links":{"self":[{"href":"https:\/\/murter-online.com\/it\/wp-json\/wp\/v2\/product\/53739","targetHints":{"allow":["GET"]}}],"collection":[{"href":"https:\/\/murter-online.com\/it\/wp-json\/wp\/v2\/product"}],"about":[{"href":"https:\/\/murter-online.com\/it\/wp-json\/wp\/v2\/types\/product"}],"wp:featuredmedia":[{"embeddable":true,"href":"https:\/\/murter-online.com\/it\/wp-json\/wp\/v2\/media\/33819"}],"wp:attachment":[{"href":"https:\/\/murter-online.com\/it\/wp-json\/wp\/v2\/media?parent=53739"}],"wp:term":[{"taxonomy":"product_brand","embeddable":true,"href":"https:\/\/murter-online.com\/it\/wp-json\/wp\/v2\/product_brand?post=53739"},{"taxonomy":"product_cat","embeddable":true,"href":"https:\/\/murter-online.com\/it\/wp-json\/wp\/v2\/product_cat?post=53739"},{"taxonomy":"product_tag","embeddable":true,"href":"https:\/\/murter-online.com\/it\/wp-json\/wp\/v2\/product_tag?post=53739"}],"curies":[{"name":"wp","href":"https:\/\/api.w.org\/{rel}","templated":true}]}}