{"id":53744,"date":"2025-01-06T18:54:45","date_gmt":"2025-01-06T18:54:45","guid":{"rendered":"https:\/\/murter.riot.hr\/?post_type=product&#038;p=53744"},"modified":"2025-03-28T20:06:39","modified_gmt":"2025-03-28T19:06:39","slug":"dom-robinsona-murter-mali-vinik-a4","status":"publish","type":"product","link":"https:\/\/murter-online.com\/it\/prodotto\/dom-robinsona-murter-mali-vinik-a4\/","title":{"rendered":"Casa del pescatore sul mare Murter Mali Vinik A4+2"},"content":{"rendered":"","protected":false},"excerpt":{"rendered":"<div align=\"center\">\n<div class=\"max_width\" align=\"left\">\n<div>\n<div>Pi\u0119kny dom Robinsona znajduje si\u0119 na wyspie Mali Vinik w pobli\u017cu Murteru. dom sk\u0142ada si\u0119 z jednej sypialni na antresoli, w kt\u00f3rej mog\u0105 spa\u0107 dwie osoby doros\u0142e, w salonie znajduje si\u0119 du\u017ca rozk\u0142adana sofa, kt\u00f3ra mo\u017ce s\u0142u\u017cy\u0107 do spania. Dom jest wyposa\u017cony w kuchenk\u0119, piekarnik, lod\u00f3wk\u0119, klimatyzator, przeno\u015bny g\u0142o\u015bnik. W domu s\u0105 dwa telewizory. Do dyspozycji go\u015bci grill gazowy oraz dwie deski SUP paddle. Energia elektryczna 220 V. Dom ma powierzchni\u0119 38 metr\u00f3w kwadratowych.<\/div>\n<\/div>\n<\/div>\n<\/div>\n<div align=\"center\"><\/div>\n","protected":false},"featured_media":33999,"template":"","meta":{"_acf_changed":false},"product_brand":[],"product_cat":[167],"product_tag":[],"class_list":{"0":"post-53744","1":"product","2":"type-product","3":"status-publish","4":"has-post-thumbnail","6":"product_cat-case-di-pescatori","8":"first","9":"instock","10":"sold-individually","11":"shipping-taxable","12":"purchasable","13":"product-type-phive_booking"},"acf":[],"_links":{"self":[{"href":"https:\/\/murter-online.com\/it\/wp-json\/wp\/v2\/product\/53744","targetHints":{"allow":["GET"]}}],"collection":[{"href":"https:\/\/murter-online.com\/it\/wp-json\/wp\/v2\/product"}],"about":[{"href":"https:\/\/murter-online.com\/it\/wp-json\/wp\/v2\/types\/product"}],"wp:featuredmedia":[{"embeddable":true,"href":"https:\/\/murter-online.com\/it\/wp-json\/wp\/v2\/media\/33999"}],"wp:attachment":[{"href":"https:\/\/murter-online.com\/it\/wp-json\/wp\/v2\/media?parent=53744"}],"wp:term":[{"taxonomy":"product_brand","embeddable":true,"href":"https:\/\/murter-online.com\/it\/wp-json\/wp\/v2\/product_brand?post=53744"},{"taxonomy":"product_cat","embeddable":true,"href":"https:\/\/murter-online.com\/it\/wp-json\/wp\/v2\/product_cat?post=53744"},{"taxonomy":"product_tag","embeddable":true,"href":"https:\/\/murter-online.com\/it\/wp-json\/wp\/v2\/product_tag?post=53744"}],"curies":[{"name":"wp","href":"https:\/\/api.w.org\/{rel}","templated":true}]}}