{"id":53753,"date":"2025-01-06T19:08:15","date_gmt":"2025-01-06T19:08:15","guid":{"rendered":"https:\/\/murter.riot.hr\/?post_type=product&#038;p=53753"},"modified":"2025-03-28T20:24:26","modified_gmt":"2025-03-28T19:24:26","slug":"casa-in-pietra-kornati-a41-baia-vrulje-id-317","status":"publish","type":"product","link":"https:\/\/murter-online.com\/it\/prodotto\/casa-in-pietra-kornati-a41-baia-vrulje-id-317\/","title":{"rendered":"Casa del pescatore sulle isole di Kornati baia Vrulje A4+1 ID 317"},"content":{"rendered":"","protected":false},"excerpt":{"rendered":"<p>La casa si trova nel Parco Nazionale delle Incoronate &#8211; baia Vrulje. \u00c8 adatto a famiglie pi\u00f9 piccole di max. 4-5 componenti perch\u00e9 non \u00e8 situato in isolamento ma in un piccolo luogo senza traffico dove i bambini possono muoversi liberamente. La casa \u00e8 composta da un piano terra con cucina, toilette con bagno e soggiorno con poltrona &#8211; letto supplementare che pu\u00f2 essere utilizzato per dormire. La camera da letto si trova al piano superiore ed \u00e8 divisa in due parti, la camera ha 4 letti dove possono dormire 4 adulti. La cucina \u00e8 completamente attrezzata. L&#8217;elettricit\u00e0 proviene da pannelli solari. L&#8217;acqua del rubinetto non \u00e8 potabile, pu\u00f2 essere utilizzata per la doccia. Soggiornando in questa casa, puoi sperimentare la vita in questa zona specifica, goderti il \u200b\u200bnuoto tutto il giorno, la pesca mattutina e l&#8217;arrampicata su un punto panoramico nelle vicinanze. Come parte della sistemazione sono disponibili una tavola da paddle SUP e un kayak SIT ON top a due posti. Nella baia di Vrulje c&#8217;\u00e8 un minimarket dove potrete acquistare i beni di prima necessit\u00e0. All&#8217;arrivo gli ospiti arriveranno nella citt\u00e0 di Murter, da dove partiranno per N.P. Incoronate. Il parcheggio auto \u00e8 a pagamento nel parcheggio pubblico. Il parcheggio pubblico si trova vicino al luogo di partenza delle barche, ed \u00e8 presente anche un negozio dove \u00e8 possibile acquistare cibo e acqua potabile. Se gli ospiti hanno la propria barca, possono andare direttamente alle Incoronate da soli, c&#8217;\u00e8 un ormeggio per la barca davanti alla casa. Se gli ospiti arrivano a Murter senza barca, ci sono 2 opzioni di trasporto. Se si effettua un trasferimento con una barca privata per passeggeri e bagagli, il costo \u00e8 di 200 euro solo andata. C&#8217;\u00e8 anche la possibilit\u00e0 di trasportare gli ospiti su una barca che procura cibo per i ristoranti. Successivamente il trasferimento in una direzione sar\u00e0 di 20 euro\/persona + 20 euro\/bagaglio a persona.<\/p>\n","protected":false},"featured_media":34379,"template":"","meta":{"_acf_changed":false},"product_brand":[],"product_cat":[160,132,167],"product_tag":[],"class_list":{"0":"post-53753","1":"product","2":"type-product","3":"status-publish","4":"has-post-thumbnail","6":"product_cat-appartamenti-con-vista-mare","7":"product_cat-appartamenti","8":"product_cat-case-di-pescatori","10":"first","11":"instock","12":"sold-individually","13":"shipping-taxable","14":"purchasable","15":"product-type-phive_booking"},"acf":[],"_links":{"self":[{"href":"https:\/\/murter-online.com\/it\/wp-json\/wp\/v2\/product\/53753","targetHints":{"allow":["GET"]}}],"collection":[{"href":"https:\/\/murter-online.com\/it\/wp-json\/wp\/v2\/product"}],"about":[{"href":"https:\/\/murter-online.com\/it\/wp-json\/wp\/v2\/types\/product"}],"wp:featuredmedia":[{"embeddable":true,"href":"https:\/\/murter-online.com\/it\/wp-json\/wp\/v2\/media\/34379"}],"wp:attachment":[{"href":"https:\/\/murter-online.com\/it\/wp-json\/wp\/v2\/media?parent=53753"}],"wp:term":[{"taxonomy":"product_brand","embeddable":true,"href":"https:\/\/murter-online.com\/it\/wp-json\/wp\/v2\/product_brand?post=53753"},{"taxonomy":"product_cat","embeddable":true,"href":"https:\/\/murter-online.com\/it\/wp-json\/wp\/v2\/product_cat?post=53753"},{"taxonomy":"product_tag","embeddable":true,"href":"https:\/\/murter-online.com\/it\/wp-json\/wp\/v2\/product_tag?post=53753"}],"curies":[{"name":"wp","href":"https:\/\/api.w.org\/{rel}","templated":true}]}}