{"id":54177,"date":"2025-02-11T11:10:08","date_gmt":"2025-02-11T10:10:08","guid":{"rendered":"https:\/\/murter-online.com\/?post_type=product&#038;p=54177"},"modified":"2025-03-28T19:39:48","modified_gmt":"2025-03-28T18:39:48","slug":"casa-lara-modrave-vicino-a-murter","status":"publish","type":"product","link":"https:\/\/murter-online.com\/it\/prodotto\/casa-lara-modrave-vicino-a-murter\/","title":{"rendered":"Casa del pescatore sul mare Murter Modrave &#8211; Lara A4"},"content":{"rendered":"","protected":false},"excerpt":{"rendered":"<pre id=\"tw-target-text\" class=\"tw-data-text tw-text-large tw-ta\" dir=\"ltr\" data-placeholder=\"Prijevod\" data-ved=\"2ahUKEwiYitmT7sKLAxVNhv0HHdSpLZEQ3ewLegQIBxAV\" aria-label=\"Prevedeni tekst: Trascorrete la vostra estate in una bella casa in un posto tranquillo \u2013 Modrave, Dalmazia! Al mare, in tutta tranquillit\u00e0 trascorrerai la tua vacanza da sogno. La bella casa vacanze si trova a Modrave, a soli 150 metri dal famoso ristorante La Spu\u017e, che offre un'ampia selezione di specialit\u00e0 tradizionali della cucina dalmata. Il comune di Pirovac \u00e8 a 6 chilometri di distanza, dove potete trovare il supermercato Plodine, la posta croata, la farmacia ecc. La citt\u00e0 di Drage in direzione di Zara \u00e8 a 4 chilometri di distanza. Potete fare una gita di un giorno in macchina in diversi parchi naturali e nazionali (Incoronate, cascate di Krka, Paklenica, lago di Vrana, Dinara, Velebit). La casa \u00e8 ideale per una famiglia che desidera privacy e tranquillit\u00e0. A 50 metri dalla casa troverete una bellissima spiaggia con un mare cristallino. Se preferisci restare in casa, puoi rinfrescarti nella vasca idromassaggio all'aperto. La casa dispone anche di un barbecue all'aperto dove potrete preparare ogni giorno specialit\u00e0 di pesce o di carne. Offre inoltre un angolo villaggio per il riposo, altalene per bambini, sdraio e garage per la vostra auto. L'intera propriet\u00e0 \u00e8 ad uso esclusivo dei vostri cari ospiti. L'interno della casa \u00e8 completamente attrezzato. E' dotato di televisore, aria condizionata, wi-fi, lavatrice, lavastoviglie, bollitore, macchina per il caff\u00e8, fornello a gas, frigorifero e asciugacapelli. Ha un'energia solare di 220 V, 10 kw. Un drink di benvenuto attende ogni ospite. Gli animali domestici sono i benvenuti, senza alcun costo aggiuntivo.\"><span class=\"Y2IQFc\" lang=\"it\">Trascorrete la vostra estate in una bella casa in un posto tranquillo \u2013 Modrave, Dalmazia!\r\nAl mare, in tutta tranquillit\u00e0 trascorrerai la tua vacanza da sogno. La bella casa vacanze si trova a Modrave, a soli 150 metri dal famoso ristorante La Spu\u017e, che offre un'ampia selezione di specialit\u00e0 tradizionali della cucina dalmata.\r\nIl comune di Pirovac \u00e8 a 6 chilometri di distanza, dove potete trovare il supermercato Plodine, la posta croata, la farmacia ecc.\r\nLa citt\u00e0 di Drage in direzione di Zara \u00e8 a 4 chilometri di distanza.\r\nPotete fare una gita di un giorno in macchina in diversi parchi naturali e nazionali (Incoronate, cascate di Krka, Paklenica, lago di Vrana, Dinara, Velebit).\r\n\r\nLa casa \u00e8 ideale per una famiglia che desidera privacy e tranquillit\u00e0.\r\n\r\nA 50 metri dalla casa troverete una bellissima spiaggia con un mare cristallino.\r\nSe preferisci restare in casa, puoi rinfrescarti nella vasca idromassaggio all'aperto.\r\nLa casa dispone anche di un barbecue all'aperto dove potrete preparare ogni giorno specialit\u00e0 di pesce o di carne.\r\nOffre inoltre un angolo villaggio per il riposo, altalene per bambini, sdraio e garage per la vostra auto.\r\nL'intera propriet\u00e0 \u00e8 ad uso esclusivo dei vostri cari ospiti.\r\nL'interno della casa \u00e8 completamente attrezzato.\r\nE' dotato di televisore, aria condizionata, wi-fi, lavatrice, lavastoviglie, bollitore, macchina per il caff\u00e8, fornello a gas, frigorifero e asciugacapelli.\r\nHa un'energia solare di 220 V, 10 kw.\r\nUn drink di benvenuto attende ogni ospite.\r\n\r\nGli animali domestici sono i benvenuti, senza alcun costo aggiuntivo.<\/span><\/pre>\n","protected":false},"featured_media":54071,"template":"","meta":{"_acf_changed":false},"product_brand":[],"product_cat":[161,162,167,166],"product_tag":[],"class_list":{"0":"post-54177","1":"product","2":"type-product","3":"status-publish","4":"has-post-thumbnail","6":"product_cat-appartamenti-con-piscina","7":"product_cat-appartamenti-per-famiglie","8":"product_cat-case-di-pescatori","9":"product_cat-case-vacanze","11":"first","12":"instock","13":"sold-individually","14":"shipping-taxable","15":"purchasable","16":"product-type-phive_booking"},"acf":[],"_links":{"self":[{"href":"https:\/\/murter-online.com\/it\/wp-json\/wp\/v2\/product\/54177","targetHints":{"allow":["GET"]}}],"collection":[{"href":"https:\/\/murter-online.com\/it\/wp-json\/wp\/v2\/product"}],"about":[{"href":"https:\/\/murter-online.com\/it\/wp-json\/wp\/v2\/types\/product"}],"wp:featuredmedia":[{"embeddable":true,"href":"https:\/\/murter-online.com\/it\/wp-json\/wp\/v2\/media\/54071"}],"wp:attachment":[{"href":"https:\/\/murter-online.com\/it\/wp-json\/wp\/v2\/media?parent=54177"}],"wp:term":[{"taxonomy":"product_brand","embeddable":true,"href":"https:\/\/murter-online.com\/it\/wp-json\/wp\/v2\/product_brand?post=54177"},{"taxonomy":"product_cat","embeddable":true,"href":"https:\/\/murter-online.com\/it\/wp-json\/wp\/v2\/product_cat?post=54177"},{"taxonomy":"product_tag","embeddable":true,"href":"https:\/\/murter-online.com\/it\/wp-json\/wp\/v2\/product_tag?post=54177"}],"curies":[{"name":"wp","href":"https:\/\/api.w.org\/{rel}","templated":true}]}}