{"id":54281,"date":"2025-02-16T16:40:16","date_gmt":"2025-02-16T15:40:16","guid":{"rendered":"https:\/\/murter-online.com\/?post_type=product&#038;p=54281"},"modified":"2025-04-13T09:36:15","modified_gmt":"2025-04-13T08:36:15","slug":"appartamento-luke-seaview-a4-id32-copy","status":"publish","type":"product","link":"https:\/\/murter-online.com\/it\/prodotto\/appartamento-luke-seaview-a4-id32-copy\/","title":{"rendered":"Appartamento con vista mare vicino alla spiaggia di Luke Murter A4 ID32"},"content":{"rendered":"","protected":false},"excerpt":{"rendered":"<p>L&#8217;appartamento \u00e8 situato in una posizione eccellente. -Vicino alla Luke Beach della citt\u00e0. -Ha una vista sul mare. -Si trova in una posizione tranquilla e pacifica -\u00c8 dotato di TV, aria condizionata, WiFi gratuito -Lenzuola e asciugamani sono nell&#8217;appartamento -Parcheggio e pulizia finale sono inclusi nel prezzo.<\/p>\n","protected":false},"featured_media":45491,"template":"","meta":{"_acf_changed":false},"product_brand":[],"product_cat":[160,132,162],"product_tag":[],"class_list":{"0":"post-54281","1":"product","2":"type-product","3":"status-publish","4":"has-post-thumbnail","6":"product_cat-appartamenti-con-vista-mare","7":"product_cat-appartamenti","8":"product_cat-appartamenti-per-famiglie","10":"first","11":"instock","12":"sold-individually","13":"shipping-taxable","14":"purchasable","15":"product-type-phive_booking"},"acf":[],"_links":{"self":[{"href":"https:\/\/murter-online.com\/it\/wp-json\/wp\/v2\/product\/54281","targetHints":{"allow":["GET"]}}],"collection":[{"href":"https:\/\/murter-online.com\/it\/wp-json\/wp\/v2\/product"}],"about":[{"href":"https:\/\/murter-online.com\/it\/wp-json\/wp\/v2\/types\/product"}],"wp:featuredmedia":[{"embeddable":true,"href":"https:\/\/murter-online.com\/it\/wp-json\/wp\/v2\/media\/45491"}],"wp:attachment":[{"href":"https:\/\/murter-online.com\/it\/wp-json\/wp\/v2\/media?parent=54281"}],"wp:term":[{"taxonomy":"product_brand","embeddable":true,"href":"https:\/\/murter-online.com\/it\/wp-json\/wp\/v2\/product_brand?post=54281"},{"taxonomy":"product_cat","embeddable":true,"href":"https:\/\/murter-online.com\/it\/wp-json\/wp\/v2\/product_cat?post=54281"},{"taxonomy":"product_tag","embeddable":true,"href":"https:\/\/murter-online.com\/it\/wp-json\/wp\/v2\/product_tag?post=54281"}],"curies":[{"name":"wp","href":"https:\/\/api.w.org\/{rel}","templated":true}]}}