{"id":54297,"date":"2025-02-17T16:53:08","date_gmt":"2025-02-17T15:53:08","guid":{"rendered":"https:\/\/murter-online.com\/?post_type=product&#038;p=54297"},"modified":"2025-04-03T17:25:24","modified_gmt":"2025-04-03T16:25:24","slug":"appartamento-jersane-vista-mare-a21-id-57","status":"publish","type":"product","link":"https:\/\/murter-online.com\/it\/prodotto\/appartamento-jersane-vista-mare-a21-id-57\/","title":{"rendered":"Appartamento con vista mare Luke Murter A2+1 ID 57"},"content":{"rendered":"","protected":false},"excerpt":{"rendered":"<p>Appartamento Jersane Vista Mare A2 + 1 ID 56 si trova in un&#8217;ottima posizione, lontano dal mare a pochi metri. Nelle vicinanze si trova la spiaggia cittadina Luke, ristorante, caff\u00e8 e supermercato. Il centro citt\u00e0 \u00e8 a circa 10 minuti a piedi. L&#8217;appartamento ha un balcone da cui si pu\u00f2 godere della splendida vista sul mare e sulle isole circostanti. L&#8217;appartamento \u00e8 dotato di WiFi gratuito e aria condizionata. Lenzuola, asciugamani e pulizia finale sono inclusi nel prezzo.<\/p>\n","protected":false},"featured_media":21059,"template":"","meta":{"_acf_changed":false},"product_brand":[],"product_cat":[160,132],"product_tag":[],"class_list":{"0":"post-54297","1":"product","2":"type-product","3":"status-publish","4":"has-post-thumbnail","6":"product_cat-appartamenti-con-vista-mare","7":"product_cat-appartamenti","9":"first","10":"instock","11":"sold-individually","12":"shipping-taxable","13":"purchasable","14":"product-type-phive_booking"},"acf":[],"_links":{"self":[{"href":"https:\/\/murter-online.com\/it\/wp-json\/wp\/v2\/product\/54297","targetHints":{"allow":["GET"]}}],"collection":[{"href":"https:\/\/murter-online.com\/it\/wp-json\/wp\/v2\/product"}],"about":[{"href":"https:\/\/murter-online.com\/it\/wp-json\/wp\/v2\/types\/product"}],"wp:featuredmedia":[{"embeddable":true,"href":"https:\/\/murter-online.com\/it\/wp-json\/wp\/v2\/media\/21059"}],"wp:attachment":[{"href":"https:\/\/murter-online.com\/it\/wp-json\/wp\/v2\/media?parent=54297"}],"wp:term":[{"taxonomy":"product_brand","embeddable":true,"href":"https:\/\/murter-online.com\/it\/wp-json\/wp\/v2\/product_brand?post=54297"},{"taxonomy":"product_cat","embeddable":true,"href":"https:\/\/murter-online.com\/it\/wp-json\/wp\/v2\/product_cat?post=54297"},{"taxonomy":"product_tag","embeddable":true,"href":"https:\/\/murter-online.com\/it\/wp-json\/wp\/v2\/product_tag?post=54297"}],"curies":[{"name":"wp","href":"https:\/\/api.w.org\/{rel}","templated":true}]}}