{"id":56661,"date":"2025-01-03T15:15:04","date_gmt":"2025-01-03T15:15:04","guid":{"rendered":"https:\/\/murter-online.com\/?post_type=product&#038;p=56661"},"modified":"2025-04-26T07:32:45","modified_gmt":"2025-04-26T06:32:45","slug":"appartamento-familiare-kornatska-summer-flower-murter-a41-id-116","status":"publish","type":"product","link":"https:\/\/murter-online.com\/it\/prodotto\/appartamento-familiare-kornatska-summer-flower-murter-a41-id-116\/","title":{"rendered":"Appartamento familiare Kornatska Summer Flower Murter A4+1 ID 116"},"content":{"rendered":"","protected":false},"excerpt":{"rendered":"<p>L&#8217;appartamento \u00e8 situato in una buona posizione, a 350 m dal mare. L&#8217;appartamento \u00e8 dotato di tv, forno, connessione internet Wi-Fi GRATUITA. L&#8217;appartamento \u00e8 dotato di bagno con doccia. C&#8217;\u00e8 un soggiorno che pu\u00f2 essere utilizzato per dormire. La superficie abitabile \u00e8 di 60 m2. e il balcone\/terrazzo \u00e8 grande 30 m2. Nell&#8217;appartamento possono dormire 4 persone sui letti principali e 1 persona sul divano letto nel soggiorno. L&#8217;appartamento si trova al piano terra. Animali domestici &#8211; secondo accordo. L&#8217;appartamento dispone di un proprio parcheggio gratuito. C&#8217;\u00e8 un barbecue all&#8217;aperto. L&#8217;appartamento \u00e8 di 450 mq. dal centro ea circa 350m. lontano dal mare o dalla prima spiaggia di Murter.<\/p>\n<p>&nbsp;<\/p>\n","protected":false},"featured_media":22347,"template":"","meta":{"_acf_changed":false},"product_brand":[],"product_cat":[132,162],"product_tag":[],"class_list":{"0":"post-56661","1":"product","2":"type-product","3":"status-publish","4":"has-post-thumbnail","6":"product_cat-appartamenti","7":"product_cat-appartamenti-per-famiglie","9":"first","10":"instock","11":"sold-individually","12":"shipping-taxable","13":"purchasable","14":"product-type-phive_booking"},"acf":[],"_links":{"self":[{"href":"https:\/\/murter-online.com\/it\/wp-json\/wp\/v2\/product\/56661","targetHints":{"allow":["GET"]}}],"collection":[{"href":"https:\/\/murter-online.com\/it\/wp-json\/wp\/v2\/product"}],"about":[{"href":"https:\/\/murter-online.com\/it\/wp-json\/wp\/v2\/types\/product"}],"wp:featuredmedia":[{"embeddable":true,"href":"https:\/\/murter-online.com\/it\/wp-json\/wp\/v2\/media\/22347"}],"wp:attachment":[{"href":"https:\/\/murter-online.com\/it\/wp-json\/wp\/v2\/media?parent=56661"}],"wp:term":[{"taxonomy":"product_brand","embeddable":true,"href":"https:\/\/murter-online.com\/it\/wp-json\/wp\/v2\/product_brand?post=56661"},{"taxonomy":"product_cat","embeddable":true,"href":"https:\/\/murter-online.com\/it\/wp-json\/wp\/v2\/product_cat?post=56661"},{"taxonomy":"product_tag","embeddable":true,"href":"https:\/\/murter-online.com\/it\/wp-json\/wp\/v2\/product_tag?post=56661"}],"curies":[{"name":"wp","href":"https:\/\/api.w.org\/{rel}","templated":true}]}}