{"id":59774,"date":"2025-12-22T11:48:46","date_gmt":"2025-12-22T10:48:46","guid":{"rendered":"https:\/\/murter-online.com\/?post_type=product&#038;p=59774"},"modified":"2025-12-22T15:28:25","modified_gmt":"2025-12-22T14:28:25","slug":"appartamento-con-vista-mare-a-murter-podraduc-nikolina-a22-id-323","status":"publish","type":"product","link":"https:\/\/murter-online.com\/it\/prodotto\/appartamento-con-vista-mare-a-murter-podraduc-nikolina-a22-id-323\/","title":{"rendered":"Appartamento con vista mare a Murter Podradu\u010d Nikolina A2+2 ID 323"},"content":{"rendered":"","protected":false},"excerpt":{"rendered":"<p id=\"tw-target-text\" class=\"tw-data-text tw-text-large tw-ta\" dir=\"ltr\" tabindex=\"-1\" role=\"text\" data-placeholder=\"Prijevod\" data-ved=\"2ahUKEwiSuorPstGRAxXB9AIHHbhjDqkQ3ewLegQIDBAW\" aria-label=\"Prevedeni tekst: L'appartamento con una bellissima vista sul mare si trova in una parte attraente di Murter, in via Podradu\u010d, in un luogo tranquillo e silenzioso. L'appartamento ha 1 camera da letto dove possono dormire 2 persone, l'appartamento ha anche un soggiorno con un letto supplementare che pu\u00f2 essere utilizzato per dormire. C'\u00e8 il forno, il bollitore, il congelatore, il resto della cucina \u00e8 completamente attrezzata. L'appartamento ha una bellissima terrazza con vista sul mare delle isole Kornati. L'appartamento \u00e8 dotato di aria condizionata, connessione Wi-Fi gratuita e TV satellitare. C'\u00e8 un parcheggio gratuito per gli ospiti di fronte all'appartamento. Nel cortile dell'appartamento c'\u00e8 un barbecue che pu\u00f2 essere utilizzato gratuitamente. Sotto l'appartamento (70 metri) c'\u00e8 una bellissima spiaggia rocciosa pulita.\"><span class=\"Y2IQFc\" lang=\"it\">L&#8217;appartamento con una bellissima vista sul mare si trova in una parte attraente di Murter, in via Podradu\u010d, in un luogo tranquillo e silenzioso. L&#8217;appartamento ha 1 camera da letto dove possono dormire 2 persone, l&#8217;appartamento ha anche un soggiorno con un letto supplementare che pu\u00f2 essere utilizzato per dormire. C&#8217;\u00e8 il forno, il bollitore, il congelatore, il resto della cucina \u00e8 completamente attrezzata. L&#8217;appartamento ha una bellissima terrazza con vista sul mare delle isole Kornati. L&#8217;appartamento \u00e8 dotato di aria condizionata, connessione Wi-Fi gratuita e TV satellitare. C&#8217;\u00e8 un parcheggio gratuito per gli ospiti di fronte all&#8217;appartamento. Nel cortile dell&#8217;appartamento c&#8217;\u00e8 un barbecue che pu\u00f2 essere utilizzato gratuitamente. Sotto l&#8217;appartamento (70 metri) c&#8217;\u00e8 una bellissima spiaggia rocciosa pulita.<\/span><\/p>\n","protected":false},"featured_media":59690,"template":"","meta":{"_acf_changed":false},"product_brand":[],"product_cat":[],"product_tag":[],"class_list":{"0":"post-59774","1":"product","2":"type-product","3":"status-publish","4":"has-post-thumbnail","7":"first","8":"instock","9":"sold-individually","10":"shipping-taxable","11":"purchasable","12":"product-type-phive_booking"},"acf":[],"_links":{"self":[{"href":"https:\/\/murter-online.com\/it\/wp-json\/wp\/v2\/product\/59774","targetHints":{"allow":["GET"]}}],"collection":[{"href":"https:\/\/murter-online.com\/it\/wp-json\/wp\/v2\/product"}],"about":[{"href":"https:\/\/murter-online.com\/it\/wp-json\/wp\/v2\/types\/product"}],"wp:featuredmedia":[{"embeddable":true,"href":"https:\/\/murter-online.com\/it\/wp-json\/wp\/v2\/media\/59690"}],"wp:attachment":[{"href":"https:\/\/murter-online.com\/it\/wp-json\/wp\/v2\/media?parent=59774"}],"wp:term":[{"taxonomy":"product_brand","embeddable":true,"href":"https:\/\/murter-online.com\/it\/wp-json\/wp\/v2\/product_brand?post=59774"},{"taxonomy":"product_cat","embeddable":true,"href":"https:\/\/murter-online.com\/it\/wp-json\/wp\/v2\/product_cat?post=59774"},{"taxonomy":"product_tag","embeddable":true,"href":"https:\/\/murter-online.com\/it\/wp-json\/wp\/v2\/product_tag?post=59774"}],"curies":[{"name":"wp","href":"https:\/\/api.w.org\/{rel}","templated":true}]}}