{"id":59928,"date":"2025-12-25T19:51:02","date_gmt":"2025-12-25T18:51:02","guid":{"rendered":"https:\/\/murter-online.com\/?post_type=product&#038;p=59928"},"modified":"2025-12-26T08:44:13","modified_gmt":"2025-12-26T07:44:13","slug":"appartamento-con-vista-mare-murter-podraduc-nikolina-a41-id-329","status":"publish","type":"product","link":"https:\/\/murter-online.com\/it\/prodotto\/appartamento-con-vista-mare-murter-podraduc-nikolina-a41-id-329\/","title":{"rendered":"Appartamento con vista mare Murter Podradu\u010d Nikolina A4+1 ID 329"},"content":{"rendered":"","protected":false},"excerpt":{"rendered":"<p id=\"tw-target-text\" class=\"tw-data-text tw-text-large tw-ta\" dir=\"ltr\" tabindex=\"-1\" role=\"text\" data-placeholder=\"Prijevod\" data-ved=\"2ahUKEwigirKCtdmRAxVN_bsIHYsrA64Q3ewLegQIDBAW\" aria-label=\"Prevedeni tekst: Questo appartamento con camere da letto si trova a Murter in via Podradu\u010d. Se volete una vacanza tranquilla vicino al mare sarebbe un'ottima scelta per voi. L'appartamento ha una grande terrazza con splendida vista sul mare. L'appartamento ha due camere da letto dove possono dormire altre persone e un letto supplementare nel soggiorno che pu\u00f2 essere utilizzato per dormire. La cucina \u00e8 completamente attrezzata. L'appartamento \u00e8 dotato di forno, grande frigorifero, lavastoviglie, aria condizionata, WiFi gratuito. C'\u00e8 un barbecue all'aperto che pu\u00f2 essere utilizzato gratuitamente. Il parcheggio si trova davanti alla casa ed \u00e8 compreso nel prezzo dell'appartamento. C'\u00e8 una spiaggia rocciosa a 80 metri da questo appartamento.\"><span class=\"Y2IQFc\" lang=\"it\">Questo appartamento con camere da letto si trova a Murter in via Podradu\u010d. Se volete una vacanza tranquilla vicino al mare sarebbe un&#8217;ottima scelta per voi. L&#8217;appartamento ha una grande terrazza con splendida vista sul mare. L&#8217;appartamento ha due camere da letto dove possono dormire altre persone e un letto supplementare nel soggiorno che pu\u00f2 essere utilizzato per dormire. La cucina \u00e8 completamente attrezzata. L&#8217;appartamento \u00e8 dotato di forno, grande frigorifero, lavastoviglie, aria condizionata, WiFi gratuito. C&#8217;\u00e8 un barbecue all&#8217;aperto che pu\u00f2 essere utilizzato gratuitamente. Il parcheggio si trova davanti alla casa ed \u00e8 compreso nel prezzo dell&#8217;appartamento. C&#8217;\u00e8 una spiaggia rocciosa a 80 metri da questo appartamento.<\/span><\/p>\n","protected":false},"featured_media":59933,"template":"","meta":{"_acf_changed":false},"product_brand":[],"product_cat":[160,132],"product_tag":[],"class_list":{"0":"post-59928","1":"product","2":"type-product","3":"status-publish","4":"has-post-thumbnail","6":"product_cat-appartamenti-con-vista-mare","7":"product_cat-appartamenti","9":"first","10":"instock","11":"sold-individually","12":"shipping-taxable","13":"purchasable","14":"product-type-phive_booking"},"acf":[],"_links":{"self":[{"href":"https:\/\/murter-online.com\/it\/wp-json\/wp\/v2\/product\/59928","targetHints":{"allow":["GET"]}}],"collection":[{"href":"https:\/\/murter-online.com\/it\/wp-json\/wp\/v2\/product"}],"about":[{"href":"https:\/\/murter-online.com\/it\/wp-json\/wp\/v2\/types\/product"}],"wp:featuredmedia":[{"embeddable":true,"href":"https:\/\/murter-online.com\/it\/wp-json\/wp\/v2\/media\/59933"}],"wp:attachment":[{"href":"https:\/\/murter-online.com\/it\/wp-json\/wp\/v2\/media?parent=59928"}],"wp:term":[{"taxonomy":"product_brand","embeddable":true,"href":"https:\/\/murter-online.com\/it\/wp-json\/wp\/v2\/product_brand?post=59928"},{"taxonomy":"product_cat","embeddable":true,"href":"https:\/\/murter-online.com\/it\/wp-json\/wp\/v2\/product_cat?post=59928"},{"taxonomy":"product_tag","embeddable":true,"href":"https:\/\/murter-online.com\/it\/wp-json\/wp\/v2\/product_tag?post=59928"}],"curies":[{"name":"wp","href":"https:\/\/api.w.org\/{rel}","templated":true}]}}