{"id":60119,"date":"2025-12-28T11:39:03","date_gmt":"2025-12-28T10:39:03","guid":{"rendered":"https:\/\/murter-online.com\/?post_type=product&#038;p=60119"},"modified":"2025-12-28T18:37:56","modified_gmt":"2025-12-28T17:37:56","slug":"appartamento-familiare-con-vista-mare-a41-podvrske-irena","status":"publish","type":"product","link":"https:\/\/murter-online.com\/it\/prodotto\/appartamento-familiare-con-vista-mare-a41-podvrske-irena\/","title":{"rendered":"Appartamento familiare con vista mare A4+1 Podvr\u0161ke Irena"},"content":{"rendered":"","protected":false},"excerpt":{"rendered":"<p id=\"tw-target-text\" class=\"tw-data-text tw-text-large tw-ta\" dir=\"ltr\" tabindex=\"-1\" role=\"text\" data-placeholder=\"Prijevod\" data-ved=\"2ahUKEwia3OG75uCRAxVehf0HHcouGe0Q3ewLegQIDBAW\" aria-label=\"Prevedeni tekst: Grazioso e nuovo appartamento familiare con due camere da letto \u00e8 situato in un'ottima posizione. Molto vicino alla spiaggia locale di Luke e alla spiaggia sabbiosa di Podvr\u0161ke. Questo appartamento ha due camere da letto dove possono dormire 4 persone, c'\u00e8 un soggiorno con un letto aggiuntivo (divano) che pu\u00f2 essere utilizzato per dormire. L'appartamento \u00e8 dotato di WiFi gratuito, aria condizionata, TV, parcheggio gratuito, macchina per il caff\u00e8, bollitore. Il parcheggio si trova davanti alla casa ed \u00e8 gratuito.\"><span class=\"Y2IQFc\" lang=\"it\">Grazioso e nuovo appartamento familiare con due camere da letto \u00e8 situato in un&#8217;ottima posizione. Molto vicino alla spiaggia locale di Luke e alla spiaggia sabbiosa di Podvr\u0161ke. Questo appartamento ha due camere da letto dove possono dormire 4 persone, c&#8217;\u00e8 un soggiorno con un letto aggiuntivo (divano) che pu\u00f2 essere utilizzato per dormire. L&#8217;appartamento \u00e8 dotato di WiFi gratuito, aria condizionata, TV, parcheggio gratuito, macchina per il caff\u00e8, bollitore. Il parcheggio si trova davanti alla casa ed \u00e8 gratuito.<\/span><\/p>\n","protected":false},"featured_media":60124,"template":"","meta":{"_acf_changed":false},"product_brand":[],"product_cat":[],"product_tag":[],"class_list":{"0":"post-60119","1":"product","2":"type-product","3":"status-publish","4":"has-post-thumbnail","7":"first","8":"instock","9":"sold-individually","10":"shipping-taxable","11":"purchasable","12":"product-type-phive_booking"},"acf":[],"_links":{"self":[{"href":"https:\/\/murter-online.com\/it\/wp-json\/wp\/v2\/product\/60119","targetHints":{"allow":["GET"]}}],"collection":[{"href":"https:\/\/murter-online.com\/it\/wp-json\/wp\/v2\/product"}],"about":[{"href":"https:\/\/murter-online.com\/it\/wp-json\/wp\/v2\/types\/product"}],"wp:featuredmedia":[{"embeddable":true,"href":"https:\/\/murter-online.com\/it\/wp-json\/wp\/v2\/media\/60124"}],"wp:attachment":[{"href":"https:\/\/murter-online.com\/it\/wp-json\/wp\/v2\/media?parent=60119"}],"wp:term":[{"taxonomy":"product_brand","embeddable":true,"href":"https:\/\/murter-online.com\/it\/wp-json\/wp\/v2\/product_brand?post=60119"},{"taxonomy":"product_cat","embeddable":true,"href":"https:\/\/murter-online.com\/it\/wp-json\/wp\/v2\/product_cat?post=60119"},{"taxonomy":"product_tag","embeddable":true,"href":"https:\/\/murter-online.com\/it\/wp-json\/wp\/v2\/product_tag?post=60119"}],"curies":[{"name":"wp","href":"https:\/\/api.w.org\/{rel}","templated":true}]}}