{"id":60430,"date":"2025-12-31T10:51:30","date_gmt":"2025-12-31T09:51:30","guid":{"rendered":"https:\/\/murter-online.com\/?post_type=product&#038;p=60430"},"modified":"2025-12-31T11:06:33","modified_gmt":"2025-12-31T10:06:33","slug":"appartamento-monolocale-murter-podvrske-irena-a21-id-330","status":"publish","type":"product","link":"https:\/\/murter-online.com\/it\/prodotto\/appartamento-monolocale-murter-podvrske-irena-a21-id-330\/","title":{"rendered":"Appartamento monolocale Murter Podvr\u0161ke Irena A2+1 id 330"},"content":{"rendered":"","protected":false},"excerpt":{"rendered":"<p id=\"tw-target-text\" class=\"tw-data-text tw-text-large tw-ta\" dir=\"ltr\" tabindex=\"-1\" role=\"text\" data-placeholder=\"Prijevod\" data-ved=\"2ahUKEwiO-u-lueeRAxU64wIHHUf-EdQQ3ewLegQIDBAW\" aria-label=\"Prevedeni tekst: Grazioso appartamento moderno per 2+1 persone, situato in un'ottima posizione. A soli 4 minuti dalla spiaggia locale di Luke e al massimo 7 minuti a piedi dalla spiaggia sabbiosa di Podvr\u0161ke. L'appartamento ha una camera da letto dove possono dormire 2 persone e un divano letto extra nel soggiorno che pu\u00f2 essere utilizzato per dormire. La piccola cucina \u00e8 completamente attrezzata con un grande frigorifero. Internet Wi-Fi, aria condizionata, biancheria da letto, asciugamani e pulizia finale sono inclusi nel prezzo dell'appartamento. L'appartamento ha un piccolo balcone. Il bagno \u00e8 nuovo e pulito. C'\u00e8 un parcheggio per gli ospiti davanti alla casa nel cortile.\"><span class=\"Y2IQFc\" lang=\"it\">Grazioso appartamento moderno per 2+1 persone, situato in un&#8217;ottima posizione. A soli 4 minuti dalla spiaggia locale di Luke e al massimo 7 minuti a piedi dalla spiaggia sabbiosa di Podvr\u0161ke. L&#8217;appartamento ha una camera da letto dove possono dormire 2 persone e un divano letto extra nel soggiorno che pu\u00f2 essere utilizzato per dormire. La piccola cucina \u00e8 completamente attrezzata con un grande frigorifero. Internet Wi-Fi, aria condizionata, biancheria da letto, asciugamani e pulizia finale sono inclusi nel prezzo dell&#8217;appartamento. L&#8217;appartamento ha un piccolo balcone. Il bagno \u00e8 nuovo e pulito. C&#8217;\u00e8 un parcheggio per gli ospiti davanti alla casa nel cortile.<\/span><\/p>\n","protected":false},"featured_media":60435,"template":"","meta":{"_acf_changed":false},"product_brand":[],"product_cat":[132,162,164],"product_tag":[],"class_list":{"0":"post-60430","1":"product","2":"type-product","3":"status-publish","4":"has-post-thumbnail","6":"product_cat-appartamenti","7":"product_cat-appartamenti-per-famiglie","8":"product_cat-monolocale","10":"first","11":"instock","12":"sold-individually","13":"shipping-taxable","14":"purchasable","15":"product-type-phive_booking"},"acf":[],"_links":{"self":[{"href":"https:\/\/murter-online.com\/it\/wp-json\/wp\/v2\/product\/60430","targetHints":{"allow":["GET"]}}],"collection":[{"href":"https:\/\/murter-online.com\/it\/wp-json\/wp\/v2\/product"}],"about":[{"href":"https:\/\/murter-online.com\/it\/wp-json\/wp\/v2\/types\/product"}],"wp:featuredmedia":[{"embeddable":true,"href":"https:\/\/murter-online.com\/it\/wp-json\/wp\/v2\/media\/60435"}],"wp:attachment":[{"href":"https:\/\/murter-online.com\/it\/wp-json\/wp\/v2\/media?parent=60430"}],"wp:term":[{"taxonomy":"product_brand","embeddable":true,"href":"https:\/\/murter-online.com\/it\/wp-json\/wp\/v2\/product_brand?post=60430"},{"taxonomy":"product_cat","embeddable":true,"href":"https:\/\/murter-online.com\/it\/wp-json\/wp\/v2\/product_cat?post=60430"},{"taxonomy":"product_tag","embeddable":true,"href":"https:\/\/murter-online.com\/it\/wp-json\/wp\/v2\/product_tag?post=60430"}],"curies":[{"name":"wp","href":"https:\/\/api.w.org\/{rel}","templated":true}]}}