{"id":60856,"date":"2026-01-02T20:38:19","date_gmt":"2026-01-02T19:38:19","guid":{"rendered":"https:\/\/murter-online.com\/?post_type=product&#038;p=60856"},"modified":"2026-01-02T21:19:43","modified_gmt":"2026-01-02T20:19:43","slug":"grande-appartamento-familiare-vicino-alla-spiaggia-slanica-a-murter-a-62","status":"publish","type":"product","link":"https:\/\/murter-online.com\/it\/prodotto\/grande-appartamento-familiare-vicino-alla-spiaggia-slanica-a-murter-a-62\/","title":{"rendered":"Grande appartamento familiare vicino alla spiaggia Slanica a Murter A 6+2"},"content":{"rendered":"","protected":false},"excerpt":{"rendered":"<div id=\"tw-container\" class=\"nev7se\" data-cp=\"1\" data-nnttsvi=\"1\" data-sletp=\"false\" data-sm=\"1\" data-ssbp=\"false\" data-sugg-time=\"500\" data-sugg-url=\"https:\/\/clients1.google.com\/complete\/search\" data-uilc=\"hr\" data-vil=\",af,af-ZA,am,am-ET,ar-EG,ar-AE,ar-KW,ar-QA,ar,ar-IL,ar-JO,ar-LB,ar-PS,az,az-AZ,bg,bg-BG,bn,bn-BD,bn-IN,ca,ca-es,cs,cs-CZ,de,de-DE,de-CH,de-AT,de-LI,en,en-US,en-CA,en-AU,en-NZ,en-GB,en-IN,en-KE,en-TZ,en-NG,en-GH,en-PH,en-ZA,es,es-ES,es-AR,es-UY,es-419,es-BO,es-CL,es-CR,es-CO,es-DO,es-EC,es-GT,es-HN,es-NI,es-PA,es-PE,es-PR,es-PY,es-SV,es-VE,es-MX,es-US,eu,eu-ES,fi,fi-FI,fr,fr-FR,fr-CH,fr-BE,gl,gl-ES,gu,gu-IN,he,he-IL,iw,iw-IL,hu,hu-HU,hy,hy-AM,id,id-ID,is,is-IS,it,it-IT,it-CH,ja,ja-JP,jv,jv-ID,ka,ka-GE,km,km-KH,kn,kn-IN,ko,ko-KR,la,lo,lo-LA,lv,lv-LV,ml,ml-IN,mr,mr-IN,ms,ms-MY,nl,nl-NL,nb,nb-NO,ne,ne-NP,pl,pl-PL,pt,pt-BR,pt-PT,ro,ro-RO,ru,ru-RU,si-LK,sk,sk-SK,sr,sr-RS,su,su-ID,sv,sv-SE,sw,sw-TZ,sw-KE,ta,ta-IN,ta-SG,ta-LK,ta-MY,te,te-IN,tr,tr-TR,ur,ur-PK,ur-IN,yue,yue-HK,yue-Hant-HK,zh-HK,zh,zh-CN,zh-cmn,zh-cmn-CN,zh-Hans,zh-Hans-CN,zh-cmn-Hans,zh-cmn-Hans-CN,cmn-CN,cmn-Hans,cmn-Hans-CN,zh-TW,zh-Hant-TW,cmn-TW,cmn-Hant-TW,zh-cmn-TW,zh-cmn-Hant-TW,zu,zu-ZA,hi,hi-IN,tl,tl-PH,pa,pa-IN\">\n<div>\n<div>\n<div id=\"tw-ob\" class=\"tw-src-ltr\">\n<div class=\"oSioSc\">\n<div id=\"tw-target\">\n<div id=\"kAz1tf\" class=\"g9WsWb PZPZlf\" data-attrid=\"tw-targetArea\" data-entityname=\"Google Translate\">\n<div id=\"tw-target-text-container\" class=\"tw-ta-container tw-nfl\" tabindex=\"0\" role=\"text\">\n<p id=\"tw-target-text\" class=\"tw-data-text tw-text-large tw-ta\" dir=\"ltr\" tabindex=\"-1\" role=\"text\" data-placeholder=\"Prijevod\" data-ved=\"2ahUKEwjayOSjyO2RAxUt-QIHHWJzNIcQ3ewLegQIDBAW\" aria-label=\"Prevedeni tekst: Bellissimo e spazioso appartamento familiare, situato in una posizione eccellente, a soli 200 metri dalla spiaggia di sabbia pi\u00f9 famosa di Murter - Slanica. L'appartamento si trova al primo piano della casa, dispone di 3 ampie camere da letto dove possono dormire 6 adulti. Nel soggiorno c'\u00e8 un letto supplementare (divano) che pu\u00f2 essere utilizzato per dormire. L'appartamento \u00e8 dotato di WiFi, TV satellitare, lavastoviglie. La cucina \u00e8 completamente attrezzata. L'appartamento \u00e8 dotato di doppi servizi e due ampi balconi. C'\u00e8 un parcheggio gratuito per gli ospiti davanti alla casa, incluso nel prezzo. C'\u00e8 un bellissimo arredamento da giardino con barbecue che pu\u00f2 essere utilizzato gratuitamente.\"><span class=\"Y2IQFc\" lang=\"it\">Bellissimo e spazioso appartamento familiare, situato in una posizione eccellente, a soli 200 metri dalla spiaggia di sabbia pi\u00f9 famosa di Murter &#8211; Slanica. L&#8217;appartamento si trova al primo piano della casa, dispone di 3 ampie camere da letto dove possono dormire 6 adulti. Nel soggiorno c&#8217;\u00e8 un letto supplementare (divano) che pu\u00f2 essere utilizzato per dormire. L&#8217;appartamento \u00e8 dotato di WiFi, TV satellitare, lavastoviglie. La cucina \u00e8 completamente attrezzata. L&#8217;appartamento \u00e8 dotato di doppi servizi e due ampi balconi. C&#8217;\u00e8 un parcheggio gratuito per gli ospiti davanti alla casa, incluso nel prezzo. C&#8217;\u00e8 un bellissimo arredamento da giardino con barbecue che pu\u00f2 essere utilizzato gratuitamente.<\/span><\/p>\n<\/div>\n<div id=\"tw-target-rmn-container\" class=\"tw-target-rmn tw-ta-container tw-nfl\" tabindex=\"-1\" role=\"text\">\n<pre id=\"tw-target-rmn\" class=\"tw-data-placeholder tw-text-small tw-ta\" dir=\"ltr\" tabindex=\"-1\" role=\"text\" data-placeholder=\"\"><\/pre>\n<\/div>\n<div class=\"iYB33c\">\n<div id=\"tw-tmenu\" class=\"tw-menu\"><\/div>\n<\/div>\n<\/div>\n<\/div>\n<\/div>\n<\/div>\n<div id=\"tw-images\"><\/div>\n<div class=\"dURPtb\"><\/div>\n<div>\n<div><\/div>\n<\/div>\n<\/div>\n<\/div>\n<\/div>\n<p class=\"KFFQ0c xKf9F\">\n","protected":false},"featured_media":60675,"template":"","meta":{"_acf_changed":false},"product_brand":[],"product_cat":[132,162],"product_tag":[],"class_list":{"0":"post-60856","1":"product","2":"type-product","3":"status-publish","4":"has-post-thumbnail","6":"product_cat-appartamenti","7":"product_cat-appartamenti-per-famiglie","9":"first","10":"instock","11":"sold-individually","12":"shipping-taxable","13":"purchasable","14":"product-type-phive_booking"},"acf":[],"_links":{"self":[{"href":"https:\/\/murter-online.com\/it\/wp-json\/wp\/v2\/product\/60856","targetHints":{"allow":["GET"]}}],"collection":[{"href":"https:\/\/murter-online.com\/it\/wp-json\/wp\/v2\/product"}],"about":[{"href":"https:\/\/murter-online.com\/it\/wp-json\/wp\/v2\/types\/product"}],"wp:featuredmedia":[{"embeddable":true,"href":"https:\/\/murter-online.com\/it\/wp-json\/wp\/v2\/media\/60675"}],"wp:attachment":[{"href":"https:\/\/murter-online.com\/it\/wp-json\/wp\/v2\/media?parent=60856"}],"wp:term":[{"taxonomy":"product_brand","embeddable":true,"href":"https:\/\/murter-online.com\/it\/wp-json\/wp\/v2\/product_brand?post=60856"},{"taxonomy":"product_cat","embeddable":true,"href":"https:\/\/murter-online.com\/it\/wp-json\/wp\/v2\/product_cat?post=60856"},{"taxonomy":"product_tag","embeddable":true,"href":"https:\/\/murter-online.com\/it\/wp-json\/wp\/v2\/product_tag?post=60856"}],"curies":[{"name":"wp","href":"https:\/\/api.w.org\/{rel}","templated":true}]}}