{"id":65086,"date":"2026-03-15T12:00:07","date_gmt":"2026-03-15T11:00:07","guid":{"rendered":"https:\/\/murter-online.com\/?post_type=product&#038;p=65086"},"modified":"2026-03-23T12:59:38","modified_gmt":"2026-03-23T11:59:38","slug":"appartamento-per-21-persone-ljubica-rudi-vicino-alla-spiaggia-slanica-id-329","status":"publish","type":"product","link":"https:\/\/murter-online.com\/it\/prodotto\/appartamento-per-21-persone-ljubica-rudi-vicino-alla-spiaggia-slanica-id-329\/","title":{"rendered":"Appartamento per 2+1 persone Ljubica &#038; Rudi vicino alla spiaggia Slanica id 329"},"content":{"rendered":"","protected":false},"excerpt":{"rendered":"<p id=\"tw-target-text\" class=\"tw-data-text tw-text-large tw-ta\" dir=\"ltr\" tabindex=\"-1\" role=\"text\" data-placeholder=\"Prijevod\" data-ved=\"2ahUKEwjfs4WR9rWTAxWv3wIHHQEoEGcQ3ewLegQIDBAW\" aria-label=\"Prevedeni tekst: Appartamento bello, pulito e nuovo per max. 3 persone situato vicino alla spiaggia sabbiosa di Slanica. Si tratta di un monolocale con cucina e bagno. La cucina \u00e8 completamente attrezzata. L'aria condizionata e l'uso del Wi-Fi sono compresi nel prezzo dell'appartamento. L'appartamento \u00e8 situato in una posizione tranquilla. C'\u00e8 una terrazza con posti a sedere di fronte all'appartamento. Il parcheggio per gli ospiti \u00e8 gratuito e si trova nel cortile della casa. C'\u00e8 anche una doccia esterna e un barbecue che pu\u00f2 essere utilizzato gratuitamente.\"><span class=\"Y2IQFc\" lang=\"it\">Appartamento bello, pulito e nuovo per max. 3 persone situato vicino alla spiaggia sabbiosa di Slanica. Si tratta di un monolocale con cucina e bagno. La cucina \u00e8 completamente attrezzata. L&#8217;aria condizionata e l&#8217;uso del Wi-Fi sono compresi nel prezzo dell&#8217;appartamento. L&#8217;appartamento \u00e8 situato in una posizione tranquilla. C&#8217;\u00e8 una terrazza con posti a sedere di fronte all&#8217;appartamento. Il parcheggio per gli ospiti \u00e8 gratuito e si trova nel cortile della casa. C&#8217;\u00e8 anche una doccia esterna e un barbecue che pu\u00f2 essere utilizzato gratuitamente.<\/span><\/p>\n","protected":false},"featured_media":64829,"template":"","meta":{"_acf_changed":false},"product_brand":[],"product_cat":[132,162,164],"product_tag":[],"class_list":{"0":"post-65086","1":"product","2":"type-product","3":"status-publish","4":"has-post-thumbnail","6":"product_cat-appartamenti","7":"product_cat-appartamenti-per-famiglie","8":"product_cat-monolocale","10":"first","11":"instock","12":"sold-individually","13":"shipping-taxable","14":"purchasable","15":"product-type-phive_booking"},"acf":[],"_links":{"self":[{"href":"https:\/\/murter-online.com\/it\/wp-json\/wp\/v2\/product\/65086","targetHints":{"allow":["GET"]}}],"collection":[{"href":"https:\/\/murter-online.com\/it\/wp-json\/wp\/v2\/product"}],"about":[{"href":"https:\/\/murter-online.com\/it\/wp-json\/wp\/v2\/types\/product"}],"wp:featuredmedia":[{"embeddable":true,"href":"https:\/\/murter-online.com\/it\/wp-json\/wp\/v2\/media\/64829"}],"wp:attachment":[{"href":"https:\/\/murter-online.com\/it\/wp-json\/wp\/v2\/media?parent=65086"}],"wp:term":[{"taxonomy":"product_brand","embeddable":true,"href":"https:\/\/murter-online.com\/it\/wp-json\/wp\/v2\/product_brand?post=65086"},{"taxonomy":"product_cat","embeddable":true,"href":"https:\/\/murter-online.com\/it\/wp-json\/wp\/v2\/product_cat?post=65086"},{"taxonomy":"product_tag","embeddable":true,"href":"https:\/\/murter-online.com\/it\/wp-json\/wp\/v2\/product_tag?post=65086"}],"curies":[{"name":"wp","href":"https:\/\/api.w.org\/{rel}","templated":true}]}}