{"id":65235,"date":"2026-03-14T16:47:09","date_gmt":"2026-03-14T15:47:09","guid":{"rendered":"https:\/\/murter-online.com\/?post_type=product&#038;p=65235"},"modified":"2026-03-29T20:40:05","modified_gmt":"2026-03-29T19:40:05","slug":"appartamento-ljubica-rudi-vicino-alla-spiaggia-slanica-con-vista-mare-a4-id-327","status":"publish","type":"product","link":"https:\/\/murter-online.com\/it\/prodotto\/appartamento-ljubica-rudi-vicino-alla-spiaggia-slanica-con-vista-mare-a4-id-327\/","title":{"rendered":"Appartamento Ljubica &#038; Rudi vicino alla spiaggia Slanica con vista mare A4 ID 327"},"content":{"rendered":"","protected":false},"excerpt":{"rendered":"<p id=\"tw-target-text\" class=\"tw-data-text tw-text-large tw-ta\" dir=\"ltr\" tabindex=\"-1\" role=\"text\" data-placeholder=\"Prijevod\" data-ved=\"2ahUKEwjSu__Y3cWTAxV4-QIHHRZFLNQQ3ewLegQIDBAW\" aria-label=\"Prevedeni tekst: Grazioso appartamento familiare con vista sul mare \u00e8 situato in una posizione tranquilla, vicino alla spiaggia sabbiosa di Slanica. Dispone di due camere da letto dove possono dormire 4 persone. La cucina \u00e8 completamente attrezzata, c'\u00e8 anche bollitore e forno a microonde. Il WiFi e l'aria condizionata sono gratuiti. Il parcheggio per gli ospiti \u00e8 gratuito nel cortile davanti alla casa. C'\u00e8 una lavatrice. Il bagno \u00e8 completamente attrezzato. Davanti all'appartamento c'\u00e8 un barbecue che pu\u00f2 essere utilizzato gratuitamente.\"><span class=\"Y2IQFc\" lang=\"it\">Grazioso appartamento familiare con vista sul mare \u00e8 situato in una posizione tranquilla, vicino alla spiaggia sabbiosa di Slanica. Dispone di due camere da letto dove possono dormire 4 persone. La cucina \u00e8 completamente attrezzata, c&#8217;\u00e8 anche bollitore e forno a microonde. Il WiFi e l&#8217;aria condizionata sono gratuiti. Il parcheggio per gli ospiti \u00e8 gratuito nel cortile davanti alla casa. C&#8217;\u00e8 una lavatrice. Il bagno \u00e8 completamente attrezzato. Davanti all&#8217;appartamento c&#8217;\u00e8 un barbecue che pu\u00f2 essere utilizzato gratuitamente.<\/span><\/p>\n","protected":false},"featured_media":64342,"template":"","meta":{"_acf_changed":false},"product_brand":[],"product_cat":[160,132,162],"product_tag":[],"class_list":{"0":"post-65235","1":"product","2":"type-product","3":"status-publish","4":"has-post-thumbnail","6":"product_cat-appartamenti-con-vista-mare","7":"product_cat-appartamenti","8":"product_cat-appartamenti-per-famiglie","10":"first","11":"instock","12":"sold-individually","13":"shipping-taxable","14":"purchasable","15":"product-type-phive_booking"},"acf":[],"_links":{"self":[{"href":"https:\/\/murter-online.com\/it\/wp-json\/wp\/v2\/product\/65235","targetHints":{"allow":["GET"]}}],"collection":[{"href":"https:\/\/murter-online.com\/it\/wp-json\/wp\/v2\/product"}],"about":[{"href":"https:\/\/murter-online.com\/it\/wp-json\/wp\/v2\/types\/product"}],"wp:featuredmedia":[{"embeddable":true,"href":"https:\/\/murter-online.com\/it\/wp-json\/wp\/v2\/media\/64342"}],"wp:attachment":[{"href":"https:\/\/murter-online.com\/it\/wp-json\/wp\/v2\/media?parent=65235"}],"wp:term":[{"taxonomy":"product_brand","embeddable":true,"href":"https:\/\/murter-online.com\/it\/wp-json\/wp\/v2\/product_brand?post=65235"},{"taxonomy":"product_cat","embeddable":true,"href":"https:\/\/murter-online.com\/it\/wp-json\/wp\/v2\/product_cat?post=65235"},{"taxonomy":"product_tag","embeddable":true,"href":"https:\/\/murter-online.com\/it\/wp-json\/wp\/v2\/product_tag?post=65235"}],"curies":[{"name":"wp","href":"https:\/\/api.w.org\/{rel}","templated":true}]}}