{"id":65677,"date":"2026-04-07T20:06:31","date_gmt":"2026-04-07T19:06:31","guid":{"rendered":"https:\/\/murter-online.com\/?post_type=product&#038;p=65677"},"modified":"2026-04-14T09:45:39","modified_gmt":"2026-04-14T08:45:39","slug":"apartment-soul-of-the-sea-near-sandy-slanica-beach-with-a-pool-and-sea-view-a41","status":"publish","type":"product","link":"https:\/\/murter-online.com\/it\/prodotto\/apartment-soul-of-the-sea-near-sandy-slanica-beach-with-a-pool-and-sea-view-a41\/","title":{"rendered":"Appartamento Soul of the Sea vicino alla spiaggia sabbiosa di Slanica con piscina e vista mare A4+1"},"content":{"rendered":"","protected":false},"excerpt":{"rendered":"<p id=\"tw-target-text\" class=\"tw-data-text tw-text-large tw-ta\" dir=\"ltr\" tabindex=\"-1\" role=\"text\" data-placeholder=\"Prijevod\" data-ved=\"2ahUKEwjipqL1-OyTAxVG2AIHHZnvCPwQ3ewLegQIDBAV\" aria-label=\"Prevedeni tekst: Benvenuti in questo appartamento appena ristrutturato e arredato in un caldo stile mediterraneo, ideale per un soggiorno rilassante durante tutto l'anno. L'appartamento \u00e8 completamente attrezzato per una vacanza piacevole e spensierata. Tutte le camere da letto e il soggiorno sono dotati di condizionatori, mentre nella stagione fredda ulteriore calore e atmosfera sono forniti da un camino a legna. La particolarit\u00e0 dell'appartamento \u00e8 una bellissima terrazza con vista aperta sul mare sui due lati dell'isola, perfetta per godersi il caff\u00e8 mattutino o serale e socializzare. Si trova a soli 300 metri dalla spiaggia pi\u00f9 bella dell'isola (Slanica) e a circa 10 minuti a piedi dal centro di Murter. Gli ospiti hanno a disposizione una piscina privata riscaldata, accessibile esclusivamente a loro (senza altri utenti) con terrazza esterna, sdraio, pergola ecc. (la piscina non \u00e8 disponibile nel periodo dal 11.07. al 17.08.) L'uso della piscina e della terrazza attorno alla piscina con sdraio, pergola, ecc. verr\u00e0 addebitato agli ospiti che lo desiderano \u20ac 45 al giorno in pi\u00f9 perch\u00e9 la piscina sar\u00e0 ad uso esclusivo di loro (non altri utenti).\"><span class=\"Y2IQFc\" lang=\"it\">Benvenuti in questo appartamento appena ristrutturato e arredato in un caldo stile mediterraneo, ideale per un soggiorno rilassante durante tutto l&#8217;anno. L&#8217;appartamento \u00e8 completamente attrezzato per una vacanza piacevole e spensierata. Tutte le camere da letto e il soggiorno sono dotati di condizionatori, mentre nella stagione fredda ulteriore calore e atmosfera sono forniti da un camino a legna. La particolarit\u00e0 dell&#8217;appartamento \u00e8 una bellissima terrazza con vista aperta sul mare sui due lati dell&#8217;isola, perfetta per godersi il caff\u00e8 mattutino o serale e socializzare. Si trova a soli 300 metri dalla spiaggia pi\u00f9 bella dell&#8217;isola (Slanica) e a circa 10 minuti a piedi dal centro di Murter. Gli ospiti hanno a disposizione una piscina privata riscaldata, accessibile esclusivamente a loro (senza altri utenti) con terrazza esterna, sdraio, pergola ecc. (la piscina non \u00e8 disponibile nel periodo dal 11.07. al 17.08.) L&#8217;uso della piscina e della terrazza attorno alla piscina con sdraio, pergola, ecc. verr\u00e0 addebitato agli ospiti che lo desiderano \u20ac 45 al giorno in pi\u00f9 perch\u00e9 la piscina sar\u00e0 ad uso esclusivo di loro (non altri utenti).<\/span><\/p>\n","protected":false},"featured_media":65459,"template":"","meta":{"_acf_changed":false},"product_brand":[],"product_cat":[161,160,132,162],"product_tag":[],"class_list":{"0":"post-65677","1":"product","2":"type-product","3":"status-publish","4":"has-post-thumbnail","6":"product_cat-appartamenti-con-piscina","7":"product_cat-appartamenti-con-vista-mare","8":"product_cat-appartamenti","9":"product_cat-appartamenti-per-famiglie","11":"first","12":"instock","13":"sold-individually","14":"shipping-taxable","15":"purchasable","16":"product-type-phive_booking"},"acf":[],"_links":{"self":[{"href":"https:\/\/murter-online.com\/it\/wp-json\/wp\/v2\/product\/65677","targetHints":{"allow":["GET"]}}],"collection":[{"href":"https:\/\/murter-online.com\/it\/wp-json\/wp\/v2\/product"}],"about":[{"href":"https:\/\/murter-online.com\/it\/wp-json\/wp\/v2\/types\/product"}],"wp:featuredmedia":[{"embeddable":true,"href":"https:\/\/murter-online.com\/it\/wp-json\/wp\/v2\/media\/65459"}],"wp:attachment":[{"href":"https:\/\/murter-online.com\/it\/wp-json\/wp\/v2\/media?parent=65677"}],"wp:term":[{"taxonomy":"product_brand","embeddable":true,"href":"https:\/\/murter-online.com\/it\/wp-json\/wp\/v2\/product_brand?post=65677"},{"taxonomy":"product_cat","embeddable":true,"href":"https:\/\/murter-online.com\/it\/wp-json\/wp\/v2\/product_cat?post=65677"},{"taxonomy":"product_tag","embeddable":true,"href":"https:\/\/murter-online.com\/it\/wp-json\/wp\/v2\/product_tag?post=65677"}],"curies":[{"name":"wp","href":"https:\/\/api.w.org\/{rel}","templated":true}]}}