{"id":48485,"date":"2024-12-17T11:37:45","date_gmt":"2024-12-17T11:37:45","guid":{"rendered":"https:\/\/murter.riot.hr\/?page_id=48485"},"modified":"2025-01-13T18:56:30","modified_gmt":"2025-01-13T18:56:30","slug":"sposoby-platnosci","status":"publish","type":"page","link":"https:\/\/murter-online.com\/pl\/sposoby-platnosci\/","title":{"rendered":"Sposoby p\u0142atno\u015bci"},"content":{"rendered":"\t\t<div data-elementor-type=\"wp-page\" data-elementor-id=\"48485\" class=\"elementor elementor-48485 elementor-10211\" data-elementor-settings=\"{&quot;element_pack_global_tooltip_width&quot;:{&quot;unit&quot;:&quot;px&quot;,&quot;size&quot;:&quot;&quot;,&quot;sizes&quot;:[]},&quot;element_pack_global_tooltip_width_tablet&quot;:{&quot;unit&quot;:&quot;px&quot;,&quot;size&quot;:&quot;&quot;,&quot;sizes&quot;:[]},&quot;element_pack_global_tooltip_width_mobile&quot;:{&quot;unit&quot;:&quot;px&quot;,&quot;size&quot;:&quot;&quot;,&quot;sizes&quot;:[]},&quot;element_pack_global_tooltip_padding&quot;:{&quot;unit&quot;:&quot;px&quot;,&quot;top&quot;:&quot;&quot;,&quot;right&quot;:&quot;&quot;,&quot;bottom&quot;:&quot;&quot;,&quot;left&quot;:&quot;&quot;,&quot;isLinked&quot;:true},&quot;element_pack_global_tooltip_padding_tablet&quot;:{&quot;unit&quot;:&quot;px&quot;,&quot;top&quot;:&quot;&quot;,&quot;right&quot;:&quot;&quot;,&quot;bottom&quot;:&quot;&quot;,&quot;left&quot;:&quot;&quot;,&quot;isLinked&quot;:true},&quot;element_pack_global_tooltip_padding_mobile&quot;:{&quot;unit&quot;:&quot;px&quot;,&quot;top&quot;:&quot;&quot;,&quot;right&quot;:&quot;&quot;,&quot;bottom&quot;:&quot;&quot;,&quot;left&quot;:&quot;&quot;,&quot;isLinked&quot;:true},&quot;element_pack_global_tooltip_border_radius&quot;:{&quot;unit&quot;:&quot;px&quot;,&quot;top&quot;:&quot;&quot;,&quot;right&quot;:&quot;&quot;,&quot;bottom&quot;:&quot;&quot;,&quot;left&quot;:&quot;&quot;,&quot;isLinked&quot;:true},&quot;element_pack_global_tooltip_border_radius_tablet&quot;:{&quot;unit&quot;:&quot;px&quot;,&quot;top&quot;:&quot;&quot;,&quot;right&quot;:&quot;&quot;,&quot;bottom&quot;:&quot;&quot;,&quot;left&quot;:&quot;&quot;,&quot;isLinked&quot;:true},&quot;element_pack_global_tooltip_border_radius_mobile&quot;:{&quot;unit&quot;:&quot;px&quot;,&quot;top&quot;:&quot;&quot;,&quot;right&quot;:&quot;&quot;,&quot;bottom&quot;:&quot;&quot;,&quot;left&quot;:&quot;&quot;,&quot;isLinked&quot;:true}}\">\n\t\t\t\t<div class=\"elementor-element elementor-element-1bd9a4d e-flex e-con-boxed e-con e-parent\" data-id=\"1bd9a4d\" data-element_type=\"container\" data-e-type=\"container\" data-settings=\"{&quot;background_background&quot;:&quot;classic&quot;}\">\n\t\t\t\t\t<div class=\"e-con-inner\">\n\t\t\t\t<div class=\"elementor-element elementor-element-5700d58 elementor-widget elementor-widget-heading\" data-id=\"5700d58\" data-element_type=\"widget\" data-e-type=\"widget\" data-widget_type=\"heading.default\">\n\t\t\t\t<div class=\"elementor-widget-container\">\n\t\t\t\t\t<h1 class=\"elementor-heading-title elementor-size-default\">Sposoby p\u0142atno\u015bci<\/h1>\t\t\t\t<\/div>\n\t\t\t\t<\/div>\n\t\t\t\t\t<\/div>\n\t\t\t\t<\/div>\n\t\t<div class=\"elementor-element elementor-element-0a29bf5 e-flex e-con-boxed e-con e-parent\" data-id=\"0a29bf5\" data-element_type=\"container\" data-e-type=\"container\">\n\t\t\t\t\t<div class=\"e-con-inner\">\n\t\t\t\t<div class=\"elementor-element elementor-element-31e0e39 elementor-widget elementor-widget-text-editor\" data-id=\"31e0e39\" data-element_type=\"widget\" data-e-type=\"widget\" data-widget_type=\"text-editor.default\">\n\t\t\t\t<div class=\"elementor-widget-container\">\n\t\t\t\t\t\t\t\t\t<h2 class=\"mb-4\">Sposoby p\u0142atno\u015bci<\/h2>\n<div>\n<p>W rubryce \u201eSposoby p\u0142atno\u015bci\u201d znajduje si\u0119 informacja jak dokona\u0107 wp\u0142aty zadatku za wybrany obiekt oraz jak znale\u017a\u0107 odpowiedni\u0105 form\u0119 p\u0142atno\u015bci.<\/p>\n<p><br \/>1. P\u0142atno\u015b\u0107 got\u00f3wk\u0105 w agencji turystycznej Murter-online.com<br \/>\u00a0 \u00a0 beneficjent: Craft for services &#8211; agencja turystyczna Murter-online.com, Fausta Vran\u010di\u0107a 5, 22243 Murter, Chorwacja<\/p>\n<p>2. Przekazem pocztowym<br \/>\u00a0 \u00a0 odbiorca: imi\u0119, nazwisko i adres osoby dokonuj\u0105cej rezerwacji<br \/>\u00a0 \u00a0 kwota: kwota przedp\u0142aty zgodnie z faktur\u0105 pro-forma<br \/>\u00a0 \u00a0 cel p\u0142atno\u015bci: rezerwacja noclegu<br \/>\u00a0 \u00a0 beneficjent: Craft for services &#8211; agencja turystyczna Murter-online.com, Fausta Vran\u010di\u0107a 5, 22243 Murter, Chorwacja<\/p>\n<p>3. Wp\u0142ata na rachunek bie\u017c\u0105cy agencji (p\u0142atno\u015b\u0107 tylko na terenie Republiki Chorwacji)<br \/>\u00a0 \u00a0 odbiorca: imi\u0119, nazwisko i adres osoby dokonuj\u0105cej rezerwacji<br \/>\u00a0 \u00a0 kwota: kwota zaliczki zgodnie z faktur\u0105 pro-forma<br \/>\u00a0 \u00a0 cel p\u0142atno\u015bci: rezerwacja noclegu<br \/>\u00a0 \u00a0 beneficjent: Craft for services &#8211; agencja turystyczna Murter-online.com, Fausta Vran\u010di\u0107a 5, 22243 Murter, Chorwacja<\/p>\n<p>\u00a0 \u00a0 IBAN: HR6523400091160618318<br \/>\u00a0 \u00a0 KOD SWIFT: PBZGHR2X<br \/>\u00a0 \u00a0 PRIVREDNA BANKA ZAGREB d.d.<br \/>\u00a0 \u00a0 CHORWACJA<\/p>\n<p>4. Wp\u0142ata na rachunek walutowy agencji (p\u0142atno\u015b\u0107 poza Republik\u0105 Chorwacji)<br \/>\u00a0 \u00a0 odbiorca: imi\u0119, nazwisko i adres osoby dokonuj\u0105cej rezerwacji<br \/>\u00a0 \u00a0 kwota: kwota zaliczki zgodnie z faktur\u0105 pro-forma<br \/>\u00a0 \u00a0 cel p\u0142atno\u015bci: rezerwacja noclegu<br \/>\u00a0 \u00a0 beneficjent: Craft for services &#8211; agencja turystyczna Murter-online.com, Fausta Vran\u010di\u0107a 5, 22243 Murter, Chorwacja<\/p>\n<p>\u00a0 \u00a0 IBAN: HR6523400091160618318<br \/>\u00a0 \u00a0 KOD SWIFT: PBZGHR2X<br \/>\u00a0 \u00a0 PRIVREDNA BANKA ZAGREB d.d.<br \/>\u00a0 \u00a0 CHORWACJA<\/p>\n<\/div>\t\t\t\t\t\t\t\t<\/div>\n\t\t\t\t<\/div>\n\t\t\t\t\t<\/div>\n\t\t\t\t<\/div>\n\t\t\t\t<\/div>\n\t\t","protected":false},"excerpt":{"rendered":"<p>Sposoby p\u0142atno\u015bci Sposoby p\u0142atno\u015bci W rubryce \u201eSposoby p\u0142atno\u015bci\u201d znajduje si\u0119 informacja jak dokona\u0107 wp\u0142aty zadatku za wybrany obiekt oraz jak znale\u017a\u0107 odpowiedni\u0105 form\u0119 p\u0142atno\u015bci. 1. P\u0142atno\u015b\u0107 got\u00f3wk\u0105 w agencji turystycznej Murter-online.com\u00a0 \u00a0 beneficjent: Craft for services &#8211; agencja turystyczna Murter-online.com, Fausta Vran\u010di\u0107a 5, 22243 Murter, Chorwacja 2. Przekazem pocztowym\u00a0 \u00a0 odbiorca: imi\u0119, nazwisko i adres [&hellip;]<\/p>\n","protected":false},"author":2,"featured_media":0,"parent":0,"menu_order":0,"comment_status":"closed","ping_status":"closed","template":"","meta":{"_acf_changed":false,"footnotes":""},"class_list":["post-48485","page","type-page","status-publish","hentry"],"acf":[],"_links":{"self":[{"href":"https:\/\/murter-online.com\/pl\/wp-json\/wp\/v2\/pages\/48485","targetHints":{"allow":["GET"]}}],"collection":[{"href":"https:\/\/murter-online.com\/pl\/wp-json\/wp\/v2\/pages"}],"about":[{"href":"https:\/\/murter-online.com\/pl\/wp-json\/wp\/v2\/types\/page"}],"author":[{"embeddable":true,"href":"https:\/\/murter-online.com\/pl\/wp-json\/wp\/v2\/users\/2"}],"replies":[{"embeddable":true,"href":"https:\/\/murter-online.com\/pl\/wp-json\/wp\/v2\/comments?post=48485"}],"version-history":[{"count":4,"href":"https:\/\/murter-online.com\/pl\/wp-json\/wp\/v2\/pages\/48485\/revisions"}],"predecessor-version":[{"id":48489,"href":"https:\/\/murter-online.com\/pl\/wp-json\/wp\/v2\/pages\/48485\/revisions\/48489"}],"wp:attachment":[{"href":"https:\/\/murter-online.com\/pl\/wp-json\/wp\/v2\/media?parent=48485"}],"curies":[{"name":"wp","href":"https:\/\/api.w.org\/{rel}","templated":true}]}}