{"id":48507,"date":"2024-12-17T11:34:23","date_gmt":"2024-12-17T11:34:23","guid":{"rendered":"https:\/\/murter.riot.hr\/?page_id=48507"},"modified":"2025-01-13T19:03:31","modified_gmt":"2025-01-13T19:03:31","slug":"jak-zarezerwowac-nocleg","status":"publish","type":"page","link":"https:\/\/murter-online.com\/pl\/jak-zarezerwowac-nocleg\/","title":{"rendered":"Jak zarezerwowa\u0107 nocleg"},"content":{"rendered":"\t\t<div data-elementor-type=\"wp-page\" data-elementor-id=\"48507\" class=\"elementor elementor-48507 elementor-10203\" data-elementor-settings=\"{&quot;element_pack_global_tooltip_width&quot;:{&quot;unit&quot;:&quot;px&quot;,&quot;size&quot;:&quot;&quot;,&quot;sizes&quot;:[]},&quot;element_pack_global_tooltip_width_tablet&quot;:{&quot;unit&quot;:&quot;px&quot;,&quot;size&quot;:&quot;&quot;,&quot;sizes&quot;:[]},&quot;element_pack_global_tooltip_width_mobile&quot;:{&quot;unit&quot;:&quot;px&quot;,&quot;size&quot;:&quot;&quot;,&quot;sizes&quot;:[]},&quot;element_pack_global_tooltip_padding&quot;:{&quot;unit&quot;:&quot;px&quot;,&quot;top&quot;:&quot;&quot;,&quot;right&quot;:&quot;&quot;,&quot;bottom&quot;:&quot;&quot;,&quot;left&quot;:&quot;&quot;,&quot;isLinked&quot;:true},&quot;element_pack_global_tooltip_padding_tablet&quot;:{&quot;unit&quot;:&quot;px&quot;,&quot;top&quot;:&quot;&quot;,&quot;right&quot;:&quot;&quot;,&quot;bottom&quot;:&quot;&quot;,&quot;left&quot;:&quot;&quot;,&quot;isLinked&quot;:true},&quot;element_pack_global_tooltip_padding_mobile&quot;:{&quot;unit&quot;:&quot;px&quot;,&quot;top&quot;:&quot;&quot;,&quot;right&quot;:&quot;&quot;,&quot;bottom&quot;:&quot;&quot;,&quot;left&quot;:&quot;&quot;,&quot;isLinked&quot;:true},&quot;element_pack_global_tooltip_border_radius&quot;:{&quot;unit&quot;:&quot;px&quot;,&quot;top&quot;:&quot;&quot;,&quot;right&quot;:&quot;&quot;,&quot;bottom&quot;:&quot;&quot;,&quot;left&quot;:&quot;&quot;,&quot;isLinked&quot;:true},&quot;element_pack_global_tooltip_border_radius_tablet&quot;:{&quot;unit&quot;:&quot;px&quot;,&quot;top&quot;:&quot;&quot;,&quot;right&quot;:&quot;&quot;,&quot;bottom&quot;:&quot;&quot;,&quot;left&quot;:&quot;&quot;,&quot;isLinked&quot;:true},&quot;element_pack_global_tooltip_border_radius_mobile&quot;:{&quot;unit&quot;:&quot;px&quot;,&quot;top&quot;:&quot;&quot;,&quot;right&quot;:&quot;&quot;,&quot;bottom&quot;:&quot;&quot;,&quot;left&quot;:&quot;&quot;,&quot;isLinked&quot;:true}}\">\n\t\t\t\t<div class=\"elementor-element elementor-element-effad43 e-flex e-con-boxed e-con e-parent\" data-id=\"effad43\" data-element_type=\"container\" data-e-type=\"container\" data-settings=\"{&quot;background_background&quot;:&quot;classic&quot;}\">\n\t\t\t\t\t<div class=\"e-con-inner\">\n\t\t\t\t<div class=\"elementor-element elementor-element-cb51215 elementor-widget elementor-widget-heading\" data-id=\"cb51215\" data-element_type=\"widget\" data-e-type=\"widget\" data-widget_type=\"heading.default\">\n\t\t\t\t<div class=\"elementor-widget-container\">\n\t\t\t\t\t<h1 class=\"elementor-heading-title elementor-size-default\">Jak zarezerwowa\u0107 nocleg<\/h1>\t\t\t\t<\/div>\n\t\t\t\t<\/div>\n\t\t\t\t\t<\/div>\n\t\t\t\t<\/div>\n\t\t<div class=\"elementor-element elementor-element-95d957c e-flex e-con-boxed e-con e-parent\" data-id=\"95d957c\" data-element_type=\"container\" data-e-type=\"container\">\n\t\t\t\t\t<div class=\"e-con-inner\">\n\t\t\t\t<div class=\"elementor-element elementor-element-03fd065 elementor-widget elementor-widget-text-editor\" data-id=\"03fd065\" data-element_type=\"widget\" data-e-type=\"widget\" data-widget_type=\"text-editor.default\">\n\t\t\t\t<div class=\"elementor-widget-container\">\n\t\t\t\t\t\t\t\t\t<h2 class=\"mb-4\">Jak zarezerwowa\u0107 nocleg<\/h2>\n<div>\n<p><br \/>W sekcji \u201eJak rezerwowa\u0107\u201d opisujemy, jak szybko i \u0142atwo znale\u017a\u0107 i zarezerwowa\u0107 odpowiednie zakwaterowanie:<\/p>\n<p>1. Wyszukaj interesuj\u0105c\u0105 Ci\u0119 kategori\u0119:<\/p>\n<p>a) Okre\u015bl dat\u0119 przyjazdu i wyjazdu<br \/>b) Wybierz spo\u015br\u00f3d nast\u0119puj\u0105cych rodzaj\u00f3w zakwaterowania: wille, domy wakacyjne, apartamenty, pokoje, domy rybackie &#8211; Robinson turystyka<br \/>c) Wybierz liczb\u0119 os\u00f3b<br \/>d) Klikn\u0105\u0107 \u201eWyszukaj\u201d<\/p>\n<p>2. Wybierz jednostki, kt\u00f3re lubisz<\/p>\n<p>3. Prze\u015blij zapytanie o dost\u0119pno\u015b\u0107 jednostki<\/p>\n<p>a) Po klikni\u0119ciu na apartament w \u201eZobacz szczeg\u00f3\u0142y\u201d w kalendarzu, klikni\u0119cie na \u201eWyb\u00f3r\u201d, zaznaczenie daty przyjazdu i wyjazdu.<br \/>b) Okres zapytania w kalendarzu zostanie zaznaczony na zielono i automatycznie otworzy si\u0119 opcja \u201eWY\u015aLIJ ZAPYTANIE\u201d, kliknij t\u0119 opcj\u0119 i uzupe\u0142nij dane.<br \/>c) Po otrzymaniu zapytania odpowiemy najszybciej, jak to mo\u017cliwe.<\/p>\n<p>4. Zarezerwuj to, co jest dost\u0119pne<\/p>\n<p>Gdy ju\u017c zauwa\u017cysz, kt\u00f3re noclegi s\u0105 dost\u0119pne, wybierz to, kt\u00f3re najbardziej Ci si\u0119 podoba i rozpocznij proces rezerwacji, potwierdzaj\u0105c rezerwacj\u0119 jednostki.<\/p>\n<p>\u00a0<\/p>\n<p>5. Potwierdzenie rezerwacji przedp\u0142at\u0105<\/p>\n<p>Decyduj\u0105c si\u0119 na rezerwacj\u0119 zakwaterowania, musisz wp\u0142aci\u0107 zadatek, kt\u00f3ry stanowi procent pe\u0142nej ceny zakwaterowania:<\/p>\n<p>&#8211; 10% &#8211; 30% w zale\u017cno\u015bci od wybranego zakwaterowania dla apartament\u00f3w, pokoi, willi, dom\u00f3w wakacyjnych i dom\u00f3w robinson (reszta p\u0142atna bezpo\u015brednio po przyje\u017adzie w\u0142a\u015bcicielowi (lub agencji) zgodnie z otrzymanym voucherem.<\/p>\n<p>Zaliczka musi by\u0107 wp\u0142acona w ci\u0105gu 24 godzin sezonu (1 lipca &#8211; 1 wrze\u015bnia) lub w ci\u0105gu 2 dni w pozosta\u0142ej cz\u0119\u015bci roku. Potwierdzenie p\u0142atno\u015bci nale\u017cy nast\u0119pnie przes\u0142a\u0107 poczt\u0105 elektroniczn\u0105 lub faksem do agencji.<\/p>\n<p>Po otrzymaniu wp\u0142aty rezerwacja zostanie potwierdzona.<\/p>\n<p>\u00a0<\/p>\n<p>6. Przyjazd<\/p>\n<p>Zameldowanie po 14:00, Wymeldowanie: do 10:00<\/p>\n<p>Zameldowanie go\u015bci po przyje\u017adzie: po przyje\u017adzie bezpo\u015brednio u w\u0142a\u015bciciela apartamentu na Murter lub z pracownikiem agencji MURTER-ONLINE.COM<\/p>\n<\/div>\t\t\t\t\t\t\t\t<\/div>\n\t\t\t\t<\/div>\n\t\t\t\t\t<\/div>\n\t\t\t\t<\/div>\n\t\t\t\t<\/div>\n\t\t","protected":false},"excerpt":{"rendered":"<p>Jak zarezerwowa\u0107 nocleg Jak zarezerwowa\u0107 nocleg W sekcji \u201eJak rezerwowa\u0107\u201d opisujemy, jak szybko i \u0142atwo znale\u017a\u0107 i zarezerwowa\u0107 odpowiednie zakwaterowanie: 1. Wyszukaj interesuj\u0105c\u0105 Ci\u0119 kategori\u0119: a) Okre\u015bl dat\u0119 przyjazdu i wyjazdub) Wybierz spo\u015br\u00f3d nast\u0119puj\u0105cych rodzaj\u00f3w zakwaterowania: wille, domy wakacyjne, apartamenty, pokoje, domy rybackie &#8211; Robinson turystykac) Wybierz liczb\u0119 os\u00f3bd) Klikn\u0105\u0107 \u201eWyszukaj\u201d 2. Wybierz jednostki, kt\u00f3re [&hellip;]<\/p>\n","protected":false},"author":2,"featured_media":0,"parent":0,"menu_order":0,"comment_status":"closed","ping_status":"closed","template":"","meta":{"_acf_changed":false,"footnotes":""},"class_list":["post-48507","page","type-page","status-publish","hentry"],"acf":[],"_links":{"self":[{"href":"https:\/\/murter-online.com\/pl\/wp-json\/wp\/v2\/pages\/48507","targetHints":{"allow":["GET"]}}],"collection":[{"href":"https:\/\/murter-online.com\/pl\/wp-json\/wp\/v2\/pages"}],"about":[{"href":"https:\/\/murter-online.com\/pl\/wp-json\/wp\/v2\/types\/page"}],"author":[{"embeddable":true,"href":"https:\/\/murter-online.com\/pl\/wp-json\/wp\/v2\/users\/2"}],"replies":[{"embeddable":true,"href":"https:\/\/murter-online.com\/pl\/wp-json\/wp\/v2\/comments?post=48507"}],"version-history":[{"count":4,"href":"https:\/\/murter-online.com\/pl\/wp-json\/wp\/v2\/pages\/48507\/revisions"}],"predecessor-version":[{"id":48511,"href":"https:\/\/murter-online.com\/pl\/wp-json\/wp\/v2\/pages\/48507\/revisions\/48511"}],"wp:attachment":[{"href":"https:\/\/murter-online.com\/pl\/wp-json\/wp\/v2\/media?parent=48507"}],"curies":[{"name":"wp","href":"https:\/\/api.w.org\/{rel}","templated":true}]}}