{"id":48531,"date":"2024-12-17T11:41:14","date_gmt":"2024-12-17T11:41:14","guid":{"rendered":"https:\/\/murter.riot.hr\/?page_id=48531"},"modified":"2025-01-13T19:12:39","modified_gmt":"2025-01-13T19:12:39","slug":"gdpr","status":"publish","type":"page","link":"https:\/\/murter-online.com\/pl\/gdpr\/","title":{"rendered":"GDPR"},"content":{"rendered":"\t\t<div data-elementor-type=\"wp-page\" data-elementor-id=\"48531\" class=\"elementor elementor-48531 elementor-10217\" data-elementor-settings=\"{&quot;element_pack_global_tooltip_width&quot;:{&quot;unit&quot;:&quot;px&quot;,&quot;size&quot;:&quot;&quot;,&quot;sizes&quot;:[]},&quot;element_pack_global_tooltip_width_tablet&quot;:{&quot;unit&quot;:&quot;px&quot;,&quot;size&quot;:&quot;&quot;,&quot;sizes&quot;:[]},&quot;element_pack_global_tooltip_width_mobile&quot;:{&quot;unit&quot;:&quot;px&quot;,&quot;size&quot;:&quot;&quot;,&quot;sizes&quot;:[]},&quot;element_pack_global_tooltip_padding&quot;:{&quot;unit&quot;:&quot;px&quot;,&quot;top&quot;:&quot;&quot;,&quot;right&quot;:&quot;&quot;,&quot;bottom&quot;:&quot;&quot;,&quot;left&quot;:&quot;&quot;,&quot;isLinked&quot;:true},&quot;element_pack_global_tooltip_padding_tablet&quot;:{&quot;unit&quot;:&quot;px&quot;,&quot;top&quot;:&quot;&quot;,&quot;right&quot;:&quot;&quot;,&quot;bottom&quot;:&quot;&quot;,&quot;left&quot;:&quot;&quot;,&quot;isLinked&quot;:true},&quot;element_pack_global_tooltip_padding_mobile&quot;:{&quot;unit&quot;:&quot;px&quot;,&quot;top&quot;:&quot;&quot;,&quot;right&quot;:&quot;&quot;,&quot;bottom&quot;:&quot;&quot;,&quot;left&quot;:&quot;&quot;,&quot;isLinked&quot;:true},&quot;element_pack_global_tooltip_border_radius&quot;:{&quot;unit&quot;:&quot;px&quot;,&quot;top&quot;:&quot;&quot;,&quot;right&quot;:&quot;&quot;,&quot;bottom&quot;:&quot;&quot;,&quot;left&quot;:&quot;&quot;,&quot;isLinked&quot;:true},&quot;element_pack_global_tooltip_border_radius_tablet&quot;:{&quot;unit&quot;:&quot;px&quot;,&quot;top&quot;:&quot;&quot;,&quot;right&quot;:&quot;&quot;,&quot;bottom&quot;:&quot;&quot;,&quot;left&quot;:&quot;&quot;,&quot;isLinked&quot;:true},&quot;element_pack_global_tooltip_border_radius_mobile&quot;:{&quot;unit&quot;:&quot;px&quot;,&quot;top&quot;:&quot;&quot;,&quot;right&quot;:&quot;&quot;,&quot;bottom&quot;:&quot;&quot;,&quot;left&quot;:&quot;&quot;,&quot;isLinked&quot;:true}}\">\n\t\t\t\t<div class=\"elementor-element elementor-element-371472b e-flex e-con-boxed e-con e-parent\" data-id=\"371472b\" data-element_type=\"container\" data-e-type=\"container\" data-settings=\"{&quot;background_background&quot;:&quot;classic&quot;}\">\n\t\t\t\t\t<div class=\"e-con-inner\">\n\t\t\t\t<div class=\"elementor-element elementor-element-7394ba3 elementor-widget elementor-widget-heading\" data-id=\"7394ba3\" data-element_type=\"widget\" data-e-type=\"widget\" data-widget_type=\"heading.default\">\n\t\t\t\t<div class=\"elementor-widget-container\">\n\t\t\t\t\t<h1 class=\"elementor-heading-title elementor-size-default\">GDPR<\/h1>\t\t\t\t<\/div>\n\t\t\t\t<\/div>\n\t\t\t\t\t<\/div>\n\t\t\t\t<\/div>\n\t\t<div class=\"elementor-element elementor-element-a91d349 e-flex e-con-boxed e-con e-parent\" data-id=\"a91d349\" data-element_type=\"container\" data-e-type=\"container\">\n\t\t\t\t\t<div class=\"e-con-inner\">\n\t\t\t\t<div class=\"elementor-element elementor-element-8b78a76 elementor-widget elementor-widget-text-editor\" data-id=\"8b78a76\" data-element_type=\"widget\" data-e-type=\"widget\" data-widget_type=\"text-editor.default\">\n\t\t\t\t<div class=\"elementor-widget-container\">\n\t\t\t\t\t\t\t\t\t<h2 class=\"mb-4\">GDPR<\/h2><div><p><br \/>W niniejszym dokumencie opisano, w jaki spos\u00f3b AGENCJA TURYSTYCZNA MURTER-ONLINE.COM, Fuasta Vran\u010di\u0107a 5, 22243 Murter, NIP: 76333440164 (dalej: AGENCJA TURYSTYCZNA MURTER-ONLINE.COM) przetwarza dane osobowe.<\/p><p><br \/>Polityka prywatno\u015bci ma zastosowanie do wszystkich danych osobowych u\u017cytkownik\u00f3w, kt\u00f3re gromadzimy i przetwarzamy. Dane kontaktowe uzyskane w naszej witrynie nie zostan\u0105 opublikowane ani nie b\u0119d\u0105 wykorzystywane do jakichkolwiek innych cel\u00f3w ni\u017c odpowiadanie na Twoje pytania!<\/p><p><br \/>Swobodnie udost\u0119pniasz swoje dane osobowe w powy\u017cszym celu, co potwierdzasz, wyra\u017caj\u0105c nam wyra\u017an\u0105 i jednoznaczn\u0105 zgod\u0119. Dane, o kt\u00f3rych mowa, s\u0105 potrzebne do realizacji celu, w jakim s\u0105 gromadzone i nie b\u0119d\u0105 wykorzystywane w \u017cadnym celu bez uprzedniego uzyskania Twojej wyra\u017anej zgody. Maj\u0105c to na uwadze, gdyby\u015b nie chcia\u0142 udost\u0119pnia\u0107 nam swoich danych osobowych, AGENCJA TURYSTYCZNA MURTER-ONLINE.COM nie b\u0119dzie w stanie odpowiedzie\u0107 na Twoje zapytanie.<\/p><p><br \/>Informujemy, \u017ce zgod\u0119 na przetwarzanie danych mo\u017cesz cofn\u0105\u0107 w dowolnym momencie bez \u017cadnych konsekwencji, a Twoje zapytanie zostanie rozpatrzone w jak najkr\u00f3tszym czasie. Po cofni\u0119ciu zgody Twoje dane osobowe nie b\u0119d\u0105 ju\u017c przetwarzane i zostan\u0105 usuni\u0119te lub bezpiecznie zniszczone zgodnie z wewn\u0119trznym aktem AGENCJI TURYSTYCZNEJ MURTER-ONLINE.COM.<\/p><p><br \/>Twoje dane osobowe nie b\u0119d\u0105 przekazywane stronom trzecim poza AGENCJ\u0118 TURYSTYCZN\u0104 MURTER-ONLINE.COM. W przypadku udost\u0119pnienia danych osobowych do wykorzystania przez osoby trzecie, AGENCJA TURYSTYCZNA MURTER-ONLINE.COM w pierwszej kolejno\u015bci poinformuje Ci\u0119 o tym, zgodnie z obowi\u0105zuj\u0105cym rozporz\u0105dzeniem o ochronie danych osobowych.<\/p><p><br \/>Twoje dane osobowe nie b\u0119d\u0105 przekazywane do kraj\u00f3w trzecich ani organizacji mi\u0119dzynarodowych.<\/p><p>AGENCJA TURYSTYCZNA MURTER-ONLINE.COM przetwarza Twoje dane osobowe zgodnie z wyznaczonym celem tak d\u0142ugo, jak jest to niezb\u0119dne do realizacji celu, w jakim s\u0105 zbierane. Czas, przez jaki b\u0119d\u0105 przetwarzane Twoje dane, okre\u015bla ustawa wewn\u0119trzna, kt\u00f3ra okre\u015bla spos\u00f3b przetwarzania i przechowywania tych danych.<\/p><p><br \/>W przypadku pyta\u0144 oraz w celu uzyskania dodatkowych informacji na temat wykonywania przys\u0142uguj\u0105cych Ci praw zwi\u0105zanych z ochron\u0105 Twoich danych osobowych, napisz na adres info@murter-online.com.<\/p><p>Ciasteczka<br \/>Aby upewni\u0107 si\u0119, \u017ce ta strona internetowa dzia\u0142a poprawnie, czasami umieszczamy na urz\u0105dzeniach mobilnych ma\u0142e pliki tekstowe, zwane plikami cookie.<\/p><p><br \/>Co to s\u0105 pliki cookie?<br \/>Plik cookie to ma\u0142y plik tekstowy, kt\u00f3ry jest przechowywany na Twoim komputerze lub urz\u0105dzeniu mobilnym podczas odwiedzania okre\u015blonej witryny internetowej. Z jego pomoc\u0105 witryna zapami\u0119tuje Twoje dzia\u0142ania i preferowane ustawienia (takie jak nazwa u\u017cytkownika, j\u0119zyk, rozmiar czcionki i inne preferowane ustawienia zwi\u0105zane z funkcjami wy\u015bwietlania) przez d\u0142u\u017cszy czas, wi\u0119c nie ma potrzeby ich ponownego wprowadzania przy ka\u017cdej wizycie w stron\u0119 lub podczas nawigacji mi\u0119dzy stronami.<\/p><p><br \/>Jak u\u017cywamy plik\u00f3w cookie?<br \/>Na niekt\u00f3rych naszych stronach u\u017cywamy plik\u00f3w cookie, kt\u00f3re nie s\u0105 niezb\u0119dne do wy\u015bwietlania strony internetowej, ale zapewniaj\u0105 przyjemniejsze wra\u017cenia z przegl\u0105dania. Mo\u017cesz usun\u0105\u0107 lub zablokowa\u0107 te pliki cookie, ale je\u015bli to zrobisz, niekt\u00f3re funkcje strony mog\u0105 zosta\u0107 wy\u0142\u0105czone i mo\u017ce nie dzia\u0142a\u0107 tak, jak zosta\u0142a zaprojektowana. Pliki cookies umo\u017cliwiaj\u0105 przechowywanie nast\u0119puj\u0105cych danych:<\/p><p><br \/>j\u0119zyk przegl\u0105darki,<\/p><p>w przypadku sklep\u00f3w internetowych produkty w koszyku lub na Twojej li\u015bcie \u017cycze\u0144,<\/p><p>czy wyrazi\u0142e\u015b zgod\u0119 na u\u017cywanie przez nas plik\u00f3w cookie na tej stronie itp.<\/p><p>Dane osobiste<br \/>Informacje powi\u0105zane z plikami cookie nie s\u0142u\u017c\u0105 do identyfikacji u\u017cytkownika, a informacje dotycz\u0105ce nawyk\u00f3w przegl\u0105dania s\u0105 wy\u0142\u0105cznie pod nasz\u0105 kontrol\u0105. Nie u\u017cywamy plik\u00f3w cookie do innych cel\u00f3w ni\u017c te, kt\u00f3re opisali\u015bmy tutaj.<\/p><p><br \/>Pliki cookie stron trzecich<br \/>Czasami korzystamy z us\u0142ug zewn\u0119trznych do cel\u00f3w statystycznych, aby monitorowa\u0107 korzystanie z witryny, takich jak Google Analytics. W takim przypadku prze\u015ble swoje pliki cookie na Tw\u00f3j komputer &#8211; tzw. Pliki cookie stron trzecich. To samo dzieje si\u0119, gdy u\u017cywamy map z Google Maps.<\/p><p><br \/>Jak kontrolowane s\u0105 pliki cookie?<br \/>Mo\u017cesz kontrolowa\u0107 i \/ lub usuwa\u0107 pliki cookie, jak chcesz. Mo\u017cesz usun\u0105\u0107 wszystkie pliki cookie, kt\u00f3re zosta\u0142y ju\u017c zapisane na Twoim urz\u0105dzeniu. Ustawienia wi\u0119kszo\u015bci przegl\u0105darek blokuj\u0105 zapisywanie plik\u00f3w cookies. Je\u015bli zablokujesz pliki cookie, mo\u017ce by\u0107 konieczne r\u0119czne zmodyfikowanie niekt\u00f3rych preferowanych ustawie\u0144 przy ka\u017cdej wizycie w naszej Witrynie, podczas gdy niekt\u00f3re us\u0142ugi i funkcje mog\u0105 by\u0107 niedost\u0119pne. Je\u015bli nie chcesz otrzymywa\u0107 plik\u00f3w cookie na sw\u00f3j komputer, mo\u017cesz poprosi\u0107 przegl\u0105dark\u0119 o powiadomienie Ci\u0119, gdy je wykryje, lub mo\u017cesz automatycznie odm\u00f3wi\u0107 im dost\u0119pu do Twojego komputera. Mo\u017cesz r\u00f3wnie\u017c usun\u0105\u0107 wszystkie pliki cookie, kt\u00f3re ju\u017c otrzyma\u0142e\u015b. Je\u015bli chcesz ograniczy\u0107 lub zablokowa\u0107 ju\u017c zainstalowane pliki cookie, mo\u017cesz to zrobi\u0107 za pomoc\u0105 ustawie\u0144 swojej przegl\u0105darki. Mo\u017cesz dowiedzie\u0107 si\u0119, jak to si\u0119 robi, w witrynie www.aboutcookies.org, gdzie znajdziesz szczeg\u00f3\u0142owe instrukcje dotycz\u0105ce r\u00f3\u017cnych przegl\u0105darek.<\/p><\/div>\t\t\t\t\t\t\t\t<\/div>\n\t\t\t\t<\/div>\n\t\t\t\t\t<\/div>\n\t\t\t\t<\/div>\n\t\t\t\t<\/div>\n\t\t","protected":false},"excerpt":{"rendered":"<p>GDPR GDPR W niniejszym dokumencie opisano, w jaki spos\u00f3b AGENCJA TURYSTYCZNA MURTER-ONLINE.COM, Fuasta Vran\u010di\u0107a 5, 22243 Murter, NIP: 76333440164 (dalej: AGENCJA TURYSTYCZNA MURTER-ONLINE.COM) przetwarza dane osobowe. Polityka prywatno\u015bci ma zastosowanie do wszystkich danych osobowych u\u017cytkownik\u00f3w, kt\u00f3re gromadzimy i przetwarzamy. Dane kontaktowe uzyskane w naszej witrynie nie zostan\u0105 opublikowane ani nie b\u0119d\u0105 wykorzystywane do jakichkolwiek innych [&hellip;]<\/p>\n","protected":false},"author":2,"featured_media":0,"parent":0,"menu_order":0,"comment_status":"closed","ping_status":"closed","template":"","meta":{"_acf_changed":false,"footnotes":""},"class_list":["post-48531","page","type-page","status-publish","hentry"],"acf":[],"_links":{"self":[{"href":"https:\/\/murter-online.com\/pl\/wp-json\/wp\/v2\/pages\/48531","targetHints":{"allow":["GET"]}}],"collection":[{"href":"https:\/\/murter-online.com\/pl\/wp-json\/wp\/v2\/pages"}],"about":[{"href":"https:\/\/murter-online.com\/pl\/wp-json\/wp\/v2\/types\/page"}],"author":[{"embeddable":true,"href":"https:\/\/murter-online.com\/pl\/wp-json\/wp\/v2\/users\/2"}],"replies":[{"embeddable":true,"href":"https:\/\/murter-online.com\/pl\/wp-json\/wp\/v2\/comments?post=48531"}],"version-history":[{"count":4,"href":"https:\/\/murter-online.com\/pl\/wp-json\/wp\/v2\/pages\/48531\/revisions"}],"predecessor-version":[{"id":48538,"href":"https:\/\/murter-online.com\/pl\/wp-json\/wp\/v2\/pages\/48531\/revisions\/48538"}],"wp:attachment":[{"href":"https:\/\/murter-online.com\/pl\/wp-json\/wp\/v2\/media?parent=48531"}],"curies":[{"name":"wp","href":"https:\/\/api.w.org\/{rel}","templated":true}]}}