{"id":48554,"date":"2024-12-17T11:43:47","date_gmt":"2024-12-17T11:43:47","guid":{"rendered":"https:\/\/murter.riot.hr\/?page_id=48554"},"modified":"2025-01-13T19:20:13","modified_gmt":"2025-01-13T19:20:13","slug":"zawiadomienie-o-reklamacjach","status":"publish","type":"page","link":"https:\/\/murter-online.com\/pl\/zawiadomienie-o-reklamacjach\/","title":{"rendered":"Zawiadomienie o reklamacjach"},"content":{"rendered":"\t\t<div data-elementor-type=\"wp-page\" data-elementor-id=\"48554\" class=\"elementor elementor-48554 elementor-10225\" data-elementor-settings=\"{&quot;element_pack_global_tooltip_width&quot;:{&quot;unit&quot;:&quot;px&quot;,&quot;size&quot;:&quot;&quot;,&quot;sizes&quot;:[]},&quot;element_pack_global_tooltip_width_tablet&quot;:{&quot;unit&quot;:&quot;px&quot;,&quot;size&quot;:&quot;&quot;,&quot;sizes&quot;:[]},&quot;element_pack_global_tooltip_width_mobile&quot;:{&quot;unit&quot;:&quot;px&quot;,&quot;size&quot;:&quot;&quot;,&quot;sizes&quot;:[]},&quot;element_pack_global_tooltip_padding&quot;:{&quot;unit&quot;:&quot;px&quot;,&quot;top&quot;:&quot;&quot;,&quot;right&quot;:&quot;&quot;,&quot;bottom&quot;:&quot;&quot;,&quot;left&quot;:&quot;&quot;,&quot;isLinked&quot;:true},&quot;element_pack_global_tooltip_padding_tablet&quot;:{&quot;unit&quot;:&quot;px&quot;,&quot;top&quot;:&quot;&quot;,&quot;right&quot;:&quot;&quot;,&quot;bottom&quot;:&quot;&quot;,&quot;left&quot;:&quot;&quot;,&quot;isLinked&quot;:true},&quot;element_pack_global_tooltip_padding_mobile&quot;:{&quot;unit&quot;:&quot;px&quot;,&quot;top&quot;:&quot;&quot;,&quot;right&quot;:&quot;&quot;,&quot;bottom&quot;:&quot;&quot;,&quot;left&quot;:&quot;&quot;,&quot;isLinked&quot;:true},&quot;element_pack_global_tooltip_border_radius&quot;:{&quot;unit&quot;:&quot;px&quot;,&quot;top&quot;:&quot;&quot;,&quot;right&quot;:&quot;&quot;,&quot;bottom&quot;:&quot;&quot;,&quot;left&quot;:&quot;&quot;,&quot;isLinked&quot;:true},&quot;element_pack_global_tooltip_border_radius_tablet&quot;:{&quot;unit&quot;:&quot;px&quot;,&quot;top&quot;:&quot;&quot;,&quot;right&quot;:&quot;&quot;,&quot;bottom&quot;:&quot;&quot;,&quot;left&quot;:&quot;&quot;,&quot;isLinked&quot;:true},&quot;element_pack_global_tooltip_border_radius_mobile&quot;:{&quot;unit&quot;:&quot;px&quot;,&quot;top&quot;:&quot;&quot;,&quot;right&quot;:&quot;&quot;,&quot;bottom&quot;:&quot;&quot;,&quot;left&quot;:&quot;&quot;,&quot;isLinked&quot;:true}}\">\n\t\t\t\t<div class=\"elementor-element elementor-element-aaa240a e-flex e-con-boxed e-con e-parent\" data-id=\"aaa240a\" data-element_type=\"container\" data-e-type=\"container\" data-settings=\"{&quot;background_background&quot;:&quot;classic&quot;}\">\n\t\t\t\t\t<div class=\"e-con-inner\">\n\t\t\t\t<div class=\"elementor-element elementor-element-ba9c60b elementor-widget elementor-widget-heading\" data-id=\"ba9c60b\" data-element_type=\"widget\" data-e-type=\"widget\" data-widget_type=\"heading.default\">\n\t\t\t\t<div class=\"elementor-widget-container\">\n\t\t\t\t\t<h1 class=\"elementor-heading-title elementor-size-default\">Zawiadomienie o reklamacjach<\/h1>\t\t\t\t<\/div>\n\t\t\t\t<\/div>\n\t\t\t\t\t<\/div>\n\t\t\t\t<\/div>\n\t\t<div class=\"elementor-element elementor-element-519e26e e-flex e-con-boxed e-con e-parent\" data-id=\"519e26e\" data-element_type=\"container\" data-e-type=\"container\">\n\t\t\t\t\t<div class=\"e-con-inner\">\n\t\t\t\t<div class=\"elementor-element elementor-element-f97dee6 elementor-widget elementor-widget-text-editor\" data-id=\"f97dee6\" data-element_type=\"widget\" data-e-type=\"widget\" data-widget_type=\"text-editor.default\">\n\t\t\t\t<div class=\"elementor-widget-container\">\n\t\t\t\t\t\t\t\t\t<h2 class=\"mb-4\">Zawiadomienie o reklamacjach<\/h2>\n<div>\n<p>Zgodnie z dyrektyw\u0105 art. 6 ust. 1 pkt 3 ustawy o \u015bwiadczeniu us\u0142ug turystycznych NN (prasa og\u00f3lnopolska) nr 130\/17 pisemn\u0105 skarg\u0119 u\u017cytkownika mo\u017cna z\u0142o\u017cy\u0107:<\/p>\n<p>&#8211; pisemnie w lokalu przedsi\u0119biorstwa;<br \/>&#8211; przez e-mail; info@murter-online.com<br \/>&#8211; listownie na adres:<\/p>\n<p>AGENCJA TURYSTYCZNA MURTER-ONLINE.COM<br \/>Kierownik dzia\u0142u: Ivona Ko\u017euli\u0107<br \/>Fausta Vran\u010di\u0107a 5, 22243 Murter, Chorwacja<\/p>\n<p>Otrzymanie reklamacji zostanie potwierdzone pisemnie niezw\u0142ocznie po otrzymaniu pisemnej reklamacji us\u0142ugobiorcy, a odpowied\u017a zostanie udzielona na pi\u015bmie w terminie 15 dni od dnia otrzymania reklamacji<\/p>\n<\/div>\t\t\t\t\t\t\t\t<\/div>\n\t\t\t\t<\/div>\n\t\t\t\t\t<\/div>\n\t\t\t\t<\/div>\n\t\t\t\t<\/div>\n\t\t","protected":false},"excerpt":{"rendered":"<p>Zawiadomienie o reklamacjach Zawiadomienie o reklamacjach Zgodnie z dyrektyw\u0105 art. 6 ust. 1 pkt 3 ustawy o \u015bwiadczeniu us\u0142ug turystycznych NN (prasa og\u00f3lnopolska) nr 130\/17 pisemn\u0105 skarg\u0119 u\u017cytkownika mo\u017cna z\u0142o\u017cy\u0107: &#8211; pisemnie w lokalu przedsi\u0119biorstwa;&#8211; przez e-mail; info@murter-online.com&#8211; listownie na adres: AGENCJA TURYSTYCZNA MURTER-ONLINE.COMKierownik dzia\u0142u: Ivona Ko\u017euli\u0107Fausta Vran\u010di\u0107a 5, 22243 Murter, Chorwacja Otrzymanie reklamacji zostanie [&hellip;]<\/p>\n","protected":false},"author":2,"featured_media":0,"parent":0,"menu_order":0,"comment_status":"closed","ping_status":"closed","template":"","meta":{"_acf_changed":false,"footnotes":""},"class_list":["post-48554","page","type-page","status-publish","hentry"],"acf":[],"_links":{"self":[{"href":"https:\/\/murter-online.com\/pl\/wp-json\/wp\/v2\/pages\/48554","targetHints":{"allow":["GET"]}}],"collection":[{"href":"https:\/\/murter-online.com\/pl\/wp-json\/wp\/v2\/pages"}],"about":[{"href":"https:\/\/murter-online.com\/pl\/wp-json\/wp\/v2\/types\/page"}],"author":[{"embeddable":true,"href":"https:\/\/murter-online.com\/pl\/wp-json\/wp\/v2\/users\/2"}],"replies":[{"embeddable":true,"href":"https:\/\/murter-online.com\/pl\/wp-json\/wp\/v2\/comments?post=48554"}],"version-history":[{"count":4,"href":"https:\/\/murter-online.com\/pl\/wp-json\/wp\/v2\/pages\/48554\/revisions"}],"predecessor-version":[{"id":48558,"href":"https:\/\/murter-online.com\/pl\/wp-json\/wp\/v2\/pages\/48554\/revisions\/48558"}],"wp:attachment":[{"href":"https:\/\/murter-online.com\/pl\/wp-json\/wp\/v2\/media?parent=48554"}],"curies":[{"name":"wp","href":"https:\/\/api.w.org\/{rel}","templated":true}]}}