{"id":50249,"date":"2025-01-02T08:28:21","date_gmt":"2025-01-02T07:28:21","guid":{"rendered":"https:\/\/murter.riot.hr\/?page_id=50249"},"modified":"2025-04-24T21:42:04","modified_gmt":"2025-04-24T20:42:04","slug":"wycieczki-na-kornaty","status":"publish","type":"page","link":"https:\/\/murter-online.com\/pl\/dodatkowa-oferta\/wycieczki-na-kornaty\/","title":{"rendered":"Rejs na Kornati z Murter"},"content":{"rendered":"\t\t<div data-elementor-type=\"wp-page\" data-elementor-id=\"50249\" class=\"elementor elementor-50249 elementor-10997\" data-elementor-settings=\"{&quot;element_pack_global_tooltip_width&quot;:{&quot;unit&quot;:&quot;px&quot;,&quot;size&quot;:&quot;&quot;,&quot;sizes&quot;:[]},&quot;element_pack_global_tooltip_width_tablet&quot;:{&quot;unit&quot;:&quot;px&quot;,&quot;size&quot;:&quot;&quot;,&quot;sizes&quot;:[]},&quot;element_pack_global_tooltip_width_mobile&quot;:{&quot;unit&quot;:&quot;px&quot;,&quot;size&quot;:&quot;&quot;,&quot;sizes&quot;:[]},&quot;element_pack_global_tooltip_padding&quot;:{&quot;unit&quot;:&quot;px&quot;,&quot;top&quot;:&quot;&quot;,&quot;right&quot;:&quot;&quot;,&quot;bottom&quot;:&quot;&quot;,&quot;left&quot;:&quot;&quot;,&quot;isLinked&quot;:true},&quot;element_pack_global_tooltip_padding_tablet&quot;:{&quot;unit&quot;:&quot;px&quot;,&quot;top&quot;:&quot;&quot;,&quot;right&quot;:&quot;&quot;,&quot;bottom&quot;:&quot;&quot;,&quot;left&quot;:&quot;&quot;,&quot;isLinked&quot;:true},&quot;element_pack_global_tooltip_padding_mobile&quot;:{&quot;unit&quot;:&quot;px&quot;,&quot;top&quot;:&quot;&quot;,&quot;right&quot;:&quot;&quot;,&quot;bottom&quot;:&quot;&quot;,&quot;left&quot;:&quot;&quot;,&quot;isLinked&quot;:true},&quot;element_pack_global_tooltip_border_radius&quot;:{&quot;unit&quot;:&quot;px&quot;,&quot;top&quot;:&quot;&quot;,&quot;right&quot;:&quot;&quot;,&quot;bottom&quot;:&quot;&quot;,&quot;left&quot;:&quot;&quot;,&quot;isLinked&quot;:true},&quot;element_pack_global_tooltip_border_radius_tablet&quot;:{&quot;unit&quot;:&quot;px&quot;,&quot;top&quot;:&quot;&quot;,&quot;right&quot;:&quot;&quot;,&quot;bottom&quot;:&quot;&quot;,&quot;left&quot;:&quot;&quot;,&quot;isLinked&quot;:true},&quot;element_pack_global_tooltip_border_radius_mobile&quot;:{&quot;unit&quot;:&quot;px&quot;,&quot;top&quot;:&quot;&quot;,&quot;right&quot;:&quot;&quot;,&quot;bottom&quot;:&quot;&quot;,&quot;left&quot;:&quot;&quot;,&quot;isLinked&quot;:true}}\">\n\t\t\t\t<div class=\"elementor-element elementor-element-31bd0b5e e-flex e-con-boxed e-con e-parent\" data-id=\"31bd0b5e\" data-element_type=\"container\" data-e-type=\"container\" data-settings=\"{&quot;background_background&quot;:&quot;classic&quot;}\">\n\t\t\t\t\t<div class=\"e-con-inner\">\n\t\t\t\t<div class=\"elementor-element elementor-element-59394616 elementor-widget elementor-widget-heading\" data-id=\"59394616\" data-element_type=\"widget\" data-e-type=\"widget\" data-widget_type=\"heading.default\">\n\t\t\t\t<div class=\"elementor-widget-container\">\n\t\t\t\t\t<h1 class=\"elementor-heading-title elementor-size-default\">rejs na kornati z murter\n<\/h1>\t\t\t\t<\/div>\n\t\t\t\t<\/div>\n\t\t\t\t<div class=\"elementor-element elementor-element-59ed2b35 elementor-widget__width-initial elementor-widget elementor-widget-heading\" data-id=\"59ed2b35\" data-element_type=\"widget\" data-e-type=\"widget\" data-widget_type=\"heading.default\">\n\t\t\t\t<div class=\"elementor-widget-container\">\n\t\t\t\t\t<p class=\"elementor-heading-title elementor-size-default\">Wycieczki na Kornati w najlepszej cenie z Murteru, dostawa biletu na wycieczk\u0119 na adres Twojego mieszkania! Wszystkie \u0142odzie wycieczkowe w jednym miejscu! Zarezerwuj z wyprzedzeniem!\n<\/p>\t\t\t\t<\/div>\n\t\t\t\t<\/div>\n\t\t<div class=\"elementor-element elementor-element-78f56f56 e-con-full e-flex e-con e-child\" data-id=\"78f56f56\" data-element_type=\"container\" data-e-type=\"container\">\n\t\t<div class=\"elementor-element elementor-element-787c6e9e e-con-full e-flex e-con e-child\" data-id=\"787c6e9e\" data-element_type=\"container\" data-e-type=\"container\">\n\t\t\t\t<div class=\"elementor-element elementor-element-1f53a3de elementor-widget elementor-widget-button\" data-id=\"1f53a3de\" data-element_type=\"widget\" data-e-type=\"widget\" data-widget_type=\"button.default\">\n\t\t\t\t<div class=\"elementor-widget-container\">\n\t\t\t\t\t\t\t\t\t<div class=\"elementor-button-wrapper\">\n\t\t\t\t\t<a class=\"elementor-button elementor-button-link elementor-size-sm\" href=\"tel:+385%2098%20940%204605\">\n\t\t\t\t\t\t<span class=\"elementor-button-content-wrapper\">\n\t\t\t\t\t\t<span class=\"elementor-button-icon\">\n\t\t\t\t<svg aria-hidden=\"true\" class=\"e-font-icon-svg e-fas-phone-alt\" viewBox=\"0 0 512 512\" xmlns=\"http:\/\/www.w3.org\/2000\/svg\"><path d=\"M497.39 361.8l-112-48a24 24 0 0 0-28 6.9l-49.6 60.6A370.66 370.66 0 0 1 130.6 204.11l60.6-49.6a23.94 23.94 0 0 0 6.9-28l-48-112A24.16 24.16 0 0 0 122.6.61l-104 24A24 24 0 0 0 0 48c0 256.5 207.9 464 464 464a24 24 0 0 0 23.4-18.6l24-104a24.29 24.29 0 0 0-14.01-27.6z\"><\/path><\/svg>\t\t\t<\/span>\n\t\t\t\t\t\t\t\t\t<span class=\"elementor-button-text\">+385 98 940 4605<\/span>\n\t\t\t\t\t<\/span>\n\t\t\t\t\t<\/a>\n\t\t\t\t<\/div>\n\t\t\t\t\t\t\t\t<\/div>\n\t\t\t\t<\/div>\n\t\t\t\t<div class=\"elementor-element elementor-element-42fb1dd5 elementor-widget elementor-widget-button\" data-id=\"42fb1dd5\" data-element_type=\"widget\" data-e-type=\"widget\" data-widget_type=\"button.default\">\n\t\t\t\t<div class=\"elementor-widget-container\">\n\t\t\t\t\t\t\t\t\t<div class=\"elementor-button-wrapper\">\n\t\t\t\t\t<a class=\"elementor-button elementor-button-link elementor-size-sm\" href=\"mailto:info@murter-online.com\u2028\">\n\t\t\t\t\t\t<span class=\"elementor-button-content-wrapper\">\n\t\t\t\t\t\t<span class=\"elementor-button-icon\">\n\t\t\t\t<svg aria-hidden=\"true\" class=\"e-font-icon-svg e-fas-envelope\" viewBox=\"0 0 512 512\" xmlns=\"http:\/\/www.w3.org\/2000\/svg\"><path d=\"M502.3 190.8c3.9-3.1 9.7-.2 9.7 4.7V400c0 26.5-21.5 48-48 48H48c-26.5 0-48-21.5-48-48V195.6c0-5 5.7-7.8 9.7-4.7 22.4 17.4 52.1 39.5 154.1 113.6 21.1 15.4 56.7 47.8 92.2 47.6 35.7.3 72-32.8 92.3-47.6 102-74.1 131.6-96.3 154-113.7zM256 320c23.2.4 56.6-29.2 73.4-41.4 132.7-96.3 142.8-104.7 173.4-128.7 5.8-4.5 9.2-11.5 9.2-18.9v-19c0-26.5-21.5-48-48-48H48C21.5 64 0 85.5 0 112v19c0 7.4 3.4 14.3 9.2 18.9 30.6 23.9 40.7 32.4 173.4 128.7 16.8 12.2 50.2 41.8 73.4 41.4z\"><\/path><\/svg>\t\t\t<\/span>\n\t\t\t\t\t\t\t\t\t<span class=\"elementor-button-text\">\u00a0info@murter-online.com\u2028<\/span>\n\t\t\t\t\t<\/span>\n\t\t\t\t\t<\/a>\n\t\t\t\t<\/div>\n\t\t\t\t\t\t\t\t<\/div>\n\t\t\t\t<\/div>\n\t\t\t\t<\/div>\n\t\t<div class=\"elementor-element elementor-element-befe574 e-con-full e-flex e-con e-child\" data-id=\"befe574\" data-element_type=\"container\" data-e-type=\"container\">\n\t\t\t\t<div class=\"elementor-element elementor-element-317a0ab elementor-widget elementor-widget-image\" data-id=\"317a0ab\" data-element_type=\"widget\" data-e-type=\"widget\" data-widget_type=\"image.default\">\n\t\t\t\t<div class=\"elementor-widget-container\">\n\t\t\t\t\t\t\t\t\t\t\t\t\t\t\t\t<a href=\"https:\/\/msng.link\/vi\/3850989404605\" rel=\"nofollow noopener\" target=\"_blank\">\n\t\t\t\t\t\t\t<img decoding=\"async\" width=\"66\" height=\"32\" src=\"https:\/\/murter-online.com\/wp-content\/uploads\/2025\/01\/image-10-1.png\" class=\"attachment-large size-large wp-image-51258\" alt=\"\" \/>\t\t\t\t\t\t\t\t<\/a>\n\t\t\t\t\t\t\t\t\t\t\t\t\t\t\t<\/div>\n\t\t\t\t<\/div>\n\t\t\t\t<div class=\"elementor-element elementor-element-9b9a4e2 elementor-widget elementor-widget-image\" data-id=\"9b9a4e2\" data-element_type=\"widget\" data-e-type=\"widget\" data-widget_type=\"image.default\">\n\t\t\t\t<div class=\"elementor-widget-container\">\n\t\t\t\t\t\t\t\t\t\t\t\t\t\t\t\t<a href=\"https:\/\/msng.link\/wa\/3850989404605\" rel=\"nofollow noopener\" target=\"_blank\">\n\t\t\t\t\t\t\t<img decoding=\"async\" width=\"32\" height=\"32\" src=\"https:\/\/murter-online.com\/wp-content\/uploads\/2025\/01\/image-11.png\" class=\"attachment-large size-large wp-image-51268\" alt=\"\" \/>\t\t\t\t\t\t\t\t<\/a>\n\t\t\t\t\t\t\t\t\t\t\t\t\t\t\t<\/div>\n\t\t\t\t<\/div>\n\t\t\t\t<div class=\"elementor-element elementor-element-e090e09 elementor-widget elementor-widget-image\" data-id=\"e090e09\" data-element_type=\"widget\" data-e-type=\"widget\" data-widget_type=\"image.default\">\n\t\t\t\t<div class=\"elementor-widget-container\">\n\t\t\t\t\t\t\t\t\t\t\t\t\t\t\t<img decoding=\"async\" width=\"307\" height=\"52\" src=\"https:\/\/murter-online.com\/wp-content\/uploads\/2025\/01\/logo3-1.png\" class=\"attachment-large size-large wp-image-51283\" alt=\"\" srcset=\"https:\/\/murter-online.com\/wp-content\/uploads\/2025\/01\/logo3-1.png 307w, https:\/\/murter-online.com\/wp-content\/uploads\/2025\/01\/logo3-1-300x52.png 300w\" sizes=\"(max-width: 307px) 100vw, 307px\" \/>\t\t\t\t\t\t\t\t\t\t\t\t\t\t\t<\/div>\n\t\t\t\t<\/div>\n\t\t\t\t<\/div>\n\t\t\t\t<\/div>\n\t\t\t\t\t<\/div>\n\t\t\t\t<\/div>\n\t\t<div class=\"elementor-element elementor-element-4bd1b811 e-flex e-con-boxed e-con e-parent\" data-id=\"4bd1b811\" data-element_type=\"container\" data-e-type=\"container\" data-settings=\"{&quot;background_background&quot;:&quot;classic&quot;}\">\n\t\t\t\t\t<div class=\"e-con-inner\">\n\t\t\t\t<div class=\"elementor-element elementor-element-e8d3d9a elementor-widget elementor-widget-text-editor\" data-id=\"e8d3d9a\" data-element_type=\"widget\" data-e-type=\"widget\" data-widget_type=\"text-editor.default\">\n\t\t\t\t<div class=\"elementor-widget-container\">\n\t\t\t\t\t\t\t\t\t<h2 class=\"mb-4\">Rejs na kornati\u00a0<\/h2><div><p><strong>Wycieczka do Parku Narodowego Kornati z Murter.<\/strong><\/p><p>\u0141\u00f3d\u017a Torcida to drewniana \u017cagl\u00f3wka przeznaczona na sp\u0142ywy 40-55 os\u00f3b.<\/p><p><strong>Wyjazd<\/strong>: 09:00 Murter, g\u0142\u00f3wny port<\/p><p><strong>Powr\u00f3t:\u00a0<\/strong>18:00 godz<\/p><p><strong>Dzie\u0144:<\/strong>\u00a0Codziennie\/g\u0142\u00f3wny sezon<br \/>\u00a0\u00a0\u00a0\u00a0\u00a0\u00a0 na pro\u015bb\u0119\/po sezonie<\/p><p><strong>OPIS WYJAZDU:<\/strong><br \/>Wyp\u0142yni\u0119cie z zatoki Hramina, g\u0142\u00f3wnego portu w Murterze, przejazd przez wysepki w pobli\u017cu Murteru, zej\u015bcie do Parku Narodowego Kornati przy wej\u015bciu do Opatu, zwiedzanie wyspy z zewn\u0105trz wyspy Kornati (klify), przerwa w Zatoka Modri \u200b\u200bBok na wyspie Kornati (z mo\u017cliwo\u015bci\u0105 p\u0142ywania). Przejazd przez wn\u0119trze wyspy, przerwa na wyspie Levrnaka z p\u0142ywaniem, zwiedzaniem i przej\u015bciem do punktu widokowego, przejazd wzd\u0142u\u017c wyspy Kornat i wyjazd z Parku Narodowego przez prze\u0142\u0119cz Proversa, przejazd wzd\u0142u\u017c wysp grupy Kornat wyspy i przerwa na p\u0142ywanie z \u0142odzi wzd\u0142u\u017c jednej z wysepek.<\/p><p>Powr\u00f3t do Murter do godziny 18:00.<\/p><p><strong>Czynno\u015bci<\/strong>: 3 przerwy, zwiedzanie, w\u0119dr\u00f3wka na punkt widokowy, obiad, p\u0142ywanie.<\/p><p><strong>Cena zawiera:\u00a0<\/strong>transport \u0142odzi\u0105, bilet wst\u0119pu do Parku Narodowego Kornati, transport, przewodnika, obiad.<\/p><p><strong>CENA:\u00a0<\/strong>Doro\u015bli = 60 euro<\/p><p>Dzieci (0-12) = 30 euro.<\/p><p><strong>ZAREZERWOWA\u0106:<\/strong><\/p><p><a href=\"https:\/\/murter-online.com\/\" target=\"_blank\" rel=\"noopener\" data-saferedirecturl=\"https:\/\/www.google.com\/url?q=https:\/\/MURTER-ONLINE.COM&amp;source=gmail&amp;ust=1601543432158000&amp;usg=AFQjCNGCbkPPhasvtBTbBixPpHMb-xYmnQ\">MURTER-ONLINE.COM<\/a><br \/>vl.<span class=\"il\">Ivona<\/span>\u00a0Ko\u017euli\u0107<br \/>M:\u00a0<a href=\"tel:00385 98 940 4605\">00385 98 940 4605<\/a>\u00a0<a href=\"https:\/\/msng.link\/vi\/3850989404605\" rel=\"nofollow noopener\" target=\"_blank\"><img decoding=\"async\" src=\"https:\/\/www.agency.lastminute-hr.com\/docs\/edit\/ckfinder\/userfiles\/images\/viber(2).png\" alt=\"\" \/><\/a>\u00a0<a href=\"https:\/\/msng.link\/wa\/3850989404605\" rel=\"nofollow noopener\" target=\"_blank\"><img decoding=\"async\" src=\"https:\/\/www.agency.lastminute-hr.com\/docs\/edit\/ckfinder\/userfiles\/images\/whatsapp(2).png\" alt=\"\" \/><\/a><\/p><p>E-mail:info@murter-online.com<\/p><\/div><div>\u00a0<\/div>\t\t\t\t\t\t\t\t<\/div>\n\t\t\t\t<\/div>\n\t\t\t\t\t<\/div>\n\t\t\t\t<\/div>\n\t\t\t\t<\/div>\n\t\t","protected":false},"excerpt":{"rendered":"<p>rejs na kornati z murter Wycieczki na Kornati w najlepszej cenie z Murteru, dostawa biletu na wycieczk\u0119 na adres Twojego mieszkania! Wszystkie \u0142odzie wycieczkowe w jednym miejscu! Zarezerwuj z wyprzedzeniem! +385 98 940 4605 info@murter-online.com Rejs na kornati Wycieczka do Parku Narodowego Kornati z Murter. \u0141\u00f3d\u017a Torcida to drewniana \u017cagl\u00f3wka przeznaczona na sp\u0142ywy 40-55 os\u00f3b. [&hellip;]<\/p>\n","protected":false},"author":2,"featured_media":0,"parent":48723,"menu_order":0,"comment_status":"closed","ping_status":"closed","template":"","meta":{"_acf_changed":false,"footnotes":""},"class_list":["post-50249","page","type-page","status-publish","hentry"],"acf":[],"_links":{"self":[{"href":"https:\/\/murter-online.com\/pl\/wp-json\/wp\/v2\/pages\/50249","targetHints":{"allow":["GET"]}}],"collection":[{"href":"https:\/\/murter-online.com\/pl\/wp-json\/wp\/v2\/pages"}],"about":[{"href":"https:\/\/murter-online.com\/pl\/wp-json\/wp\/v2\/types\/page"}],"author":[{"embeddable":true,"href":"https:\/\/murter-online.com\/pl\/wp-json\/wp\/v2\/users\/2"}],"replies":[{"embeddable":true,"href":"https:\/\/murter-online.com\/pl\/wp-json\/wp\/v2\/comments?post=50249"}],"version-history":[{"count":12,"href":"https:\/\/murter-online.com\/pl\/wp-json\/wp\/v2\/pages\/50249\/revisions"}],"predecessor-version":[{"id":56609,"href":"https:\/\/murter-online.com\/pl\/wp-json\/wp\/v2\/pages\/50249\/revisions\/56609"}],"up":[{"embeddable":true,"href":"https:\/\/murter-online.com\/pl\/wp-json\/wp\/v2\/pages\/48723"}],"wp:attachment":[{"href":"https:\/\/murter-online.com\/pl\/wp-json\/wp\/v2\/media?parent=50249"}],"curies":[{"name":"wp","href":"https:\/\/api.w.org\/{rel}","templated":true}]}}