{"id":50474,"date":"2024-12-17T10:44:34","date_gmt":"2024-12-17T10:44:34","guid":{"rendered":"https:\/\/murter.riot.hr\/?page_id=50474"},"modified":"2025-01-15T18:40:06","modified_gmt":"2025-01-15T18:40:06","slug":"o-nas","status":"publish","type":"page","link":"https:\/\/murter-online.com\/pl\/o-nas\/","title":{"rendered":"O nas"},"content":{"rendered":"\t\t<div data-elementor-type=\"wp-page\" data-elementor-id=\"50474\" class=\"elementor elementor-50474 elementor-10180\" data-elementor-settings=\"{&quot;element_pack_global_tooltip_width&quot;:{&quot;unit&quot;:&quot;px&quot;,&quot;size&quot;:&quot;&quot;,&quot;sizes&quot;:[]},&quot;element_pack_global_tooltip_width_tablet&quot;:{&quot;unit&quot;:&quot;px&quot;,&quot;size&quot;:&quot;&quot;,&quot;sizes&quot;:[]},&quot;element_pack_global_tooltip_width_mobile&quot;:{&quot;unit&quot;:&quot;px&quot;,&quot;size&quot;:&quot;&quot;,&quot;sizes&quot;:[]},&quot;element_pack_global_tooltip_padding&quot;:{&quot;unit&quot;:&quot;px&quot;,&quot;top&quot;:&quot;&quot;,&quot;right&quot;:&quot;&quot;,&quot;bottom&quot;:&quot;&quot;,&quot;left&quot;:&quot;&quot;,&quot;isLinked&quot;:true},&quot;element_pack_global_tooltip_padding_tablet&quot;:{&quot;unit&quot;:&quot;px&quot;,&quot;top&quot;:&quot;&quot;,&quot;right&quot;:&quot;&quot;,&quot;bottom&quot;:&quot;&quot;,&quot;left&quot;:&quot;&quot;,&quot;isLinked&quot;:true},&quot;element_pack_global_tooltip_padding_mobile&quot;:{&quot;unit&quot;:&quot;px&quot;,&quot;top&quot;:&quot;&quot;,&quot;right&quot;:&quot;&quot;,&quot;bottom&quot;:&quot;&quot;,&quot;left&quot;:&quot;&quot;,&quot;isLinked&quot;:true},&quot;element_pack_global_tooltip_border_radius&quot;:{&quot;unit&quot;:&quot;px&quot;,&quot;top&quot;:&quot;&quot;,&quot;right&quot;:&quot;&quot;,&quot;bottom&quot;:&quot;&quot;,&quot;left&quot;:&quot;&quot;,&quot;isLinked&quot;:true},&quot;element_pack_global_tooltip_border_radius_tablet&quot;:{&quot;unit&quot;:&quot;px&quot;,&quot;top&quot;:&quot;&quot;,&quot;right&quot;:&quot;&quot;,&quot;bottom&quot;:&quot;&quot;,&quot;left&quot;:&quot;&quot;,&quot;isLinked&quot;:true},&quot;element_pack_global_tooltip_border_radius_mobile&quot;:{&quot;unit&quot;:&quot;px&quot;,&quot;top&quot;:&quot;&quot;,&quot;right&quot;:&quot;&quot;,&quot;bottom&quot;:&quot;&quot;,&quot;left&quot;:&quot;&quot;,&quot;isLinked&quot;:true}}\">\n\t\t\t\t<div class=\"elementor-element elementor-element-7d2a710 e-flex e-con-boxed e-con e-parent\" data-id=\"7d2a710\" data-element_type=\"container\" data-e-type=\"container\" data-settings=\"{&quot;background_background&quot;:&quot;classic&quot;}\">\n\t\t\t\t\t<div class=\"e-con-inner\">\n\t\t\t\t<div class=\"elementor-element elementor-element-c2ce186 elementor-widget elementor-widget-heading\" data-id=\"c2ce186\" data-element_type=\"widget\" data-e-type=\"widget\" data-widget_type=\"heading.default\">\n\t\t\t\t<div class=\"elementor-widget-container\">\n\t\t\t\t\t<h1 class=\"elementor-heading-title elementor-size-default\">O nas<\/h1>\t\t\t\t<\/div>\n\t\t\t\t<\/div>\n\t\t\t\t\t<\/div>\n\t\t\t\t<\/div>\n\t\t<div class=\"elementor-element elementor-element-90123e5 e-flex e-con-boxed e-con e-parent\" data-id=\"90123e5\" data-element_type=\"container\" data-e-type=\"container\" data-settings=\"{&quot;background_background&quot;:&quot;classic&quot;}\">\n\t\t\t\t\t<div class=\"e-con-inner\">\n\t\t<div class=\"elementor-element elementor-element-c2fb78d e-con-full e-flex e-con e-child\" data-id=\"c2fb78d\" data-element_type=\"container\" data-e-type=\"container\">\n\t\t\t\t<div class=\"elementor-element elementor-element-2effe69 elementor-widget elementor-widget-image\" data-id=\"2effe69\" data-element_type=\"widget\" data-e-type=\"widget\" data-widget_type=\"image.default\">\n\t\t\t\t<div class=\"elementor-widget-container\">\n\t\t\t\t\t\t\t\t\t\t\t\t\t\t\t<img fetchpriority=\"high\" decoding=\"async\" width=\"493\" height=\"382\" src=\"https:\/\/murter-online.com\/wp-content\/uploads\/2024\/12\/Mask-group-3-1.jpg\" class=\"attachment-large size-large wp-image-19104\" alt=\"\" srcset=\"https:\/\/murter-online.com\/wp-content\/uploads\/2024\/12\/Mask-group-3-1.jpg 493w, https:\/\/murter-online.com\/wp-content\/uploads\/2024\/12\/Mask-group-3-1-300x232.jpg 300w\" sizes=\"(max-width: 493px) 100vw, 493px\" \/>\t\t\t\t\t\t\t\t\t\t\t\t\t\t\t<\/div>\n\t\t\t\t<\/div>\n\t\t\t\t<\/div>\n\t\t<div class=\"elementor-element elementor-element-d7eb2db e-con-full e-flex e-con e-child\" data-id=\"d7eb2db\" data-element_type=\"container\" data-e-type=\"container\">\n\t\t\t\t<div class=\"elementor-element elementor-element-f79f462 elementor-widget elementor-widget-heading\" data-id=\"f79f462\" data-element_type=\"widget\" data-e-type=\"widget\" data-widget_type=\"heading.default\">\n\t\t\t\t<div class=\"elementor-widget-container\">\n\t\t\t\t\t<h2 class=\"elementor-heading-title elementor-size-default\">O murter-online.com<\/h2>\t\t\t\t<\/div>\n\t\t\t\t<\/div>\n\t\t\t\t<div class=\"elementor-element elementor-element-bda1b5f elementor-widget elementor-widget-text-editor\" data-id=\"bda1b5f\" data-element_type=\"widget\" data-e-type=\"widget\" data-widget_type=\"text-editor.default\">\n\t\t\t\t<div class=\"elementor-widget-container\">\n\t\t\t\t\t\t\t\t\t<p class=\"western\" lang=\"en-US\">Mam na imi\u0119 Ivona, mieszkam i pracuj\u0119 w Murterze. Od ponad 15 lat jestem Twoim sprzymierze\u0144cem w znalezieniu idealnego zakwaterowania.<br \/>Za pomoc\u0105 innych us\u0142ug chc\u0119 promowa\u0107 zr\u00f3wnowa\u017con\u0105 turystyk\u0119 aktywn\u0105 i podkre\u015bla\u0107 wyj\u0105tkowo\u015b\u0107 Murteru jako kierunku podr\u00f3\u017cy.<\/p>\t\t\t\t\t\t\t\t<\/div>\n\t\t\t\t<\/div>\n\t\t\t\t<div class=\"elementor-element elementor-element-78c621f elementor-widget elementor-widget-text-editor\" data-id=\"78c621f\" data-element_type=\"widget\" data-e-type=\"widget\" data-widget_type=\"text-editor.default\">\n\t\t\t\t<div class=\"elementor-widget-container\">\n\t\t\t\t\t\t\t\t\t<p>Do\u0142\u0105cz do mnie, aby\u015bmy mogli wsp\u00f3lnie tworzy\u0107 wspomnienia!<\/p>\t\t\t\t\t\t\t\t<\/div>\n\t\t\t\t<\/div>\n\t\t\t\t<div class=\"elementor-element elementor-element-11a72a2 elementor-widget elementor-widget-button\" data-id=\"11a72a2\" data-element_type=\"widget\" data-e-type=\"widget\" data-widget_type=\"button.default\">\n\t\t\t\t<div class=\"elementor-widget-container\">\n\t\t\t\t\t\t\t\t\t<div class=\"elementor-button-wrapper\">\n\t\t\t\t\t<a class=\"elementor-button elementor-button-link elementor-size-sm\" href=\"https:\/\/murter-online.com\/pl\/kontakt\/\">\n\t\t\t\t\t\t<span class=\"elementor-button-content-wrapper\">\n\t\t\t\t\t\t\t\t\t<span class=\"elementor-button-text\">Kontakt<\/span>\n\t\t\t\t\t<\/span>\n\t\t\t\t\t<\/a>\n\t\t\t\t<\/div>\n\t\t\t\t\t\t\t\t<\/div>\n\t\t\t\t<\/div>\n\t\t\t\t<\/div>\n\t\t<div class=\"elementor-element elementor-element-71eaf29 e-con-full e-flex e-con e-child\" data-id=\"71eaf29\" data-element_type=\"container\" data-e-type=\"container\">\n\t\t\t\t<div class=\"elementor-element elementor-element-b2f4e4e elementor-widget elementor-widget-text-editor\" data-id=\"b2f4e4e\" data-element_type=\"widget\" data-e-type=\"widget\" data-widget_type=\"text-editor.default\">\n\t\t\t\t<div class=\"elementor-widget-container\">\n\t\t\t\t\t\t\t\t\t<ul><li>Wynajem nocleg\u00f3w w Murter<\/li><li>Wypo\u017cyczenie kajak\u00f3w i desek SUP<\/li><li>Organizacja i realizacja sp\u0142yw\u00f3w kajakowych<\/li><li>Organizacja i realizacja wycieczek pieszych i zaj\u0119\u0107 rekreacyjnych na \u0142onie natury<\/li><li>Rezerwacja i sprzeda\u017c bilet\u00f3w na wycieczki do Kornati<\/li><li>Wynajem \u0142odzi w Murter<\/li><\/ul>\t\t\t\t\t\t\t\t<\/div>\n\t\t\t\t<\/div>\n\t\t\t\t<\/div>\n\t\t\t\t\t<\/div>\n\t\t\t\t<\/div>\n\t\t\t\t<\/div>\n\t\t","protected":false},"excerpt":{"rendered":"<p>O nas O murter-online.com Mam na imi\u0119 Ivona, mieszkam i pracuj\u0119 w Murterze. Od ponad 15 lat jestem Twoim sprzymierze\u0144cem w znalezieniu idealnego zakwaterowania.Za pomoc\u0105 innych us\u0142ug chc\u0119 promowa\u0107 zr\u00f3wnowa\u017con\u0105 turystyk\u0119 aktywn\u0105 i podkre\u015bla\u0107 wyj\u0105tkowo\u015b\u0107 Murteru jako kierunku podr\u00f3\u017cy. Do\u0142\u0105cz do mnie, aby\u015bmy mogli wsp\u00f3lnie tworzy\u0107 wspomnienia! Kontakt Wynajem nocleg\u00f3w w Murter Wypo\u017cyczenie kajak\u00f3w i [&hellip;]<\/p>\n","protected":false},"author":1,"featured_media":0,"parent":0,"menu_order":0,"comment_status":"closed","ping_status":"closed","template":"","meta":{"_acf_changed":false,"footnotes":""},"class_list":["post-50474","page","type-page","status-publish","hentry"],"acf":[],"_links":{"self":[{"href":"https:\/\/murter-online.com\/pl\/wp-json\/wp\/v2\/pages\/50474","targetHints":{"allow":["GET"]}}],"collection":[{"href":"https:\/\/murter-online.com\/pl\/wp-json\/wp\/v2\/pages"}],"about":[{"href":"https:\/\/murter-online.com\/pl\/wp-json\/wp\/v2\/types\/page"}],"author":[{"embeddable":true,"href":"https:\/\/murter-online.com\/pl\/wp-json\/wp\/v2\/users\/1"}],"replies":[{"embeddable":true,"href":"https:\/\/murter-online.com\/pl\/wp-json\/wp\/v2\/comments?post=50474"}],"version-history":[{"count":4,"href":"https:\/\/murter-online.com\/pl\/wp-json\/wp\/v2\/pages\/50474\/revisions"}],"predecessor-version":[{"id":50478,"href":"https:\/\/murter-online.com\/pl\/wp-json\/wp\/v2\/pages\/50474\/revisions\/50478"}],"wp:attachment":[{"href":"https:\/\/murter-online.com\/pl\/wp-json\/wp\/v2\/media?parent=50474"}],"curies":[{"name":"wp","href":"https:\/\/api.w.org\/{rel}","templated":true}]}}