{"id":50509,"date":"2024-12-17T11:48:19","date_gmt":"2024-12-17T11:48:19","guid":{"rendered":"https:\/\/murter.riot.hr\/?page_id=50509"},"modified":"2025-01-16T09:18:06","modified_gmt":"2025-01-16T09:18:06","slug":"cookie-policy","status":"publish","type":"page","link":"https:\/\/murter-online.com\/pl\/cookie-policy\/","title":{"rendered":"Cookie policy"},"content":{"rendered":"\t\t<div data-elementor-type=\"wp-page\" data-elementor-id=\"50509\" class=\"elementor elementor-50509 elementor-10230\" data-elementor-settings=\"{&quot;element_pack_global_tooltip_width&quot;:{&quot;unit&quot;:&quot;px&quot;,&quot;size&quot;:&quot;&quot;,&quot;sizes&quot;:[]},&quot;element_pack_global_tooltip_width_tablet&quot;:{&quot;unit&quot;:&quot;px&quot;,&quot;size&quot;:&quot;&quot;,&quot;sizes&quot;:[]},&quot;element_pack_global_tooltip_width_mobile&quot;:{&quot;unit&quot;:&quot;px&quot;,&quot;size&quot;:&quot;&quot;,&quot;sizes&quot;:[]},&quot;element_pack_global_tooltip_padding&quot;:{&quot;unit&quot;:&quot;px&quot;,&quot;top&quot;:&quot;&quot;,&quot;right&quot;:&quot;&quot;,&quot;bottom&quot;:&quot;&quot;,&quot;left&quot;:&quot;&quot;,&quot;isLinked&quot;:true},&quot;element_pack_global_tooltip_padding_tablet&quot;:{&quot;unit&quot;:&quot;px&quot;,&quot;top&quot;:&quot;&quot;,&quot;right&quot;:&quot;&quot;,&quot;bottom&quot;:&quot;&quot;,&quot;left&quot;:&quot;&quot;,&quot;isLinked&quot;:true},&quot;element_pack_global_tooltip_padding_mobile&quot;:{&quot;unit&quot;:&quot;px&quot;,&quot;top&quot;:&quot;&quot;,&quot;right&quot;:&quot;&quot;,&quot;bottom&quot;:&quot;&quot;,&quot;left&quot;:&quot;&quot;,&quot;isLinked&quot;:true},&quot;element_pack_global_tooltip_border_radius&quot;:{&quot;unit&quot;:&quot;px&quot;,&quot;top&quot;:&quot;&quot;,&quot;right&quot;:&quot;&quot;,&quot;bottom&quot;:&quot;&quot;,&quot;left&quot;:&quot;&quot;,&quot;isLinked&quot;:true},&quot;element_pack_global_tooltip_border_radius_tablet&quot;:{&quot;unit&quot;:&quot;px&quot;,&quot;top&quot;:&quot;&quot;,&quot;right&quot;:&quot;&quot;,&quot;bottom&quot;:&quot;&quot;,&quot;left&quot;:&quot;&quot;,&quot;isLinked&quot;:true},&quot;element_pack_global_tooltip_border_radius_mobile&quot;:{&quot;unit&quot;:&quot;px&quot;,&quot;top&quot;:&quot;&quot;,&quot;right&quot;:&quot;&quot;,&quot;bottom&quot;:&quot;&quot;,&quot;left&quot;:&quot;&quot;,&quot;isLinked&quot;:true}}\">\n\t\t\t\t<div class=\"elementor-element elementor-element-fb8db69 e-flex e-con-boxed e-con e-parent\" data-id=\"fb8db69\" data-element_type=\"container\" data-e-type=\"container\" data-settings=\"{&quot;background_background&quot;:&quot;classic&quot;}\">\n\t\t\t\t\t<div class=\"e-con-inner\">\n\t\t\t\t<div class=\"elementor-element elementor-element-b1ac581 elementor-widget elementor-widget-heading\" data-id=\"b1ac581\" data-element_type=\"widget\" data-e-type=\"widget\" data-widget_type=\"heading.default\">\n\t\t\t\t<div class=\"elementor-widget-container\">\n\t\t\t\t\t<h1 class=\"elementor-heading-title elementor-size-default\">Polityka prywatno\u015bci<\/h1>\t\t\t\t<\/div>\n\t\t\t\t<\/div>\n\t\t\t\t\t<\/div>\n\t\t\t\t<\/div>\n\t\t<div class=\"elementor-element elementor-element-7fdac07 e-flex e-con-boxed e-con e-parent\" data-id=\"7fdac07\" data-element_type=\"container\" data-e-type=\"container\">\n\t\t\t\t\t<div class=\"e-con-inner\">\n\t\t\t\t<div class=\"elementor-element elementor-element-8f5f7c0 elementor-widget elementor-widget-text-editor\" data-id=\"8f5f7c0\" data-element_type=\"widget\" data-e-type=\"widget\" data-widget_type=\"text-editor.default\">\n\t\t\t\t<div class=\"elementor-widget-container\">\n\t\t\t\t\t\t\t\t\t<p>Aby zapewni\u0107 prawid\u0142owe dzia\u0142anie tej witryny, czasami przechowujemy na Twoich urz\u0105dzeniach ma\u0142e pliki danych, znane jako pliki cookie.<\/p><p><strong>Jak u\u017cywamy plik\u00f3w cookie?<\/strong><br \/>Na niekt\u00f3rych naszych stronach u\u017cywamy plik\u00f3w cookie, kt\u00f3re nie s\u0105 absolutnie niezb\u0119dne do dzia\u0142ania witryny, ale pozwol\u0105 Ci wygodniej przegl\u0105da\u0107. Mo\u017cesz usun\u0105\u0107 lub zablokowa\u0107 te pliki cookie, ale je\u015bli to zrobisz, niekt\u00f3re funkcje witryny mog\u0105 nie dzia\u0142a\u0107 zgodnie z przeznaczeniem. Pliki cookie s\u0105 u\u017cywane do przechowywania nast\u0119puj\u0105cych informacji:<br \/>\u2022 preferowane ustawienia wy\u015bwietlania, takie jak j\u0119zyk przegl\u0105darki, kontrast kolor\u00f3w, rozmiar czcionki, u\u017cywane urz\u0105dzenie, preferowane ustawienia wy\u015bwietlania wynik\u00f3w wyszukiwania i powiadomie\u0144;<br \/>\u2022 czy wyrazi\u0142e\u015b zgod\u0119 na u\u017cywanie przez nas plik\u00f3w cookie na tej stronie;<\/p><p><strong>Informacje osobiste<\/strong><\/p><p>Informacje zwi\u0105zane z plikami cookie nie s\u0105 u\u017cywane do Twojej identyfikacji, a informacje o Twoich nawykach przegl\u0105dania s\u0105 wy\u0142\u0105cznie pod nasz\u0105 kontrol\u0105. Nie u\u017cywamy plik\u00f3w cookie do \u017cadnych innych cel\u00f3w ni\u017c opisane tutaj.<\/p><p><strong>Pliki cookie stron trzecich<\/strong><\/p><p>Czasami u\u017cywamy r\u00f3wnie\u017c us\u0142ug zewn\u0119trznych do cel\u00f3w statystycznych, aby \u015bledzi\u0107 korzystanie z witryny, takich jak Google Analytics. W takim przypadku Google wy\u015ble \u200b\u200bna Tw\u00f3j komputer w\u0142asne pliki cookie \u2013 tak zwane pliki cookie stron trzecich. To samo dzieje si\u0119, gdy korzystamy z map w Mapach Google. Mo\u017cesz odrzuci\u0107 pliki cookie stron trzecich podczas pierwszej wizyty na stronie, aby skrypty stron trzecich nie zosta\u0142y za\u0142adowane.<\/p><p><strong>Jak kontrolowane s\u0105 pliki cookie?<\/strong><\/p><p>Mo\u017cesz kontrolowa\u0107 i\/lub usuwa\u0107 pliki cookie wed\u0142ug w\u0142asnego uznania. Mo\u017cesz usun\u0105\u0107 wszystkie pliki cookie, kt\u00f3re s\u0105 ju\u017c zapisane na Twoim urz\u0105dzeniu, a ustawienia wi\u0119kszo\u015bci przegl\u0105darek pozwalaj\u0105 zablokowa\u0107 przechowywanie plik\u00f3w cookie. Je\u015bli zablokujesz pliki cookie, by\u0107 mo\u017ce b\u0119dziesz musia\u0142 r\u0119cznie dostosowa\u0107 niekt\u00f3re z \u017c\u0105danych ustawie\u0144 za ka\u017cdym razem, gdy odwiedzasz stron\u0119 internetow\u0105, a niekt\u00f3re us\u0142ugi i funkcje mog\u0105 by\u0107 niedost\u0119pne. Je\u015bli nie chcesz otrzymywa\u0107 plik\u00f3w cookie na swoim komputerze, mo\u017cesz ustawi\u0107 przegl\u0105dark\u0119 tak, aby powiadamia\u0142a Ci\u0119 o ich wykryciu lub mo\u017cesz automatycznie odrzuci\u0107 je wszystkie. Mo\u017cesz r\u00f3wnie\u017c usun\u0105\u0107 wszystkie pliki cookie, kt\u00f3re ju\u017c otrzyma\u0142e\u015b. Je\u015bli chcesz ograniczy\u0107 lub zablokowa\u0107 pliki cookie, kt\u00f3re s\u0105 ju\u017c zainstalowane na Twoim urz\u0105dzeniu, mo\u017cesz to zrobi\u0107 za pomoc\u0105 ustawie\u0144 przegl\u0105darki.<\/p><p>Dowiedz si\u0119, jak to zrobi\u0107 na stronie www.aboutcookies.org, gdzie znajdziesz szczeg\u00f3\u0142owe instrukcje dla r\u00f3\u017cnych przegl\u0105darek.<\/p>\t\t\t\t\t\t\t\t<\/div>\n\t\t\t\t<\/div>\n\t\t\t\t\t<\/div>\n\t\t\t\t<\/div>\n\t\t\t\t<\/div>\n\t\t","protected":false},"excerpt":{"rendered":"<p>Polityka prywatno\u015bci Aby zapewni\u0107 prawid\u0142owe dzia\u0142anie tej witryny, czasami przechowujemy na Twoich urz\u0105dzeniach ma\u0142e pliki danych, znane jako pliki cookie. Jak u\u017cywamy plik\u00f3w cookie?Na niekt\u00f3rych naszych stronach u\u017cywamy plik\u00f3w cookie, kt\u00f3re nie s\u0105 absolutnie niezb\u0119dne do dzia\u0142ania witryny, ale pozwol\u0105 Ci wygodniej przegl\u0105da\u0107. Mo\u017cesz usun\u0105\u0107 lub zablokowa\u0107 te pliki cookie, ale je\u015bli to zrobisz, niekt\u00f3re [&hellip;]<\/p>\n","protected":false},"author":1,"featured_media":0,"parent":0,"menu_order":0,"comment_status":"closed","ping_status":"closed","template":"","meta":{"_acf_changed":false,"footnotes":""},"class_list":["post-50509","page","type-page","status-publish","hentry"],"acf":[],"_links":{"self":[{"href":"https:\/\/murter-online.com\/pl\/wp-json\/wp\/v2\/pages\/50509","targetHints":{"allow":["GET"]}}],"collection":[{"href":"https:\/\/murter-online.com\/pl\/wp-json\/wp\/v2\/pages"}],"about":[{"href":"https:\/\/murter-online.com\/pl\/wp-json\/wp\/v2\/types\/page"}],"author":[{"embeddable":true,"href":"https:\/\/murter-online.com\/pl\/wp-json\/wp\/v2\/users\/1"}],"replies":[{"embeddable":true,"href":"https:\/\/murter-online.com\/pl\/wp-json\/wp\/v2\/comments?post=50509"}],"version-history":[{"count":4,"href":"https:\/\/murter-online.com\/pl\/wp-json\/wp\/v2\/pages\/50509\/revisions"}],"predecessor-version":[{"id":50513,"href":"https:\/\/murter-online.com\/pl\/wp-json\/wp\/v2\/pages\/50509\/revisions\/50513"}],"wp:attachment":[{"href":"https:\/\/murter-online.com\/pl\/wp-json\/wp\/v2\/media?parent=50509"}],"curies":[{"name":"wp","href":"https:\/\/api.w.org\/{rel}","templated":true}]}}