{"id":50318,"date":"2025-01-09T16:33:42","date_gmt":"2025-01-09T16:33:42","guid":{"rendered":"https:\/\/murter.riot.hr\/?post_type=product&#038;p=50318"},"modified":"2025-04-19T08:21:24","modified_gmt":"2025-04-19T07:21:24","slug":"apartman-plaza-zutske-luke-a4-id-114","status":"publish","type":"product","link":"https:\/\/murter-online.com\/pl\/produkt\/apartman-plaza-zutske-luke-a4-id-114\/","title":{"rendered":"Apartament z widokiem na morze \u017dutska Luke Beach Murter A4 ID 114"},"content":{"rendered":"","protected":false},"excerpt":{"rendered":"<p>Apartament z pi\u0119knym widokiem na morze znajduje si\u0119 tylko w doskona\u0142ej lokalizacji 250 m. od morza. Apartament wyposa\u017cony jest w tv, bezp\u0142atny klimatyzacja, piekarnik. Apartament posiada \u0142azienk\u0119 z prysznicem. Jest pok\u00f3j dzienny. Powierzchnia mieszkalna ma 50 m2. a balkon \/ taras ma 8 m2. W apartamencie mo\u017ce spa\u0107 4 os\u00f3b na g\u0142\u00f3wnych \u0142\u00f3\u017ckach Apartament znajduje si\u0119 na pierwszym pi\u0119trze. Zwierz\u0119ta domowe &#8211; zgodnie z ustaleniami. apartament ma sw\u00f3j w\u0142asny bezp\u0142atny parking. Jest otwarty grill.<\/p>\n","protected":false},"featured_media":39997,"template":"","meta":{"_acf_changed":false},"product_brand":[],"product_cat":[153,131,151],"product_tag":[],"class_list":{"0":"post-50318","1":"product","2":"type-product","3":"status-publish","4":"has-post-thumbnail","6":"product_cat-apartamenty-dla-rodzin","7":"product_cat-apartamenty","8":"product_cat-apartamenty-z-widokiem-na-morze","10":"first","11":"instock","12":"sold-individually","13":"shipping-taxable","14":"purchasable","15":"product-type-phive_booking"},"acf":[],"_links":{"self":[{"href":"https:\/\/murter-online.com\/pl\/wp-json\/wp\/v2\/product\/50318","targetHints":{"allow":["GET"]}}],"collection":[{"href":"https:\/\/murter-online.com\/pl\/wp-json\/wp\/v2\/product"}],"about":[{"href":"https:\/\/murter-online.com\/pl\/wp-json\/wp\/v2\/types\/product"}],"wp:featuredmedia":[{"embeddable":true,"href":"https:\/\/murter-online.com\/pl\/wp-json\/wp\/v2\/media\/39997"}],"wp:attachment":[{"href":"https:\/\/murter-online.com\/pl\/wp-json\/wp\/v2\/media?parent=50318"}],"wp:term":[{"taxonomy":"product_brand","embeddable":true,"href":"https:\/\/murter-online.com\/pl\/wp-json\/wp\/v2\/product_brand?post=50318"},{"taxonomy":"product_cat","embeddable":true,"href":"https:\/\/murter-online.com\/pl\/wp-json\/wp\/v2\/product_cat?post=50318"},{"taxonomy":"product_tag","embeddable":true,"href":"https:\/\/murter-online.com\/pl\/wp-json\/wp\/v2\/product_tag?post=50318"}],"curies":[{"name":"wp","href":"https:\/\/api.w.org\/{rel}","templated":true}]}}