{"id":51804,"date":"2024-12-17T14:14:52","date_gmt":"2024-12-17T14:14:52","guid":{"rendered":"https:\/\/murter.riot.hr\/?post_type=product&#038;p=51804"},"modified":"2025-04-25T20:35:07","modified_gmt":"2025-04-25T19:35:07","slug":"apartament-green-garden-murter-a2-id-101","status":"publish","type":"product","link":"https:\/\/murter-online.com\/pl\/produkt\/apartament-green-garden-murter-a2-id-101\/","title":{"rendered":"Apartament wakacyjny dla 2 os\u00f3b Green Garden Murter A2 ID 101"},"content":{"rendered":"","protected":false},"excerpt":{"rendered":"<p>Apartament Happy Place II A2 + 1 ID 101 znajduje si\u0119 w \u015bwietnej lokalizacji, zaledwie 5 minut spacerkiem od centrum. Odleg\u0142o\u015b\u0107 od najbli\u017cszej pla\u017cy wynosi oko\u0142o 300 m. Mieszkanie sk\u0142ada si\u0119 z jednej sypialni z podw\u00f3jnym \u0142\u00f3\u017ckiem i dostawk\u0105 dla drugiej osoby. Cena obejmuje sprz\u0105tanie, r\u0119czniki i po\u015bciel.<\/p>\n","protected":false},"featured_media":19108,"template":"","meta":{"_acf_changed":false},"product_brand":[],"product_cat":[153,131],"product_tag":[],"class_list":{"0":"post-51804","1":"product","2":"type-product","3":"status-publish","4":"has-post-thumbnail","6":"product_cat-apartamenty-dla-rodzin","7":"product_cat-apartamenty","9":"first","10":"instock","11":"sold-individually","12":"shipping-taxable","13":"purchasable","14":"product-type-phive_booking"},"acf":[],"_links":{"self":[{"href":"https:\/\/murter-online.com\/pl\/wp-json\/wp\/v2\/product\/51804","targetHints":{"allow":["GET"]}}],"collection":[{"href":"https:\/\/murter-online.com\/pl\/wp-json\/wp\/v2\/product"}],"about":[{"href":"https:\/\/murter-online.com\/pl\/wp-json\/wp\/v2\/types\/product"}],"wp:featuredmedia":[{"embeddable":true,"href":"https:\/\/murter-online.com\/pl\/wp-json\/wp\/v2\/media\/19108"}],"wp:attachment":[{"href":"https:\/\/murter-online.com\/pl\/wp-json\/wp\/v2\/media?parent=51804"}],"wp:term":[{"taxonomy":"product_brand","embeddable":true,"href":"https:\/\/murter-online.com\/pl\/wp-json\/wp\/v2\/product_brand?post=51804"},{"taxonomy":"product_cat","embeddable":true,"href":"https:\/\/murter-online.com\/pl\/wp-json\/wp\/v2\/product_cat?post=51804"},{"taxonomy":"product_tag","embeddable":true,"href":"https:\/\/murter-online.com\/pl\/wp-json\/wp\/v2\/product_tag?post=51804"}],"curies":[{"name":"wp","href":"https:\/\/api.w.org\/{rel}","templated":true}]}}