{"id":51808,"date":"2024-12-17T15:02:03","date_gmt":"2024-12-17T15:02:03","guid":{"rendered":"https:\/\/murter.riot.hr\/?post_type=product&#038;p=51808"},"modified":"2025-04-12T07:21:23","modified_gmt":"2025-04-12T06:21:23","slug":"zakwaterowanie-w-apartamencie-w-murter-4-a2-2-id-233","status":"publish","type":"product","link":"https:\/\/murter-online.com\/pl\/produkt\/zakwaterowanie-w-apartamencie-w-murter-4-a2-2-id-233\/","title":{"rendered":"Apartament wakacyjny dla 4 os\u00f3b w Murter 4 A2 + 2 ID 233"},"content":{"rendered":"","protected":false},"excerpt":{"rendered":"<p>Apartament dla czterech os\u00f3b znajduje si\u0119 na pierwszym pi\u0119trze i sk\u0142ada si\u0119 z sypialni (\u0142\u00f3\u017cko ma\u0142\u017ce\u0144skie) i salonu z dwoma \u0142\u00f3\u017ckami (200&#215;90), kuchni, \u0142azienki i du\u017cego tarasu (18m2) z widokiem na morze. Mieszkanie jest wyposa\u017cone w TV i klimatyzacj\u0119, wi-fi, mikrofal\u00f3wk\u0119 i lod\u00f3wk\u0119 z zamra\u017cark\u0105. Przed apartamentem mamy grill na \u015bwie\u017cym powietrzu, z kt\u00f3rego go\u015bcie mog\u0105 korzysta\u0107 w dowolnym momencie. Apartament znajduje si\u0119 w pobli\u017cu lokalnej pla\u017cy Luke i piaszczystej pla\u017cy Podvr\u0161ke. Parking jest zapewniony i znajduje si\u0119 na podw\u00f3rku.<\/p>\n","protected":false},"featured_media":19172,"template":"","meta":{"_acf_changed":false},"product_brand":[],"product_cat":[151],"product_tag":[],"class_list":{"0":"post-51808","1":"product","2":"type-product","3":"status-publish","4":"has-post-thumbnail","6":"product_cat-apartamenty-z-widokiem-na-morze","8":"first","9":"instock","10":"sold-individually","11":"shipping-taxable","12":"purchasable","13":"product-type-phive_booking"},"acf":[],"_links":{"self":[{"href":"https:\/\/murter-online.com\/pl\/wp-json\/wp\/v2\/product\/51808","targetHints":{"allow":["GET"]}}],"collection":[{"href":"https:\/\/murter-online.com\/pl\/wp-json\/wp\/v2\/product"}],"about":[{"href":"https:\/\/murter-online.com\/pl\/wp-json\/wp\/v2\/types\/product"}],"wp:featuredmedia":[{"embeddable":true,"href":"https:\/\/murter-online.com\/pl\/wp-json\/wp\/v2\/media\/19172"}],"wp:attachment":[{"href":"https:\/\/murter-online.com\/pl\/wp-json\/wp\/v2\/media?parent=51808"}],"wp:term":[{"taxonomy":"product_brand","embeddable":true,"href":"https:\/\/murter-online.com\/pl\/wp-json\/wp\/v2\/product_brand?post=51808"},{"taxonomy":"product_cat","embeddable":true,"href":"https:\/\/murter-online.com\/pl\/wp-json\/wp\/v2\/product_cat?post=51808"},{"taxonomy":"product_tag","embeddable":true,"href":"https:\/\/murter-online.com\/pl\/wp-json\/wp\/v2\/product_tag?post=51808"}],"curies":[{"name":"wp","href":"https:\/\/api.w.org\/{rel}","templated":true}]}}