{"id":51821,"date":"2024-12-19T07:51:48","date_gmt":"2024-12-19T07:51:48","guid":{"rendered":"https:\/\/murter.riot.hr\/?post_type=product&#038;p=51821"},"modified":"2025-04-12T07:30:29","modified_gmt":"2025-04-12T06:30:29","slug":"dom-adelaide-apartment-podraduc-murter-a22-id-14","status":"publish","type":"product","link":"https:\/\/murter-online.com\/pl\/produkt\/dom-adelaide-apartment-podraduc-murter-a22-id-14\/","title":{"rendered":"Apartament wakacyjny nad morzem Adelaide Apartment Podradu\u010d Murter A2+2 ID 14"},"content":{"rendered":"","protected":false},"excerpt":{"rendered":"<p>Apartament z pi\u0119knym widokiem na morze znajduje si\u0119 w doskona\u0142ej lokalizacji, zaledwie 30 m. daleko od morza. Apartament wyposa\u017cony jest w telewizor, klimatyzacj\u0119, odbiornik satelitarny. W apartamencie znajduje si\u0119 \u0142azienka z prysznicem. Jest salon, w kt\u00f3rym mo\u017cna spa\u0107. Powierzchnia mieszkalna wynosi 40 m2. a balkon \/ taras ma powierzchni\u0119 8 m2. W apartamencie mog\u0105 spa\u0107 3 osoby na g\u0142\u00f3wnych \u0142\u00f3\u017ckach i 1 osoba na rozk\u0142adanej sofie w salonie. Mieszkanie znajduje si\u0119 na pierwszym pi\u0119trze. Zwierz\u0119ta &#8211; niedozwolone. Mieszkanie ma w\u0142asny bezp\u0142atny parking. Jest otwarty grill. Mieszkanie ma 2000 m. daleko od centrum i oko\u0142o 50 m. daleko od morza lub pierwszej pla\u017cy w Murter.<\/p>\n","protected":false},"featured_media":19236,"template":"","meta":{"_acf_changed":false},"product_brand":[],"product_cat":[153,131,151],"product_tag":[],"class_list":{"0":"post-51821","1":"product","2":"type-product","3":"status-publish","4":"has-post-thumbnail","6":"product_cat-apartamenty-dla-rodzin","7":"product_cat-apartamenty","8":"product_cat-apartamenty-z-widokiem-na-morze","10":"first","11":"instock","12":"sold-individually","13":"shipping-taxable","14":"purchasable","15":"product-type-phive_booking"},"acf":[],"_links":{"self":[{"href":"https:\/\/murter-online.com\/pl\/wp-json\/wp\/v2\/product\/51821","targetHints":{"allow":["GET"]}}],"collection":[{"href":"https:\/\/murter-online.com\/pl\/wp-json\/wp\/v2\/product"}],"about":[{"href":"https:\/\/murter-online.com\/pl\/wp-json\/wp\/v2\/types\/product"}],"wp:featuredmedia":[{"embeddable":true,"href":"https:\/\/murter-online.com\/pl\/wp-json\/wp\/v2\/media\/19236"}],"wp:attachment":[{"href":"https:\/\/murter-online.com\/pl\/wp-json\/wp\/v2\/media?parent=51821"}],"wp:term":[{"taxonomy":"product_brand","embeddable":true,"href":"https:\/\/murter-online.com\/pl\/wp-json\/wp\/v2\/product_brand?post=51821"},{"taxonomy":"product_cat","embeddable":true,"href":"https:\/\/murter-online.com\/pl\/wp-json\/wp\/v2\/product_cat?post=51821"},{"taxonomy":"product_tag","embeddable":true,"href":"https:\/\/murter-online.com\/pl\/wp-json\/wp\/v2\/product_tag?post=51821"}],"curies":[{"name":"wp","href":"https:\/\/api.w.org\/{rel}","templated":true}]}}