{"id":51832,"date":"2024-12-19T14:05:10","date_gmt":"2024-12-19T14:05:10","guid":{"rendered":"https:\/\/murter.riot.hr\/?post_type=product&#038;p=51832"},"modified":"2025-03-28T20:41:05","modified_gmt":"2025-03-28T19:41:05","slug":"apartment-andrea-jezera-beach-house-a21-id21","status":"publish","type":"product","link":"https:\/\/murter-online.com\/pl\/produkt\/apartment-andrea-jezera-beach-house-a21-id21\/","title":{"rendered":"Mobilny dom na pla\u017cy Murter Jezera A2+1 ID21"},"content":{"rendered":"","protected":false},"excerpt":{"rendered":"<p>Apartament znajduje si\u0119 70 m od pla\u017cy, w cichym miejscu -Kuchnia jest w pe\u0142ni wyposa\u017cona -Po\u015bciel, r\u0119czniki i sprz\u0105tanie ko\u0144cowe s\u0105 wliczone w cen\u0119 &#8211; Plac zabaw dla dzieci znajduje si\u0119 w pobli\u017cu mieszkania<\/p>\n","protected":false},"featured_media":19340,"template":"","meta":{"_acf_changed":false},"product_brand":[],"product_cat":[153,151,159],"product_tag":[],"class_list":{"0":"post-51832","1":"product","2":"type-product","3":"status-publish","4":"has-post-thumbnail","6":"product_cat-apartamenty-dla-rodzin","7":"product_cat-apartamenty-z-widokiem-na-morze","8":"product_cat-mobilny-dom","10":"first","11":"instock","12":"sold-individually","13":"shipping-taxable","14":"purchasable","15":"product-type-phive_booking"},"acf":[],"_links":{"self":[{"href":"https:\/\/murter-online.com\/pl\/wp-json\/wp\/v2\/product\/51832","targetHints":{"allow":["GET"]}}],"collection":[{"href":"https:\/\/murter-online.com\/pl\/wp-json\/wp\/v2\/product"}],"about":[{"href":"https:\/\/murter-online.com\/pl\/wp-json\/wp\/v2\/types\/product"}],"wp:featuredmedia":[{"embeddable":true,"href":"https:\/\/murter-online.com\/pl\/wp-json\/wp\/v2\/media\/19340"}],"wp:attachment":[{"href":"https:\/\/murter-online.com\/pl\/wp-json\/wp\/v2\/media?parent=51832"}],"wp:term":[{"taxonomy":"product_brand","embeddable":true,"href":"https:\/\/murter-online.com\/pl\/wp-json\/wp\/v2\/product_brand?post=51832"},{"taxonomy":"product_cat","embeddable":true,"href":"https:\/\/murter-online.com\/pl\/wp-json\/wp\/v2\/product_cat?post=51832"},{"taxonomy":"product_tag","embeddable":true,"href":"https:\/\/murter-online.com\/pl\/wp-json\/wp\/v2\/product_tag?post=51832"}],"curies":[{"name":"wp","href":"https:\/\/api.w.org\/{rel}","templated":true}]}}