{"id":51836,"date":"2024-12-20T09:04:53","date_gmt":"2024-12-20T09:04:53","guid":{"rendered":"https:\/\/murter.riot.hr\/?post_type=product&#038;p=51836"},"modified":"2025-04-25T10:42:34","modified_gmt":"2025-04-25T09:42:34","slug":"apartament-marina-murter-a2-id-125","status":"publish","type":"product","link":"https:\/\/murter-online.com\/pl\/produkt\/apartament-marina-murter-a2-id-125\/","title":{"rendered":"Apartament dla 2 os\u00f3b Marina Murter A2 ID 125"},"content":{"rendered":"","protected":false},"excerpt":{"rendered":"<p>Mieszkanie jest w pe\u0142ni wyposa\u017cone, 250 metr\u00f3w od pierwszej pla\u017cy. Mieszkanie ma powierzchni\u0119 37 m2. Posiada jedn\u0105 sypialni\u0119, w kt\u00f3rej mog\u0105 spa\u0107 2 osoby doros\u0142e. Do dyspozycji Go\u015bci jest \u0142azienka z prysznicem. Powierzchnia balkonu \/ tarasu 10 m2. Mieszkanie znajduje si\u0119 na parterze. Mieszkanie jest wyposa\u017cone w TV, klimatyzacj\u0119, piekarnik, kuchenk\u0119 mikrofalow\u0105, ekspres do kawy, Wi-fi. Parking jest bezp\u0142atny. Zwierz\u0119ta s\u0105 akceptowane za dodatkow\u0105 op\u0142at\u0105.<\/p>\n","protected":false},"featured_media":19396,"template":"","meta":{"_acf_changed":false},"product_brand":[],"product_cat":[153,131],"product_tag":[],"class_list":{"0":"post-51836","1":"product","2":"type-product","3":"status-publish","4":"has-post-thumbnail","6":"product_cat-apartamenty-dla-rodzin","7":"product_cat-apartamenty","9":"first","10":"instock","11":"sold-individually","12":"shipping-taxable","13":"purchasable","14":"product-type-phive_booking"},"acf":[],"_links":{"self":[{"href":"https:\/\/murter-online.com\/pl\/wp-json\/wp\/v2\/product\/51836","targetHints":{"allow":["GET"]}}],"collection":[{"href":"https:\/\/murter-online.com\/pl\/wp-json\/wp\/v2\/product"}],"about":[{"href":"https:\/\/murter-online.com\/pl\/wp-json\/wp\/v2\/types\/product"}],"wp:featuredmedia":[{"embeddable":true,"href":"https:\/\/murter-online.com\/pl\/wp-json\/wp\/v2\/media\/19396"}],"wp:attachment":[{"href":"https:\/\/murter-online.com\/pl\/wp-json\/wp\/v2\/media?parent=51836"}],"wp:term":[{"taxonomy":"product_brand","embeddable":true,"href":"https:\/\/murter-online.com\/pl\/wp-json\/wp\/v2\/product_brand?post=51836"},{"taxonomy":"product_cat","embeddable":true,"href":"https:\/\/murter-online.com\/pl\/wp-json\/wp\/v2\/product_cat?post=51836"},{"taxonomy":"product_tag","embeddable":true,"href":"https:\/\/murter-online.com\/pl\/wp-json\/wp\/v2\/product_tag?post=51836"}],"curies":[{"name":"wp","href":"https:\/\/api.w.org\/{rel}","templated":true}]}}